{"id":55376,"date":"2019-04-09T23:58:38","date_gmt":"2019-04-09T21:58:38","guid":{"rendered":"https:\/\/octaedro.com\/libro\/juegos-dramaticos-para-nuestra-clase-de-ele\/"},"modified":"2023-02-22T13:39:57","modified_gmt":"2023-02-22T12:39:57","slug":"juegos-dramaticos-para-nuestra-clase-de-ele-2","status":"publish","type":"product","link":"https:\/\/wizardly-davinci.82-223-8-23.plesk.page\/en\/producto\/juegos-dramaticos-para-nuestra-clase-de-ele-2\/","title":{"rendered":"Juegos dram\u00e1ticos para nuestra clase de ELE"},"content":{"rendered":"<p>Este trabajo surgi\u00f3 con la idea de aportar a las clases de ELE una herramienta din\u00e1mica e innovadora de aprendizaje, como es el uso del juego dram\u00e1tico. En este libro pod\u00e9is encontrar diferentes propuestas de juego aplicadas a la ense\u00f1anza del espa\u00f1ol como lengua extranjera, as\u00ed como el material necesario para su preparaci\u00f3n y desarrollo.<br \/>\nLa pr\u00e1ctica de un nuevo idioma por medio del teatro nos ofrece una posibilidad did\u00e1ctica muy atractiva, y no solo para los m\u00e1s j\u00f3venes. En el juego encontramos un uso particular de la lengua, que es el de la acci\u00f3n. Por tanto, la lengua aparece en su forma m\u00e1s activa y din\u00e1mica a trav\u00e9s de di\u00e1logos llenos de intenciones, subtextos, reacciones e interacciones\u2026 De esta manera, nos encontramos en plena ejercitaci\u00f3n de un lenguaje directo, din\u00e1mico y participativo, donde la improvisaci\u00f3n desempe\u00f1a un importante papel en la pr\u00e1ctica de la nueva lengua.<\/p>\n","protected":false},"excerpt":{"rendered":"<p>Este trabajo surgi\u00f3 con la idea de aportar a las clases de ELE una herramienta din\u00e1mica e innovadora de aprendizaje, como es el uso del juego dram\u00e1tico. En este libro pod\u00e9is encontrar diferentes propuestas de juego aplicadas a la ense\u00f1anza del espa\u00f1ol como lengua extranjera, as\u00ed como el material necesario para su preparaci\u00f3n y desarrollo.<br \/>\nLa pr\u00e1ctica de un nuevo idioma por medio del teatro nos ofrece una posibilidad did\u00e1ctica muy atractiva, y no solo para los m\u00e1s j\u00f3venes. En el juego encontramos un uso particular de la lengua, que es el de la acci\u00f3n. Por tanto, la lengua aparece en su forma m\u00e1s activa y din\u00e1mica a trav\u00e9s de di\u00e1logos llenos de intenciones, subtextos, reacciones e interacciones\u2026 De esta manera, nos encontramos en plena ejercitaci\u00f3n de un lenguaje directo, din\u00e1mico y participativo, donde la improvisaci\u00f3n desempe\u00f1a un importante papel en la pr\u00e1ctica de la nueva lengua.<\/p>\n","protected":false},"featured_media":55377,"comment_status":"open","ping_status":"closed","template":"","meta":{"_et_pb_use_builder":"","_et_pb_old_content":"","_et_gb_content_width":""},"product_cat":[11858],"product_tag":[11860],"edicion":[11865],"editoriales":[11867],"tienda":[],"autor_id":[20066,20038],"universidades_coeditoras":[],"palabras_clave":[],"listado_alfabetico":[],"acf":[],"_links":{"self":[{"href":"https:\/\/wizardly-davinci.82-223-8-23.plesk.page\/en\/wp-json\/wp\/v2\/product\/55376"}],"collection":[{"href":"https:\/\/wizardly-davinci.82-223-8-23.plesk.page\/en\/wp-json\/wp\/v2\/product"}],"about":[{"href":"https:\/\/wizardly-davinci.82-223-8-23.plesk.page\/en\/wp-json\/wp\/v2\/types\/product"}],"replies":[{"embeddable":true,"href":"https:\/\/wizardly-davinci.82-223-8-23.plesk.page\/en\/wp-json\/wp\/v2\/comments?post=55376"}],"wp:featuredmedia":[{"embeddable":true,"href":"https:\/\/wizardly-davinci.82-223-8-23.plesk.page\/en\/wp-json\/wp\/v2\/media\/55377"}],"wp:attachment":[{"href":"https:\/\/wizardly-davinci.82-223-8-23.plesk.page\/en\/wp-json\/wp\/v2\/media?parent=55376"}],"wp:term":[{"taxonomy":"product_cat","embeddable":true,"href":"https:\/\/wizardly-davinci.82-223-8-23.plesk.page\/en\/wp-json\/wp\/v2\/product_cat?post=55376"},{"taxonomy":"product_tag","embeddable":true,"href":"https:\/\/wizardly-davinci.82-223-8-23.plesk.page\/en\/wp-json\/wp\/v2\/product_tag?post=55376"},{"taxonomy":"edicion","embeddable":true,"href":"https:\/\/wizardly-davinci.82-223-8-23.plesk.page\/en\/wp-json\/wp\/v2\/edicion?post=55376"},{"taxonomy":"editoriales","embeddable":true,"href":"https:\/\/wizardly-davinci.82-223-8-23.plesk.page\/en\/wp-json\/wp\/v2\/editoriales?post=55376"},{"taxonomy":"tienda","embeddable":true,"href":"https:\/\/wizardly-davinci.82-223-8-23.plesk.page\/en\/wp-json\/wp\/v2\/tienda?post=55376"},{"taxonomy":"autor_id","embeddable":true,"href":"https:\/\/wizardly-davinci.82-223-8-23.plesk.page\/en\/wp-json\/wp\/v2\/autor_id?post=55376"},{"taxonomy":"universidades_coeditoras","embeddable":true,"href":"https:\/\/wizardly-davinci.82-223-8-23.plesk.page\/en\/wp-json\/wp\/v2\/universidades_coeditoras?post=55376"},{"taxonomy":"palabras_clave","embeddable":true,"href":"https:\/\/wizardly-davinci.82-223-8-23.plesk.page\/en\/wp-json\/wp\/v2\/palabras_clave?post=55376"},{"taxonomy":"listado_alfabetico","embeddable":true,"href":"https:\/\/wizardly-davinci.82-223-8-23.plesk.page\/en\/wp-json\/wp\/v2\/listado_alfabetico?post=55376"}],"curies":[{"name":"wp","href":"https:\/\/api.w.org\/{rel}","templated":true}]}}