{"id":55378,"date":"2019-04-09T23:58:38","date_gmt":"2019-04-09T21:58:38","guid":{"rendered":"https:\/\/octaedro.com\/libro\/del-aula-al-fogon\/"},"modified":"2023-02-22T13:39:57","modified_gmt":"2023-02-22T12:39:57","slug":"del-aula-al-fogon-2","status":"publish","type":"product","link":"https:\/\/wizardly-davinci.82-223-8-23.plesk.page\/en\/producto\/del-aula-al-fogon-2\/","title":{"rendered":"Del aula al fog\u00f3n"},"content":{"rendered":"<p><em>Del aula al fog\u00f3n<\/em> ofrece, a trav\u00e9s de algunas recetas representativas de la gastronom\u00eda espa\u00f1ola, un acercamiento cultural imprescindible a la hora de aprender una lengua. Dos entornos diferentes, el aula y la cocina, que se combinan perfectamente para cumplir con varios objetivos: aprender, interactuar, crear, cooperar y saborear. \u00a1A disfrutar, que la mesa est\u00e1 servida!<br \/>\n\u00a1Buen provecho!<\/p>\n","protected":false},"excerpt":{"rendered":"<p><em>Del aula al fog\u00f3n<\/em> ofrece, a trav\u00e9s de algunas recetas representativas de la gastronom\u00eda espa\u00f1ola, un acercamiento cultural imprescindible a la hora de aprender una lengua. Dos entornos diferentes, el aula y la cocina, que se combinan perfectamente para cumplir con varios objetivos: aprender, interactuar, crear, cooperar y saborear. \u00a1A disfrutar, que la mesa est\u00e1 servida!<br \/>\n\u00a1Buen provecho!<\/p>\n","protected":false},"featured_media":55380,"comment_status":"open","ping_status":"closed","template":"","meta":{"_et_pb_use_builder":"","_et_pb_old_content":"","_et_gb_content_width":""},"product_cat":[11899,11858,11913,11859],"product_tag":[11893],"edicion":[12178,11865],"editoriales":[11867],"tienda":[],"autor_id":[14045],"universidades_coeditoras":[],"palabras_clave":[],"listado_alfabetico":[],"acf":[],"_links":{"self":[{"href":"https:\/\/wizardly-davinci.82-223-8-23.plesk.page\/en\/wp-json\/wp\/v2\/product\/55378"}],"collection":[{"href":"https:\/\/wizardly-davinci.82-223-8-23.plesk.page\/en\/wp-json\/wp\/v2\/product"}],"about":[{"href":"https:\/\/wizardly-davinci.82-223-8-23.plesk.page\/en\/wp-json\/wp\/v2\/types\/product"}],"replies":[{"embeddable":true,"href":"https:\/\/wizardly-davinci.82-223-8-23.plesk.page\/en\/wp-json\/wp\/v2\/comments?post=55378"}],"wp:featuredmedia":[{"embeddable":true,"href":"https:\/\/wizardly-davinci.82-223-8-23.plesk.page\/en\/wp-json\/wp\/v2\/media\/55380"}],"wp:attachment":[{"href":"https:\/\/wizardly-davinci.82-223-8-23.plesk.page\/en\/wp-json\/wp\/v2\/media?parent=55378"}],"wp:term":[{"taxonomy":"product_cat","embeddable":true,"href":"https:\/\/wizardly-davinci.82-223-8-23.plesk.page\/en\/wp-json\/wp\/v2\/product_cat?post=55378"},{"taxonomy":"product_tag","embeddable":true,"href":"https:\/\/wizardly-davinci.82-223-8-23.plesk.page\/en\/wp-json\/wp\/v2\/product_tag?post=55378"},{"taxonomy":"edicion","embeddable":true,"href":"https:\/\/wizardly-davinci.82-223-8-23.plesk.page\/en\/wp-json\/wp\/v2\/edicion?post=55378"},{"taxonomy":"editoriales","embeddable":true,"href":"https:\/\/wizardly-davinci.82-223-8-23.plesk.page\/en\/wp-json\/wp\/v2\/editoriales?post=55378"},{"taxonomy":"tienda","embeddable":true,"href":"https:\/\/wizardly-davinci.82-223-8-23.plesk.page\/en\/wp-json\/wp\/v2\/tienda?post=55378"},{"taxonomy":"autor_id","embeddable":true,"href":"https:\/\/wizardly-davinci.82-223-8-23.plesk.page\/en\/wp-json\/wp\/v2\/autor_id?post=55378"},{"taxonomy":"universidades_coeditoras","embeddable":true,"href":"https:\/\/wizardly-davinci.82-223-8-23.plesk.page\/en\/wp-json\/wp\/v2\/universidades_coeditoras?post=55378"},{"taxonomy":"palabras_clave","embeddable":true,"href":"https:\/\/wizardly-davinci.82-223-8-23.plesk.page\/en\/wp-json\/wp\/v2\/palabras_clave?post=55378"},{"taxonomy":"listado_alfabetico","embeddable":true,"href":"https:\/\/wizardly-davinci.82-223-8-23.plesk.page\/en\/wp-json\/wp\/v2\/listado_alfabetico?post=55378"}],"curies":[{"name":"wp","href":"https:\/\/api.w.org\/{rel}","templated":true}]}}