{"id":55381,"date":"2019-04-09T23:58:37","date_gmt":"2019-04-09T21:58:37","guid":{"rendered":"https:\/\/octaedro.com\/libro\/la-preparacion-de-la-expresion-escrita-del-dele-a2\/"},"modified":"2023-02-22T13:39:57","modified_gmt":"2023-02-22T12:39:57","slug":"la-preparacion-de-la-expresion-escrita-del-dele-a2-2","status":"publish","type":"product","link":"https:\/\/wizardly-davinci.82-223-8-23.plesk.page\/en\/producto\/la-preparacion-de-la-expresion-escrita-del-dele-a2-2\/","title":{"rendered":"La preparaci\u00f3n de la expresi\u00f3n escrita del DELE A2"},"content":{"rendered":"<p>Manual dirigido al estudiante que se prepara para afrontar la prueba escrita de nivel A2 del Diploma de Espa\u00f1ol como Lengua Extranjera (DELE)y, en general, a todos aquellos estudiantes que quieren desarrollar, de manera aut\u00f3noma, las destrezas de expresi\u00f3n e interacci\u00f3n escrita.<br \/>\nA trav\u00e9s de numerosos modelos de correos electr\u00f3nicos de registro informal, repasa de manera clara y eficaz los contenidos gramaticales y l\u00e9xicos propios del nivel A2 del MCER y ayuda al estudiante a desarrollar sus propias producciones.<br \/>\nTambi\u00e9n puede ser utilizado por los profesores que prefieren trabajar la expresi\u00f3n escrita dentro del aula de ELE como una destreza inherente a la clase.<\/p>\n","protected":false},"excerpt":{"rendered":"<p>Manual dirigido al estudiante que se prepara para afrontar la prueba escrita de nivel A2 del Diploma de Espa\u00f1ol como Lengua Extranjera (DELE)y, en general, a todos aquellos estudiantes que quieren desarrollar, de manera aut\u00f3noma, las destrezas de expresi\u00f3n e interacci\u00f3n escrita.<br \/>\nA trav\u00e9s de numerosos modelos de correos electr\u00f3nicos de registro informal, repasa de manera clara y eficaz los contenidos gramaticales y l\u00e9xicos propios del nivel A2 del MCER y ayuda al estudiante a desarrollar sus propias producciones.<br \/>\nTambi\u00e9n puede ser utilizado por los profesores que prefieren trabajar la expresi\u00f3n escrita dentro del aula de ELE como una destreza inherente a la clase.<\/p>\n","protected":false},"featured_media":55382,"comment_status":"open","ping_status":"closed","template":"","meta":{"_et_pb_use_builder":"","_et_pb_old_content":"","_et_gb_content_width":""},"product_cat":[11858,11859,11919],"product_tag":[11860],"edicion":[11865],"editoriales":[11867],"tienda":[],"autor_id":[13854,20068],"universidades_coeditoras":[],"palabras_clave":[],"listado_alfabetico":[],"acf":[],"_links":{"self":[{"href":"https:\/\/wizardly-davinci.82-223-8-23.plesk.page\/en\/wp-json\/wp\/v2\/product\/55381"}],"collection":[{"href":"https:\/\/wizardly-davinci.82-223-8-23.plesk.page\/en\/wp-json\/wp\/v2\/product"}],"about":[{"href":"https:\/\/wizardly-davinci.82-223-8-23.plesk.page\/en\/wp-json\/wp\/v2\/types\/product"}],"replies":[{"embeddable":true,"href":"https:\/\/wizardly-davinci.82-223-8-23.plesk.page\/en\/wp-json\/wp\/v2\/comments?post=55381"}],"wp:featuredmedia":[{"embeddable":true,"href":"https:\/\/wizardly-davinci.82-223-8-23.plesk.page\/en\/wp-json\/wp\/v2\/media\/55382"}],"wp:attachment":[{"href":"https:\/\/wizardly-davinci.82-223-8-23.plesk.page\/en\/wp-json\/wp\/v2\/media?parent=55381"}],"wp:term":[{"taxonomy":"product_cat","embeddable":true,"href":"https:\/\/wizardly-davinci.82-223-8-23.plesk.page\/en\/wp-json\/wp\/v2\/product_cat?post=55381"},{"taxonomy":"product_tag","embeddable":true,"href":"https:\/\/wizardly-davinci.82-223-8-23.plesk.page\/en\/wp-json\/wp\/v2\/product_tag?post=55381"},{"taxonomy":"edicion","embeddable":true,"href":"https:\/\/wizardly-davinci.82-223-8-23.plesk.page\/en\/wp-json\/wp\/v2\/edicion?post=55381"},{"taxonomy":"editoriales","embeddable":true,"href":"https:\/\/wizardly-davinci.82-223-8-23.plesk.page\/en\/wp-json\/wp\/v2\/editoriales?post=55381"},{"taxonomy":"tienda","embeddable":true,"href":"https:\/\/wizardly-davinci.82-223-8-23.plesk.page\/en\/wp-json\/wp\/v2\/tienda?post=55381"},{"taxonomy":"autor_id","embeddable":true,"href":"https:\/\/wizardly-davinci.82-223-8-23.plesk.page\/en\/wp-json\/wp\/v2\/autor_id?post=55381"},{"taxonomy":"universidades_coeditoras","embeddable":true,"href":"https:\/\/wizardly-davinci.82-223-8-23.plesk.page\/en\/wp-json\/wp\/v2\/universidades_coeditoras?post=55381"},{"taxonomy":"palabras_clave","embeddable":true,"href":"https:\/\/wizardly-davinci.82-223-8-23.plesk.page\/en\/wp-json\/wp\/v2\/palabras_clave?post=55381"},{"taxonomy":"listado_alfabetico","embeddable":true,"href":"https:\/\/wizardly-davinci.82-223-8-23.plesk.page\/en\/wp-json\/wp\/v2\/listado_alfabetico?post=55381"}],"curies":[{"name":"wp","href":"https:\/\/api.w.org\/{rel}","templated":true}]}}