{"id":55383,"date":"2019-04-09T23:58:36","date_gmt":"2019-04-09T21:58:36","guid":{"rendered":"https:\/\/octaedro.com\/libro\/taller-de-teatro-y-danza\/"},"modified":"2023-02-22T13:40:02","modified_gmt":"2023-02-22T12:40:02","slug":"taller-de-teatro-y-danza-2","status":"publish","type":"product","link":"https:\/\/wizardly-davinci.82-223-8-23.plesk.page\/en\/producto\/taller-de-teatro-y-danza-2\/","title":{"rendered":"Taller de teatro y danza"},"content":{"rendered":"<p>Hacer teatro y danza proporciona a los j\u00f3venes una oportunidad para desarrollar la autoestima y vinculaciones emocionales y personales con el grupo de iguales, y les permite participar de experiencias de ficci\u00f3n, sin tener que vivirlas en sus consecuencias reales. Por otra parte, el teatro ofrece la oportunidad de desarrollar la identidad al explorar muchos \u00abposibles yoes\u00bb. Hacer teatro y danza son proyectos que responden a \u00ab\u00bfqu\u00e9 podemos hacer juntos?\u00bb, dan voz a los participantes y los convierten en protagonistas.<\/p>\n<p>Con una metodolog\u00eda activa, el contenido de este <strong><em>Taller de teatro y danza<\/em><\/strong> transita por los grandes momentos de la historia del espect\u00e1culo y propone actividades centradas en la expresi\u00f3n corporal y verbal, en la teatralizaci\u00f3n y la coreograf\u00eda, en la reflexi\u00f3n y la valoraci\u00f3n y en el lenguaje esc\u00e9nico. Est\u00e1 dirigido no solo a alumnado de Educaci\u00f3n Secundaria sino tambi\u00e9n al profesorado y animadores socioculturales de actividades extracurriculares.<\/p>\n","protected":false},"excerpt":{"rendered":"<p>Hacer teatro y danza proporciona a los j\u00f3venes una oportunidad para desarrollar la autoestima y vinculaciones emocionales y personales con el grupo de iguales, y les permite participar de experiencias de ficci\u00f3n, sin tener que vivirlas en sus consecuencias reales. Por otra parte, el teatro ofrece la oportunidad de desarrollar la identidad al explorar muchos \u00abposibles yoes\u00bb. Hacer teatro y danza son proyectos que responden a \u00ab\u00bfqu\u00e9 podemos hacer juntos?\u00bb, dan voz a los participantes y los convierten en protagonistas.<\/p>\n<p>Con una metodolog\u00eda activa, el contenido de este <strong><em>Taller de teatro y danza<\/em><\/strong> transita por los grandes momentos de la historia del espect\u00e1culo y propone actividades centradas en la expresi\u00f3n corporal y verbal, en la teatralizaci\u00f3n y la coreograf\u00eda, en la reflexi\u00f3n y la valoraci\u00f3n y en el lenguaje esc\u00e9nico. Est\u00e1 dirigido no solo a alumnado de Educaci\u00f3n Secundaria sino tambi\u00e9n al profesorado y animadores socioculturales de actividades extracurriculares.<\/p>\n","protected":false},"featured_media":55384,"comment_status":"open","ping_status":"closed","template":"","meta":{"_et_pb_use_builder":"","_et_pb_old_content":"","_et_gb_content_width":""},"product_cat":[11858,11859],"product_tag":[11860],"edicion":[11865],"editoriales":[11867],"tienda":[],"autor_id":[19397,20071,20072],"universidades_coeditoras":[],"palabras_clave":[],"listado_alfabetico":[],"acf":[],"_links":{"self":[{"href":"https:\/\/wizardly-davinci.82-223-8-23.plesk.page\/en\/wp-json\/wp\/v2\/product\/55383"}],"collection":[{"href":"https:\/\/wizardly-davinci.82-223-8-23.plesk.page\/en\/wp-json\/wp\/v2\/product"}],"about":[{"href":"https:\/\/wizardly-davinci.82-223-8-23.plesk.page\/en\/wp-json\/wp\/v2\/types\/product"}],"replies":[{"embeddable":true,"href":"https:\/\/wizardly-davinci.82-223-8-23.plesk.page\/en\/wp-json\/wp\/v2\/comments?post=55383"}],"wp:featuredmedia":[{"embeddable":true,"href":"https:\/\/wizardly-davinci.82-223-8-23.plesk.page\/en\/wp-json\/wp\/v2\/media\/55384"}],"wp:attachment":[{"href":"https:\/\/wizardly-davinci.82-223-8-23.plesk.page\/en\/wp-json\/wp\/v2\/media?parent=55383"}],"wp:term":[{"taxonomy":"product_cat","embeddable":true,"href":"https:\/\/wizardly-davinci.82-223-8-23.plesk.page\/en\/wp-json\/wp\/v2\/product_cat?post=55383"},{"taxonomy":"product_tag","embeddable":true,"href":"https:\/\/wizardly-davinci.82-223-8-23.plesk.page\/en\/wp-json\/wp\/v2\/product_tag?post=55383"},{"taxonomy":"edicion","embeddable":true,"href":"https:\/\/wizardly-davinci.82-223-8-23.plesk.page\/en\/wp-json\/wp\/v2\/edicion?post=55383"},{"taxonomy":"editoriales","embeddable":true,"href":"https:\/\/wizardly-davinci.82-223-8-23.plesk.page\/en\/wp-json\/wp\/v2\/editoriales?post=55383"},{"taxonomy":"tienda","embeddable":true,"href":"https:\/\/wizardly-davinci.82-223-8-23.plesk.page\/en\/wp-json\/wp\/v2\/tienda?post=55383"},{"taxonomy":"autor_id","embeddable":true,"href":"https:\/\/wizardly-davinci.82-223-8-23.plesk.page\/en\/wp-json\/wp\/v2\/autor_id?post=55383"},{"taxonomy":"universidades_coeditoras","embeddable":true,"href":"https:\/\/wizardly-davinci.82-223-8-23.plesk.page\/en\/wp-json\/wp\/v2\/universidades_coeditoras?post=55383"},{"taxonomy":"palabras_clave","embeddable":true,"href":"https:\/\/wizardly-davinci.82-223-8-23.plesk.page\/en\/wp-json\/wp\/v2\/palabras_clave?post=55383"},{"taxonomy":"listado_alfabetico","embeddable":true,"href":"https:\/\/wizardly-davinci.82-223-8-23.plesk.page\/en\/wp-json\/wp\/v2\/listado_alfabetico?post=55383"}],"curies":[{"name":"wp","href":"https:\/\/api.w.org\/{rel}","templated":true}]}}