{"id":55385,"date":"2019-04-09T23:58:36","date_gmt":"2019-04-09T21:58:36","guid":{"rendered":"https:\/\/octaedro.com\/libro\/con-el-diccionario-a-diario-jugando-con-las-palabras\/"},"modified":"2023-02-22T13:40:02","modified_gmt":"2023-02-22T12:40:02","slug":"con-el-diccionario-a-diario-jugando-con-las-palabras-2","status":"publish","type":"product","link":"https:\/\/wizardly-davinci.82-223-8-23.plesk.page\/en\/producto\/con-el-diccionario-a-diario-jugando-con-las-palabras-2\/","title":{"rendered":"Con el diccionario a diario: jugando con las palabras"},"content":{"rendered":"<p>Nuestro objetivo es introducir al alumnado de Primaria y Secundaria en el uso cotidiano de los diccionarios y los juegos de palabras para despertar su creatividad, as\u00ed como apoyar a los docentes en la innovaci\u00f3n de la did\u00e1ctica de la lengua.<\/p>\n<p>Alumnado y profesorado encontrar\u00e1n aqu\u00ed variadas y m\u00faltiples actividades para desarrollar, a partir de un breve y pr\u00e1ctico diccionario explicativo de t\u00e9rminos filol\u00f3gicos, en lo que constituye un manual l\u00fadico y did\u00e1ctico como apoyo a las clases de lengua, siempre con referencia a textos literarios de diferentes autores.<\/p>\n","protected":false},"excerpt":{"rendered":"<p>Nuestro objetivo es introducir al alumnado de Primaria y Secundaria en el uso cotidiano de los diccionarios y los juegos de palabras para despertar su creatividad, as\u00ed como apoyar a los docentes en la innovaci\u00f3n de la did\u00e1ctica de la lengua.<\/p>\n<p>Alumnado y profesorado encontrar\u00e1n aqu\u00ed variadas y m\u00faltiples actividades para desarrollar, a partir de un breve y pr\u00e1ctico diccionario explicativo de t\u00e9rminos filol\u00f3gicos, en lo que constituye un manual l\u00fadico y did\u00e1ctico como apoyo a las clases de lengua, siempre con referencia a textos literarios de diferentes autores.<\/p>\n","protected":false},"featured_media":55386,"comment_status":"open","ping_status":"closed","template":"","meta":{"_et_pb_use_builder":"","_et_pb_old_content":"","_et_gb_content_width":""},"product_cat":[11858,11859],"product_tag":[11860],"edicion":[11865],"editoriales":[11867],"tienda":[],"autor_id":[14504],"universidades_coeditoras":[],"palabras_clave":[],"listado_alfabetico":[],"acf":[],"_links":{"self":[{"href":"https:\/\/wizardly-davinci.82-223-8-23.plesk.page\/en\/wp-json\/wp\/v2\/product\/55385"}],"collection":[{"href":"https:\/\/wizardly-davinci.82-223-8-23.plesk.page\/en\/wp-json\/wp\/v2\/product"}],"about":[{"href":"https:\/\/wizardly-davinci.82-223-8-23.plesk.page\/en\/wp-json\/wp\/v2\/types\/product"}],"replies":[{"embeddable":true,"href":"https:\/\/wizardly-davinci.82-223-8-23.plesk.page\/en\/wp-json\/wp\/v2\/comments?post=55385"}],"wp:featuredmedia":[{"embeddable":true,"href":"https:\/\/wizardly-davinci.82-223-8-23.plesk.page\/en\/wp-json\/wp\/v2\/media\/55386"}],"wp:attachment":[{"href":"https:\/\/wizardly-davinci.82-223-8-23.plesk.page\/en\/wp-json\/wp\/v2\/media?parent=55385"}],"wp:term":[{"taxonomy":"product_cat","embeddable":true,"href":"https:\/\/wizardly-davinci.82-223-8-23.plesk.page\/en\/wp-json\/wp\/v2\/product_cat?post=55385"},{"taxonomy":"product_tag","embeddable":true,"href":"https:\/\/wizardly-davinci.82-223-8-23.plesk.page\/en\/wp-json\/wp\/v2\/product_tag?post=55385"},{"taxonomy":"edicion","embeddable":true,"href":"https:\/\/wizardly-davinci.82-223-8-23.plesk.page\/en\/wp-json\/wp\/v2\/edicion?post=55385"},{"taxonomy":"editoriales","embeddable":true,"href":"https:\/\/wizardly-davinci.82-223-8-23.plesk.page\/en\/wp-json\/wp\/v2\/editoriales?post=55385"},{"taxonomy":"tienda","embeddable":true,"href":"https:\/\/wizardly-davinci.82-223-8-23.plesk.page\/en\/wp-json\/wp\/v2\/tienda?post=55385"},{"taxonomy":"autor_id","embeddable":true,"href":"https:\/\/wizardly-davinci.82-223-8-23.plesk.page\/en\/wp-json\/wp\/v2\/autor_id?post=55385"},{"taxonomy":"universidades_coeditoras","embeddable":true,"href":"https:\/\/wizardly-davinci.82-223-8-23.plesk.page\/en\/wp-json\/wp\/v2\/universidades_coeditoras?post=55385"},{"taxonomy":"palabras_clave","embeddable":true,"href":"https:\/\/wizardly-davinci.82-223-8-23.plesk.page\/en\/wp-json\/wp\/v2\/palabras_clave?post=55385"},{"taxonomy":"listado_alfabetico","embeddable":true,"href":"https:\/\/wizardly-davinci.82-223-8-23.plesk.page\/en\/wp-json\/wp\/v2\/listado_alfabetico?post=55385"}],"curies":[{"name":"wp","href":"https:\/\/api.w.org\/{rel}","templated":true}]}}