{"id":55387,"date":"2019-04-09T23:58:35","date_gmt":"2019-04-09T21:58:35","guid":{"rendered":"https:\/\/octaedro.com\/libro\/taller-de-textos-breves\/"},"modified":"2023-02-22T13:40:02","modified_gmt":"2023-02-22T12:40:02","slug":"taller-de-textos-breves-2","status":"publish","type":"product","link":"https:\/\/wizardly-davinci.82-223-8-23.plesk.page\/en\/producto\/taller-de-textos-breves-2\/","title":{"rendered":"Taller de textos breves"},"content":{"rendered":"<p>En este taller (complementario de dos obras en esta misma colecci\u00f3n: <em>Taller de vocabulario para descubrir y conocer palabras<\/em> y <em>Taller de vocabulario para corregir palabras y expresiones\/em&gt;) desarrollamos el manejo de la comunicaci\u00f3n escrita y oral partiendo de textos breves y concisos, ya sea con los recursos tradicionales o con el uso de las nuevas tecnolog\u00edas.<br \/>\nSe trata de un taller transversal a otras materias, pues trabajamos las diferencias entre gui\u00f3n, esquema, resumen y cuadro sin\u00f3ptico; abordamos, de manera teoricopr\u00e1ctica, las t\u00e9cnicas de definici\u00f3n; manejamos refranes, adivinanzas, trabalenguas, y analizamos las formas expresivas b\u00e1sicas (descripci\u00f3n, narraci\u00f3n, di\u00e1logo, exposici\u00f3n y argumentaci\u00f3n) con m\u00faltiples y variados textos, tanto del lenguaje literario como de uso com\u00fan, para llegar a nuestro objetivo: potenciar la competencia ling\u00fc\u00edstica del alumnado al servicio de la brevedad y concisi\u00f3n, siempre con la correcci\u00f3n necesaria.<br \/>\nTextos breves, tan presentes hoy en d\u00eda en la comunicaci\u00f3n.<br \/>\n<\/em><\/p>\n","protected":false},"excerpt":{"rendered":"<p>En este taller (complementario de dos obras en esta misma colecci\u00f3n: <em>Taller de vocabulario para descubrir y conocer palabras<\/em> y <em>Taller de vocabulario para corregir palabras y expresiones\/em&gt;) desarrollamos el manejo de la comunicaci\u00f3n escrita y oral partiendo de textos breves y concisos, ya sea con los recursos tradicionales o con el uso de las nuevas tecnolog\u00edas.<br \/>\nSe trata de un taller transversal a otras materias, pues trabajamos las diferencias entre gui\u00f3n, esquema, resumen y cuadro sin\u00f3ptico; abordamos, de manera teoricopr\u00e1ctica, las t\u00e9cnicas de definici\u00f3n; manejamos refranes, adivinanzas, trabalenguas, y analizamos las formas expresivas b\u00e1sicas (descripci\u00f3n, narraci\u00f3n, di\u00e1logo, exposici\u00f3n y argumentaci\u00f3n) con m\u00faltiples y variados textos, tanto del lenguaje literario como de uso com\u00fan, para llegar a nuestro objetivo: potenciar la competencia ling\u00fc\u00edstica del alumnado al servicio de la brevedad y concisi\u00f3n, siempre con la correcci\u00f3n necesaria.<br \/>\nTextos breves, tan presentes hoy en d\u00eda en la comunicaci\u00f3n.<br \/>\n<\/em><\/p>\n","protected":false},"featured_media":55388,"comment_status":"open","ping_status":"closed","template":"","meta":{"_et_pb_use_builder":"","_et_pb_old_content":"","_et_gb_content_width":""},"product_cat":[11858],"product_tag":[11860],"edicion":[11865],"editoriales":[11867],"tienda":[],"autor_id":[13841,13842],"universidades_coeditoras":[],"palabras_clave":[],"listado_alfabetico":[],"acf":[],"_links":{"self":[{"href":"https:\/\/wizardly-davinci.82-223-8-23.plesk.page\/en\/wp-json\/wp\/v2\/product\/55387"}],"collection":[{"href":"https:\/\/wizardly-davinci.82-223-8-23.plesk.page\/en\/wp-json\/wp\/v2\/product"}],"about":[{"href":"https:\/\/wizardly-davinci.82-223-8-23.plesk.page\/en\/wp-json\/wp\/v2\/types\/product"}],"replies":[{"embeddable":true,"href":"https:\/\/wizardly-davinci.82-223-8-23.plesk.page\/en\/wp-json\/wp\/v2\/comments?post=55387"}],"wp:featuredmedia":[{"embeddable":true,"href":"https:\/\/wizardly-davinci.82-223-8-23.plesk.page\/en\/wp-json\/wp\/v2\/media\/55388"}],"wp:attachment":[{"href":"https:\/\/wizardly-davinci.82-223-8-23.plesk.page\/en\/wp-json\/wp\/v2\/media?parent=55387"}],"wp:term":[{"taxonomy":"product_cat","embeddable":true,"href":"https:\/\/wizardly-davinci.82-223-8-23.plesk.page\/en\/wp-json\/wp\/v2\/product_cat?post=55387"},{"taxonomy":"product_tag","embeddable":true,"href":"https:\/\/wizardly-davinci.82-223-8-23.plesk.page\/en\/wp-json\/wp\/v2\/product_tag?post=55387"},{"taxonomy":"edicion","embeddable":true,"href":"https:\/\/wizardly-davinci.82-223-8-23.plesk.page\/en\/wp-json\/wp\/v2\/edicion?post=55387"},{"taxonomy":"editoriales","embeddable":true,"href":"https:\/\/wizardly-davinci.82-223-8-23.plesk.page\/en\/wp-json\/wp\/v2\/editoriales?post=55387"},{"taxonomy":"tienda","embeddable":true,"href":"https:\/\/wizardly-davinci.82-223-8-23.plesk.page\/en\/wp-json\/wp\/v2\/tienda?post=55387"},{"taxonomy":"autor_id","embeddable":true,"href":"https:\/\/wizardly-davinci.82-223-8-23.plesk.page\/en\/wp-json\/wp\/v2\/autor_id?post=55387"},{"taxonomy":"universidades_coeditoras","embeddable":true,"href":"https:\/\/wizardly-davinci.82-223-8-23.plesk.page\/en\/wp-json\/wp\/v2\/universidades_coeditoras?post=55387"},{"taxonomy":"palabras_clave","embeddable":true,"href":"https:\/\/wizardly-davinci.82-223-8-23.plesk.page\/en\/wp-json\/wp\/v2\/palabras_clave?post=55387"},{"taxonomy":"listado_alfabetico","embeddable":true,"href":"https:\/\/wizardly-davinci.82-223-8-23.plesk.page\/en\/wp-json\/wp\/v2\/listado_alfabetico?post=55387"}],"curies":[{"name":"wp","href":"https:\/\/api.w.org\/{rel}","templated":true}]}}