{"id":55389,"date":"2019-04-09T23:58:35","date_gmt":"2019-04-09T21:58:35","guid":{"rendered":"https:\/\/octaedro.com\/libro\/taller-de-vocabulario-para-corregir-palabras-y-expresiones\/"},"modified":"2023-02-22T13:40:02","modified_gmt":"2023-02-22T12:40:02","slug":"taller-de-vocabulario-para-corregir-palabras-y-expresiones-2","status":"publish","type":"product","link":"https:\/\/wizardly-davinci.82-223-8-23.plesk.page\/en\/producto\/taller-de-vocabulario-para-corregir-palabras-y-expresiones-2\/","title":{"rendered":"Taller de vocabulario para corregir palabras y expresiones"},"content":{"rendered":"<p>Despu\u00e9s de descubrir y conocer muchas palabras conviene prestar atenci\u00f3n a la correcci\u00f3n y buen uso de las mismas sin caer en barbarismos, imprecisiones, errores, deficiencias; todo ello supeditado tambi\u00e9n a demostrar el encanto m\u00e1gico de la paronimia, de la acentuaci\u00f3n de los signos de puntuaci\u00f3n, de la flexibilidad de las categor\u00edas gramaticales, etc. \u00bfAcaso el acento no tiene el poder m\u00e1gico de cambiar la categor\u00eda y el significado de una palabra <em>(cabra y cabr\u00e1)<\/em>?, \u00bfacaso la puntuaci\u00f3n en la escritura no modifica el sentido o mensaje de una palabra <em>(Llueve, \u00bfLlueve? \u00a1Llueve!)<\/em>?, \u00bfno es magia que una palabras pueda ofrecer doble significado <em>(sal \u2014sustantivo\u2014, sal \u2014forma verbal\u2014)<\/em>&#8230;<br \/>\nCon este segundo volumen (que forma parte de una trilog\u00eda para mejorar la comprensi\u00f3n y expresi\u00f3n de nuestra lengua), y sin daros cuenta, ir\u00e9is descubriendo el encanto de hablar y escribir correctamente; vuestra autoestima aumentar\u00e1 desde el conocimiento de reglas y normas, desde recomendaciones y consejos&#8230;, y evitar\u00e9is errores frecuentes, y no confundir\u00e9is palabras parecidas, etc.<\/p>\n","protected":false},"excerpt":{"rendered":"<p>Despu\u00e9s de descubrir y conocer muchas palabras conviene prestar atenci\u00f3n a la correcci\u00f3n y buen uso de las mismas sin caer en barbarismos, imprecisiones, errores, deficiencias; todo ello supeditado tambi\u00e9n a demostrar el encanto m\u00e1gico de la paronimia, de la acentuaci\u00f3n de los signos de puntuaci\u00f3n, de la flexibilidad de las categor\u00edas gramaticales, etc. \u00bfAcaso el acento no tiene el poder m\u00e1gico de cambiar la categor\u00eda y el significado de una palabra <em>(cabra y cabr\u00e1)<\/em>?, \u00bfacaso la puntuaci\u00f3n en la escritura no modifica el sentido o mensaje de una palabra <em>(Llueve, \u00bfLlueve? \u00a1Llueve!)<\/em>?, \u00bfno es magia que una palabras pueda ofrecer doble significado <em>(sal \u2014sustantivo\u2014, sal \u2014forma verbal\u2014)<\/em>&#8230;<br \/>\nCon este segundo volumen (que forma parte de una trilog\u00eda para mejorar la comprensi\u00f3n y expresi\u00f3n de nuestra lengua), y sin daros cuenta, ir\u00e9is descubriendo el encanto de hablar y escribir correctamente; vuestra autoestima aumentar\u00e1 desde el conocimiento de reglas y normas, desde recomendaciones y consejos&#8230;, y evitar\u00e9is errores frecuentes, y no confundir\u00e9is palabras parecidas, etc.<\/p>\n","protected":false},"featured_media":55390,"comment_status":"open","ping_status":"closed","template":"","meta":{"_et_pb_use_builder":"","_et_pb_old_content":"","_et_gb_content_width":""},"product_cat":[11899,11858,11913,11859],"product_tag":[11893],"edicion":[12178,11865],"editoriales":[11867],"tienda":[],"autor_id":[13841,13842],"universidades_coeditoras":[],"palabras_clave":[],"listado_alfabetico":[],"acf":[],"_links":{"self":[{"href":"https:\/\/wizardly-davinci.82-223-8-23.plesk.page\/en\/wp-json\/wp\/v2\/product\/55389"}],"collection":[{"href":"https:\/\/wizardly-davinci.82-223-8-23.plesk.page\/en\/wp-json\/wp\/v2\/product"}],"about":[{"href":"https:\/\/wizardly-davinci.82-223-8-23.plesk.page\/en\/wp-json\/wp\/v2\/types\/product"}],"replies":[{"embeddable":true,"href":"https:\/\/wizardly-davinci.82-223-8-23.plesk.page\/en\/wp-json\/wp\/v2\/comments?post=55389"}],"wp:featuredmedia":[{"embeddable":true,"href":"https:\/\/wizardly-davinci.82-223-8-23.plesk.page\/en\/wp-json\/wp\/v2\/media\/55390"}],"wp:attachment":[{"href":"https:\/\/wizardly-davinci.82-223-8-23.plesk.page\/en\/wp-json\/wp\/v2\/media?parent=55389"}],"wp:term":[{"taxonomy":"product_cat","embeddable":true,"href":"https:\/\/wizardly-davinci.82-223-8-23.plesk.page\/en\/wp-json\/wp\/v2\/product_cat?post=55389"},{"taxonomy":"product_tag","embeddable":true,"href":"https:\/\/wizardly-davinci.82-223-8-23.plesk.page\/en\/wp-json\/wp\/v2\/product_tag?post=55389"},{"taxonomy":"edicion","embeddable":true,"href":"https:\/\/wizardly-davinci.82-223-8-23.plesk.page\/en\/wp-json\/wp\/v2\/edicion?post=55389"},{"taxonomy":"editoriales","embeddable":true,"href":"https:\/\/wizardly-davinci.82-223-8-23.plesk.page\/en\/wp-json\/wp\/v2\/editoriales?post=55389"},{"taxonomy":"tienda","embeddable":true,"href":"https:\/\/wizardly-davinci.82-223-8-23.plesk.page\/en\/wp-json\/wp\/v2\/tienda?post=55389"},{"taxonomy":"autor_id","embeddable":true,"href":"https:\/\/wizardly-davinci.82-223-8-23.plesk.page\/en\/wp-json\/wp\/v2\/autor_id?post=55389"},{"taxonomy":"universidades_coeditoras","embeddable":true,"href":"https:\/\/wizardly-davinci.82-223-8-23.plesk.page\/en\/wp-json\/wp\/v2\/universidades_coeditoras?post=55389"},{"taxonomy":"palabras_clave","embeddable":true,"href":"https:\/\/wizardly-davinci.82-223-8-23.plesk.page\/en\/wp-json\/wp\/v2\/palabras_clave?post=55389"},{"taxonomy":"listado_alfabetico","embeddable":true,"href":"https:\/\/wizardly-davinci.82-223-8-23.plesk.page\/en\/wp-json\/wp\/v2\/listado_alfabetico?post=55389"}],"curies":[{"name":"wp","href":"https:\/\/api.w.org\/{rel}","templated":true}]}}