{"id":55395,"date":"2019-04-09T23:58:33","date_gmt":"2019-04-09T21:58:33","guid":{"rendered":"https:\/\/octaedro.com\/libro\/taller-de-juegos-teatrales\/"},"modified":"2023-02-22T13:40:02","modified_gmt":"2023-02-22T12:40:02","slug":"taller-de-juegos-teatrales-2-2","status":"publish","type":"product","link":"https:\/\/wizardly-davinci.82-223-8-23.plesk.page\/en\/producto\/taller-de-juegos-teatrales-2-2\/","title":{"rendered":"Taller de juegos teatrales"},"content":{"rendered":"<p>\u00bfY si jugamos al teatro? \u00bfY si nos divertimos todos juntos, alumnado y profesorado, a la vez que aprendemos las t\u00e9cnicas dram\u00e1ticas fundamentales?<br \/>\nHe aqu\u00ed una gu\u00eda de las t\u00e9cnicas auxiliares de numerosos juegos de expresi\u00f3n para practicar la dramatizaci\u00f3n. En nuestro horizonte, el hecho de que tal vez entonces el colectivo se anime a crear su propio obra de teatro y la represente, o que sea el alumno o alumna el que quiera ser el autor o autora de la suya propia y la represente toda la clase&#8230; Y m\u00e1s all\u00e1, al l\u00edmite: el gozo y la satisfacci\u00f3n de jugar con el teatro.<\/p>\n","protected":false},"excerpt":{"rendered":"<p>\u00bfY si jugamos al teatro? \u00bfY si nos divertimos todos juntos, alumnado y profesorado, a la vez que aprendemos las t\u00e9cnicas dram\u00e1ticas fundamentales?<br \/>\nHe aqu\u00ed una gu\u00eda de las t\u00e9cnicas auxiliares de numerosos juegos de expresi\u00f3n para practicar la dramatizaci\u00f3n. En nuestro horizonte, el hecho de que tal vez entonces el colectivo se anime a crear su propio obra de teatro y la represente, o que sea el alumno o alumna el que quiera ser el autor o autora de la suya propia y la represente toda la clase&#8230; Y m\u00e1s all\u00e1, al l\u00edmite: el gozo y la satisfacci\u00f3n de jugar con el teatro.<\/p>\n","protected":false},"featured_media":55396,"comment_status":"open","ping_status":"closed","template":"","meta":{"_et_pb_use_builder":"","_et_pb_old_content":"","_et_gb_content_width":""},"product_cat":[11899,11858,11859,11912],"product_tag":[11892],"edicion":[12199,11865],"editoriales":[11867],"tienda":[],"autor_id":[14110],"universidades_coeditoras":[],"palabras_clave":[],"listado_alfabetico":[],"acf":[],"_links":{"self":[{"href":"https:\/\/wizardly-davinci.82-223-8-23.plesk.page\/en\/wp-json\/wp\/v2\/product\/55395"}],"collection":[{"href":"https:\/\/wizardly-davinci.82-223-8-23.plesk.page\/en\/wp-json\/wp\/v2\/product"}],"about":[{"href":"https:\/\/wizardly-davinci.82-223-8-23.plesk.page\/en\/wp-json\/wp\/v2\/types\/product"}],"replies":[{"embeddable":true,"href":"https:\/\/wizardly-davinci.82-223-8-23.plesk.page\/en\/wp-json\/wp\/v2\/comments?post=55395"}],"wp:featuredmedia":[{"embeddable":true,"href":"https:\/\/wizardly-davinci.82-223-8-23.plesk.page\/en\/wp-json\/wp\/v2\/media\/55396"}],"wp:attachment":[{"href":"https:\/\/wizardly-davinci.82-223-8-23.plesk.page\/en\/wp-json\/wp\/v2\/media?parent=55395"}],"wp:term":[{"taxonomy":"product_cat","embeddable":true,"href":"https:\/\/wizardly-davinci.82-223-8-23.plesk.page\/en\/wp-json\/wp\/v2\/product_cat?post=55395"},{"taxonomy":"product_tag","embeddable":true,"href":"https:\/\/wizardly-davinci.82-223-8-23.plesk.page\/en\/wp-json\/wp\/v2\/product_tag?post=55395"},{"taxonomy":"edicion","embeddable":true,"href":"https:\/\/wizardly-davinci.82-223-8-23.plesk.page\/en\/wp-json\/wp\/v2\/edicion?post=55395"},{"taxonomy":"editoriales","embeddable":true,"href":"https:\/\/wizardly-davinci.82-223-8-23.plesk.page\/en\/wp-json\/wp\/v2\/editoriales?post=55395"},{"taxonomy":"tienda","embeddable":true,"href":"https:\/\/wizardly-davinci.82-223-8-23.plesk.page\/en\/wp-json\/wp\/v2\/tienda?post=55395"},{"taxonomy":"autor_id","embeddable":true,"href":"https:\/\/wizardly-davinci.82-223-8-23.plesk.page\/en\/wp-json\/wp\/v2\/autor_id?post=55395"},{"taxonomy":"universidades_coeditoras","embeddable":true,"href":"https:\/\/wizardly-davinci.82-223-8-23.plesk.page\/en\/wp-json\/wp\/v2\/universidades_coeditoras?post=55395"},{"taxonomy":"palabras_clave","embeddable":true,"href":"https:\/\/wizardly-davinci.82-223-8-23.plesk.page\/en\/wp-json\/wp\/v2\/palabras_clave?post=55395"},{"taxonomy":"listado_alfabetico","embeddable":true,"href":"https:\/\/wizardly-davinci.82-223-8-23.plesk.page\/en\/wp-json\/wp\/v2\/listado_alfabetico?post=55395"}],"curies":[{"name":"wp","href":"https:\/\/api.w.org\/{rel}","templated":true}]}}