{"id":55400,"date":"2019-04-09T23:58:32","date_gmt":"2019-04-09T21:58:32","guid":{"rendered":"https:\/\/octaedro.com\/libro\/taller-de-escritura\/"},"modified":"2023-02-22T13:40:03","modified_gmt":"2023-02-22T12:40:03","slug":"taller-de-escritura-2","status":"publish","type":"product","link":"https:\/\/wizardly-davinci.82-223-8-23.plesk.page\/en\/producto\/taller-de-escritura-2\/","title":{"rendered":"Taller de escritura"},"content":{"rendered":"<p>\u00bfHas probado alguna vez a jugar con las letras y con las palabras de tu idioma? \u00bfY si fuera m\u00e1s divertido de lo que te parece? \u00bfY si pudieras llegar a escribir frases y textos personales y de calidad literaria?<br \/>\nTu lengua, el castellano, tiene m\u00e1s posibilidades de juego de lo que te imaginas. Y este taller, ameno y de f\u00e1cil manejo, quiere ayudarte a que las veas y a que te lances a escribir. No es tan dif\u00edcil.<br \/>\nAs\u00ed que, partiendo de las unidades de la lengua (letra, palabra, frase y texto) y contando con una preciosa antolog\u00eda de textos de cuantos escritores han jugado con el lenguaje, desde los Siglos de Oro hasta nuestros d\u00edas, aqu\u00ed tienes un amplio repertorio de propuestas de escritura creativa.<\/p>\n","protected":false},"excerpt":{"rendered":"<p>\u00bfHas probado alguna vez a jugar con las letras y con las palabras de tu idioma? \u00bfY si fuera m\u00e1s divertido de lo que te parece? \u00bfY si pudieras llegar a escribir frases y textos personales y de calidad literaria?<br \/>\nTu lengua, el castellano, tiene m\u00e1s posibilidades de juego de lo que te imaginas. Y este taller, ameno y de f\u00e1cil manejo, quiere ayudarte a que las veas y a que te lances a escribir. No es tan dif\u00edcil.<br \/>\nAs\u00ed que, partiendo de las unidades de la lengua (letra, palabra, frase y texto) y contando con una preciosa antolog\u00eda de textos de cuantos escritores han jugado con el lenguaje, desde los Siglos de Oro hasta nuestros d\u00edas, aqu\u00ed tienes un amplio repertorio de propuestas de escritura creativa.<\/p>\n","protected":false},"featured_media":55401,"comment_status":"open","ping_status":"closed","template":"","meta":{"_et_pb_use_builder":"","_et_pb_old_content":"","_et_gb_content_width":""},"product_cat":[11858],"product_tag":[11860],"edicion":[11865],"editoriales":[11867],"tienda":[],"autor_id":[14098],"universidades_coeditoras":[],"palabras_clave":[],"listado_alfabetico":[],"acf":[],"_links":{"self":[{"href":"https:\/\/wizardly-davinci.82-223-8-23.plesk.page\/en\/wp-json\/wp\/v2\/product\/55400"}],"collection":[{"href":"https:\/\/wizardly-davinci.82-223-8-23.plesk.page\/en\/wp-json\/wp\/v2\/product"}],"about":[{"href":"https:\/\/wizardly-davinci.82-223-8-23.plesk.page\/en\/wp-json\/wp\/v2\/types\/product"}],"replies":[{"embeddable":true,"href":"https:\/\/wizardly-davinci.82-223-8-23.plesk.page\/en\/wp-json\/wp\/v2\/comments?post=55400"}],"wp:featuredmedia":[{"embeddable":true,"href":"https:\/\/wizardly-davinci.82-223-8-23.plesk.page\/en\/wp-json\/wp\/v2\/media\/55401"}],"wp:attachment":[{"href":"https:\/\/wizardly-davinci.82-223-8-23.plesk.page\/en\/wp-json\/wp\/v2\/media?parent=55400"}],"wp:term":[{"taxonomy":"product_cat","embeddable":true,"href":"https:\/\/wizardly-davinci.82-223-8-23.plesk.page\/en\/wp-json\/wp\/v2\/product_cat?post=55400"},{"taxonomy":"product_tag","embeddable":true,"href":"https:\/\/wizardly-davinci.82-223-8-23.plesk.page\/en\/wp-json\/wp\/v2\/product_tag?post=55400"},{"taxonomy":"edicion","embeddable":true,"href":"https:\/\/wizardly-davinci.82-223-8-23.plesk.page\/en\/wp-json\/wp\/v2\/edicion?post=55400"},{"taxonomy":"editoriales","embeddable":true,"href":"https:\/\/wizardly-davinci.82-223-8-23.plesk.page\/en\/wp-json\/wp\/v2\/editoriales?post=55400"},{"taxonomy":"tienda","embeddable":true,"href":"https:\/\/wizardly-davinci.82-223-8-23.plesk.page\/en\/wp-json\/wp\/v2\/tienda?post=55400"},{"taxonomy":"autor_id","embeddable":true,"href":"https:\/\/wizardly-davinci.82-223-8-23.plesk.page\/en\/wp-json\/wp\/v2\/autor_id?post=55400"},{"taxonomy":"universidades_coeditoras","embeddable":true,"href":"https:\/\/wizardly-davinci.82-223-8-23.plesk.page\/en\/wp-json\/wp\/v2\/universidades_coeditoras?post=55400"},{"taxonomy":"palabras_clave","embeddable":true,"href":"https:\/\/wizardly-davinci.82-223-8-23.plesk.page\/en\/wp-json\/wp\/v2\/palabras_clave?post=55400"},{"taxonomy":"listado_alfabetico","embeddable":true,"href":"https:\/\/wizardly-davinci.82-223-8-23.plesk.page\/en\/wp-json\/wp\/v2\/listado_alfabetico?post=55400"}],"curies":[{"name":"wp","href":"https:\/\/api.w.org\/{rel}","templated":true}]}}