{"id":55405,"date":"2019-04-09T23:58:31","date_gmt":"2019-04-09T21:58:31","guid":{"rendered":"https:\/\/octaedro.com\/libro\/taller-de-novela\/"},"modified":"2023-02-22T13:40:03","modified_gmt":"2023-02-22T12:40:03","slug":"el-taller-de-novela-2","status":"publish","type":"product","link":"https:\/\/wizardly-davinci.82-223-8-23.plesk.page\/en\/producto\/el-taller-de-novela-2\/","title":{"rendered":"Taller de Novela"},"content":{"rendered":"<p>\u00bfY si nos atrevi\u00e9ramos a conjugar en un texto escrito unos personajes, un argumento, un espacio, un punto de vista narratives y los pas\u00e1ramos por el tamiz de la percepci\u00f3n personal? \u00bfSer\u00edamos capaces de escribir una novela?<br \/>\nPar aquellos j\u00f3venes que respondan afirmativamente a estas preguntas hemos creado este taller. Nuestro \u00fanico objetivo es que se diviertan al mismo tiempo que aprenden las t\u00e9cnicas oportunas para la no por deseada menos dif\u00edcil tarea de intentar escribir una novela. As\u00ed, actividades de trabajo de varios recursos narrativos b\u00e1sicos y el ejemplo certero de novelistas c\u00e9lebres servir\u00e1n de trampol\u00edn para animarse a elaborar la propia, aquella con la que so\u00f1amos\u2026<\/p>\n","protected":false},"excerpt":{"rendered":"<p>\u00bfY si nos atrevi\u00e9ramos a conjugar en un texto escrito unos personajes, un argumento, un espacio, un punto de vista narratives y los pas\u00e1ramos por el tamiz de la percepci\u00f3n personal? \u00bfSer\u00edamos capaces de escribir una novela?<br \/>\nPar aquellos j\u00f3venes que respondan afirmativamente a estas preguntas hemos creado este taller. Nuestro \u00fanico objetivo es que se diviertan al mismo tiempo que aprenden las t\u00e9cnicas oportunas para la no por deseada menos dif\u00edcil tarea de intentar escribir una novela. As\u00ed, actividades de trabajo de varios recursos narrativos b\u00e1sicos y el ejemplo certero de novelistas c\u00e9lebres servir\u00e1n de trampol\u00edn para animarse a elaborar la propia, aquella con la que so\u00f1amos\u2026<\/p>\n","protected":false},"featured_media":55406,"comment_status":"open","ping_status":"closed","template":"","meta":{"_et_pb_use_builder":"","_et_pb_old_content":"","_et_gb_content_width":""},"product_cat":[11858,11859],"product_tag":[11860],"edicion":[11865],"editoriales":[11867],"tienda":[],"autor_id":[20074,20075],"universidades_coeditoras":[],"palabras_clave":[],"listado_alfabetico":[],"acf":[],"_links":{"self":[{"href":"https:\/\/wizardly-davinci.82-223-8-23.plesk.page\/en\/wp-json\/wp\/v2\/product\/55405"}],"collection":[{"href":"https:\/\/wizardly-davinci.82-223-8-23.plesk.page\/en\/wp-json\/wp\/v2\/product"}],"about":[{"href":"https:\/\/wizardly-davinci.82-223-8-23.plesk.page\/en\/wp-json\/wp\/v2\/types\/product"}],"replies":[{"embeddable":true,"href":"https:\/\/wizardly-davinci.82-223-8-23.plesk.page\/en\/wp-json\/wp\/v2\/comments?post=55405"}],"wp:featuredmedia":[{"embeddable":true,"href":"https:\/\/wizardly-davinci.82-223-8-23.plesk.page\/en\/wp-json\/wp\/v2\/media\/55406"}],"wp:attachment":[{"href":"https:\/\/wizardly-davinci.82-223-8-23.plesk.page\/en\/wp-json\/wp\/v2\/media?parent=55405"}],"wp:term":[{"taxonomy":"product_cat","embeddable":true,"href":"https:\/\/wizardly-davinci.82-223-8-23.plesk.page\/en\/wp-json\/wp\/v2\/product_cat?post=55405"},{"taxonomy":"product_tag","embeddable":true,"href":"https:\/\/wizardly-davinci.82-223-8-23.plesk.page\/en\/wp-json\/wp\/v2\/product_tag?post=55405"},{"taxonomy":"edicion","embeddable":true,"href":"https:\/\/wizardly-davinci.82-223-8-23.plesk.page\/en\/wp-json\/wp\/v2\/edicion?post=55405"},{"taxonomy":"editoriales","embeddable":true,"href":"https:\/\/wizardly-davinci.82-223-8-23.plesk.page\/en\/wp-json\/wp\/v2\/editoriales?post=55405"},{"taxonomy":"tienda","embeddable":true,"href":"https:\/\/wizardly-davinci.82-223-8-23.plesk.page\/en\/wp-json\/wp\/v2\/tienda?post=55405"},{"taxonomy":"autor_id","embeddable":true,"href":"https:\/\/wizardly-davinci.82-223-8-23.plesk.page\/en\/wp-json\/wp\/v2\/autor_id?post=55405"},{"taxonomy":"universidades_coeditoras","embeddable":true,"href":"https:\/\/wizardly-davinci.82-223-8-23.plesk.page\/en\/wp-json\/wp\/v2\/universidades_coeditoras?post=55405"},{"taxonomy":"palabras_clave","embeddable":true,"href":"https:\/\/wizardly-davinci.82-223-8-23.plesk.page\/en\/wp-json\/wp\/v2\/palabras_clave?post=55405"},{"taxonomy":"listado_alfabetico","embeddable":true,"href":"https:\/\/wizardly-davinci.82-223-8-23.plesk.page\/en\/wp-json\/wp\/v2\/listado_alfabetico?post=55405"}],"curies":[{"name":"wp","href":"https:\/\/api.w.org\/{rel}","templated":true}]}}