{"id":55411,"date":"2019-04-09T23:53:14","date_gmt":"2019-04-09T21:53:14","guid":{"rendered":"https:\/\/octaedro.com\/libro\/taller-de-medios-de-comunicacion\/"},"modified":"2023-02-22T13:40:03","modified_gmt":"2023-02-22T12:40:03","slug":"taller-de-medios-de-comunicacion-2","status":"publish","type":"product","link":"https:\/\/wizardly-davinci.82-223-8-23.plesk.page\/en\/producto\/taller-de-medios-de-comunicacion-2\/","title":{"rendered":"Taller de medios de comunicaci\u00f3n"},"content":{"rendered":"<p>\u00bfQu\u00e9 sabemos de los medios de comunicaci\u00f3n? \u00bfDesde cu\u00e1ndo est\u00e1n con nosotros? \u00bfSabemos emplearlos sin que nos sintamos manipulados por ellos?<br \/>\nTan presentes hoy en nuestra sociedad, tan importantes, tan necesarios para interrelacionarnos, los medios de comunicaci\u00f3n pueden ser los mejores aliados en el ansia de conocimiento, informaci\u00f3n y entretenimiento de los j\u00f3venes.<br \/>\nSu comprensi\u00f3n y manejo, a partir de este taller, conlleva tanto la participaci\u00f3n colectiva en el aula, como la reflexi\u00f3n personal e individual, siempre cr\u00edtica y despierta hacia la manifestaci\u00f3n de los mismos en nuestra sociedad actual.<\/p>\n","protected":false},"excerpt":{"rendered":"<p>\u00bfQu\u00e9 sabemos de los medios de comunicaci\u00f3n? \u00bfDesde cu\u00e1ndo est\u00e1n con nosotros? \u00bfSabemos emplearlos sin que nos sintamos manipulados por ellos?<br \/>\nTan presentes hoy en nuestra sociedad, tan importantes, tan necesarios para interrelacionarnos, los medios de comunicaci\u00f3n pueden ser los mejores aliados en el ansia de conocimiento, informaci\u00f3n y entretenimiento de los j\u00f3venes.<br \/>\nSu comprensi\u00f3n y manejo, a partir de este taller, conlleva tanto la participaci\u00f3n colectiva en el aula, como la reflexi\u00f3n personal e individual, siempre cr\u00edtica y despierta hacia la manifestaci\u00f3n de los mismos en nuestra sociedad actual.<\/p>\n","protected":false},"featured_media":55412,"comment_status":"open","ping_status":"closed","template":"","meta":{"_et_pb_use_builder":"","_et_pb_old_content":"","_et_gb_content_width":""},"product_cat":[11858],"product_tag":[11860],"edicion":[11865],"editoriales":[11867],"tienda":[],"autor_id":[13863],"universidades_coeditoras":[],"palabras_clave":[],"listado_alfabetico":[],"acf":[],"_links":{"self":[{"href":"https:\/\/wizardly-davinci.82-223-8-23.plesk.page\/en\/wp-json\/wp\/v2\/product\/55411"}],"collection":[{"href":"https:\/\/wizardly-davinci.82-223-8-23.plesk.page\/en\/wp-json\/wp\/v2\/product"}],"about":[{"href":"https:\/\/wizardly-davinci.82-223-8-23.plesk.page\/en\/wp-json\/wp\/v2\/types\/product"}],"replies":[{"embeddable":true,"href":"https:\/\/wizardly-davinci.82-223-8-23.plesk.page\/en\/wp-json\/wp\/v2\/comments?post=55411"}],"wp:featuredmedia":[{"embeddable":true,"href":"https:\/\/wizardly-davinci.82-223-8-23.plesk.page\/en\/wp-json\/wp\/v2\/media\/55412"}],"wp:attachment":[{"href":"https:\/\/wizardly-davinci.82-223-8-23.plesk.page\/en\/wp-json\/wp\/v2\/media?parent=55411"}],"wp:term":[{"taxonomy":"product_cat","embeddable":true,"href":"https:\/\/wizardly-davinci.82-223-8-23.plesk.page\/en\/wp-json\/wp\/v2\/product_cat?post=55411"},{"taxonomy":"product_tag","embeddable":true,"href":"https:\/\/wizardly-davinci.82-223-8-23.plesk.page\/en\/wp-json\/wp\/v2\/product_tag?post=55411"},{"taxonomy":"edicion","embeddable":true,"href":"https:\/\/wizardly-davinci.82-223-8-23.plesk.page\/en\/wp-json\/wp\/v2\/edicion?post=55411"},{"taxonomy":"editoriales","embeddable":true,"href":"https:\/\/wizardly-davinci.82-223-8-23.plesk.page\/en\/wp-json\/wp\/v2\/editoriales?post=55411"},{"taxonomy":"tienda","embeddable":true,"href":"https:\/\/wizardly-davinci.82-223-8-23.plesk.page\/en\/wp-json\/wp\/v2\/tienda?post=55411"},{"taxonomy":"autor_id","embeddable":true,"href":"https:\/\/wizardly-davinci.82-223-8-23.plesk.page\/en\/wp-json\/wp\/v2\/autor_id?post=55411"},{"taxonomy":"universidades_coeditoras","embeddable":true,"href":"https:\/\/wizardly-davinci.82-223-8-23.plesk.page\/en\/wp-json\/wp\/v2\/universidades_coeditoras?post=55411"},{"taxonomy":"palabras_clave","embeddable":true,"href":"https:\/\/wizardly-davinci.82-223-8-23.plesk.page\/en\/wp-json\/wp\/v2\/palabras_clave?post=55411"},{"taxonomy":"listado_alfabetico","embeddable":true,"href":"https:\/\/wizardly-davinci.82-223-8-23.plesk.page\/en\/wp-json\/wp\/v2\/listado_alfabetico?post=55411"}],"curies":[{"name":"wp","href":"https:\/\/api.w.org\/{rel}","templated":true}]}}