{"id":55415,"date":"2019-04-09T23:53:12","date_gmt":"2019-04-09T21:53:12","guid":{"rendered":"https:\/\/octaedro.com\/libro\/taller-de-teatro\/"},"modified":"2023-02-22T13:40:03","modified_gmt":"2023-02-22T12:40:03","slug":"taller-de-teatro","status":"publish","type":"product","link":"https:\/\/wizardly-davinci.82-223-8-23.plesk.page\/en\/producto\/taller-de-teatro\/","title":{"rendered":"Taller de teatro"},"content":{"rendered":"<p>\u00bfC\u00f3mo conseguir que todos los miembros de un aula se conozcan, cooperen, se desinhiban, se comprendan, se ayuden&#8230;?<br \/>\nEste taller pretende conseguir que la expresividad de todo nuestro cuerpo, la modulaci\u00f3n de nuestra voz formen parte del acto de la comunicaci\u00f3n en su m\u00e1s amplio sentido. El protagonismo es del alumno\/a, que encontrar\u00e1 juegos de expresi\u00f3n corporal y de voz, improvisaciones dram\u00e1ticas, ejercicios de socializaci\u00f3n y relajaci\u00f3n, procesos de puesta en escena y reflexiones sobre el lenguaje teatral.Por otra parte, al estar organizado en orden cronol\u00f3gico y ofrecer buenas introducciones a cada \u00e9poca, tambi\u00e9n resulta \u00fatil como breve historia del teatro universal.<\/p>\n","protected":false},"excerpt":{"rendered":"<p>\u00bfC\u00f3mo conseguir que todos los miembros de un aula se conozcan, cooperen, se desinhiban, se comprendan, se ayuden&#8230;?<br \/>\nEste taller pretende conseguir que la expresividad de todo nuestro cuerpo, la modulaci\u00f3n de nuestra voz formen parte del acto de la comunicaci\u00f3n en su m\u00e1s amplio sentido. El protagonismo es del alumno\/a, que encontrar\u00e1 juegos de expresi\u00f3n corporal y de voz, improvisaciones dram\u00e1ticas, ejercicios de socializaci\u00f3n y relajaci\u00f3n, procesos de puesta en escena y reflexiones sobre el lenguaje teatral.Por otra parte, al estar organizado en orden cronol\u00f3gico y ofrecer buenas introducciones a cada \u00e9poca, tambi\u00e9n resulta \u00fatil como breve historia del teatro universal.<\/p>\n","protected":false},"featured_media":55416,"comment_status":"open","ping_status":"closed","template":"","meta":{"_et_pb_use_builder":"","_et_pb_old_content":"","_et_gb_content_width":""},"product_cat":[11858,11859],"product_tag":[11860],"edicion":[11865],"editoriales":[11867],"tienda":[],"autor_id":[19397,20071,20072,20079],"universidades_coeditoras":[],"palabras_clave":[],"listado_alfabetico":[],"acf":[],"_links":{"self":[{"href":"https:\/\/wizardly-davinci.82-223-8-23.plesk.page\/en\/wp-json\/wp\/v2\/product\/55415"}],"collection":[{"href":"https:\/\/wizardly-davinci.82-223-8-23.plesk.page\/en\/wp-json\/wp\/v2\/product"}],"about":[{"href":"https:\/\/wizardly-davinci.82-223-8-23.plesk.page\/en\/wp-json\/wp\/v2\/types\/product"}],"replies":[{"embeddable":true,"href":"https:\/\/wizardly-davinci.82-223-8-23.plesk.page\/en\/wp-json\/wp\/v2\/comments?post=55415"}],"wp:featuredmedia":[{"embeddable":true,"href":"https:\/\/wizardly-davinci.82-223-8-23.plesk.page\/en\/wp-json\/wp\/v2\/media\/55416"}],"wp:attachment":[{"href":"https:\/\/wizardly-davinci.82-223-8-23.plesk.page\/en\/wp-json\/wp\/v2\/media?parent=55415"}],"wp:term":[{"taxonomy":"product_cat","embeddable":true,"href":"https:\/\/wizardly-davinci.82-223-8-23.plesk.page\/en\/wp-json\/wp\/v2\/product_cat?post=55415"},{"taxonomy":"product_tag","embeddable":true,"href":"https:\/\/wizardly-davinci.82-223-8-23.plesk.page\/en\/wp-json\/wp\/v2\/product_tag?post=55415"},{"taxonomy":"edicion","embeddable":true,"href":"https:\/\/wizardly-davinci.82-223-8-23.plesk.page\/en\/wp-json\/wp\/v2\/edicion?post=55415"},{"taxonomy":"editoriales","embeddable":true,"href":"https:\/\/wizardly-davinci.82-223-8-23.plesk.page\/en\/wp-json\/wp\/v2\/editoriales?post=55415"},{"taxonomy":"tienda","embeddable":true,"href":"https:\/\/wizardly-davinci.82-223-8-23.plesk.page\/en\/wp-json\/wp\/v2\/tienda?post=55415"},{"taxonomy":"autor_id","embeddable":true,"href":"https:\/\/wizardly-davinci.82-223-8-23.plesk.page\/en\/wp-json\/wp\/v2\/autor_id?post=55415"},{"taxonomy":"universidades_coeditoras","embeddable":true,"href":"https:\/\/wizardly-davinci.82-223-8-23.plesk.page\/en\/wp-json\/wp\/v2\/universidades_coeditoras?post=55415"},{"taxonomy":"palabras_clave","embeddable":true,"href":"https:\/\/wizardly-davinci.82-223-8-23.plesk.page\/en\/wp-json\/wp\/v2\/palabras_clave?post=55415"},{"taxonomy":"listado_alfabetico","embeddable":true,"href":"https:\/\/wizardly-davinci.82-223-8-23.plesk.page\/en\/wp-json\/wp\/v2\/listado_alfabetico?post=55415"}],"curies":[{"name":"wp","href":"https:\/\/api.w.org\/{rel}","templated":true}]}}