{"id":55417,"date":"2019-04-09T23:53:11","date_gmt":"2019-04-09T21:53:11","guid":{"rendered":"https:\/\/octaedro.com\/libro\/taller-de-comprension-lectora\/"},"modified":"2023-02-22T13:40:03","modified_gmt":"2023-02-22T12:40:03","slug":"taller-de-comprension-lectora-2","status":"publish","type":"product","link":"https:\/\/wizardly-davinci.82-223-8-23.plesk.page\/en\/producto\/taller-de-comprension-lectora-2\/","title":{"rendered":"Taller de comprensi\u00f3n lectora"},"content":{"rendered":"<p>Este taller va dirigido a alumnado y docentes que sienten la necesidad de trabajar la capacidad de comprensi\u00f3n lectora, como una forma imprescindible para enfrentarse a la palabra escrita, comunicarse y confundirse con ella, pero tambi\u00e9n como una base inmejorable para alcanzar el nivel expresivo oral y escrito necesarios. Se presentan actividades con textos muy amenos y cercanos al joven, relacionadas con la eficacia lectora, la lectura silenciosa y expresiva, y las diferentes t\u00e9cnicas de comprensi\u00f3n y composici\u00f3n de textos. Con ellas el alumnado consigue conocerse cr\u00edticamente como lector, consolidar y afianzar sus habilidades lectoras y sobre todo desarrollar el gusto por la lectura como fuente de placer y de conocimiento.<\/p>\n","protected":false},"excerpt":{"rendered":"<p>Este taller va dirigido a alumnado y docentes que sienten la necesidad de trabajar la capacidad de comprensi\u00f3n lectora, como una forma imprescindible para enfrentarse a la palabra escrita, comunicarse y confundirse con ella, pero tambi\u00e9n como una base inmejorable para alcanzar el nivel expresivo oral y escrito necesarios. Se presentan actividades con textos muy amenos y cercanos al joven, relacionadas con la eficacia lectora, la lectura silenciosa y expresiva, y las diferentes t\u00e9cnicas de comprensi\u00f3n y composici\u00f3n de textos. Con ellas el alumnado consigue conocerse cr\u00edticamente como lector, consolidar y afianzar sus habilidades lectoras y sobre todo desarrollar el gusto por la lectura como fuente de placer y de conocimiento.<\/p>\n","protected":false},"featured_media":55418,"comment_status":"open","ping_status":"closed","template":"","meta":{"_et_pb_use_builder":"","_et_pb_old_content":"","_et_gb_content_width":""},"product_cat":[11858,11859],"product_tag":[11860],"edicion":[11865],"editoriales":[11867],"tienda":[],"autor_id":[19833],"universidades_coeditoras":[],"palabras_clave":[],"listado_alfabetico":[],"acf":[],"_links":{"self":[{"href":"https:\/\/wizardly-davinci.82-223-8-23.plesk.page\/en\/wp-json\/wp\/v2\/product\/55417"}],"collection":[{"href":"https:\/\/wizardly-davinci.82-223-8-23.plesk.page\/en\/wp-json\/wp\/v2\/product"}],"about":[{"href":"https:\/\/wizardly-davinci.82-223-8-23.plesk.page\/en\/wp-json\/wp\/v2\/types\/product"}],"replies":[{"embeddable":true,"href":"https:\/\/wizardly-davinci.82-223-8-23.plesk.page\/en\/wp-json\/wp\/v2\/comments?post=55417"}],"wp:featuredmedia":[{"embeddable":true,"href":"https:\/\/wizardly-davinci.82-223-8-23.plesk.page\/en\/wp-json\/wp\/v2\/media\/55418"}],"wp:attachment":[{"href":"https:\/\/wizardly-davinci.82-223-8-23.plesk.page\/en\/wp-json\/wp\/v2\/media?parent=55417"}],"wp:term":[{"taxonomy":"product_cat","embeddable":true,"href":"https:\/\/wizardly-davinci.82-223-8-23.plesk.page\/en\/wp-json\/wp\/v2\/product_cat?post=55417"},{"taxonomy":"product_tag","embeddable":true,"href":"https:\/\/wizardly-davinci.82-223-8-23.plesk.page\/en\/wp-json\/wp\/v2\/product_tag?post=55417"},{"taxonomy":"edicion","embeddable":true,"href":"https:\/\/wizardly-davinci.82-223-8-23.plesk.page\/en\/wp-json\/wp\/v2\/edicion?post=55417"},{"taxonomy":"editoriales","embeddable":true,"href":"https:\/\/wizardly-davinci.82-223-8-23.plesk.page\/en\/wp-json\/wp\/v2\/editoriales?post=55417"},{"taxonomy":"tienda","embeddable":true,"href":"https:\/\/wizardly-davinci.82-223-8-23.plesk.page\/en\/wp-json\/wp\/v2\/tienda?post=55417"},{"taxonomy":"autor_id","embeddable":true,"href":"https:\/\/wizardly-davinci.82-223-8-23.plesk.page\/en\/wp-json\/wp\/v2\/autor_id?post=55417"},{"taxonomy":"universidades_coeditoras","embeddable":true,"href":"https:\/\/wizardly-davinci.82-223-8-23.plesk.page\/en\/wp-json\/wp\/v2\/universidades_coeditoras?post=55417"},{"taxonomy":"palabras_clave","embeddable":true,"href":"https:\/\/wizardly-davinci.82-223-8-23.plesk.page\/en\/wp-json\/wp\/v2\/palabras_clave?post=55417"},{"taxonomy":"listado_alfabetico","embeddable":true,"href":"https:\/\/wizardly-davinci.82-223-8-23.plesk.page\/en\/wp-json\/wp\/v2\/listado_alfabetico?post=55417"}],"curies":[{"name":"wp","href":"https:\/\/api.w.org\/{rel}","templated":true}]}}