{"id":55419,"date":"2019-04-09T23:53:10","date_gmt":"2019-04-09T21:53:10","guid":{"rendered":"https:\/\/octaedro.com\/libro\/taller-de-prensa\/"},"modified":"2023-02-22T13:40:03","modified_gmt":"2023-02-22T12:40:03","slug":"taller-de-prensa-2","status":"publish","type":"product","link":"https:\/\/wizardly-davinci.82-223-8-23.plesk.page\/en\/producto\/taller-de-prensa-2\/","title":{"rendered":"Taller de prensa"},"content":{"rendered":"<p>Desde la educaci\u00f3n de ciudadanos y ciudadanas en una sociedad democr\u00e1tica, los conceptos de formaci\u00f3n e informaci\u00f3n deben estar \u00edntimamente relacionados y deben presentarse unidos frente a su opuesto: la manipulaci\u00f3n. De ah\u00ed que el estudio de la prensa se convierta en un instrumento eficaz y muy actual para el desarrollo de las capacidades comunicativas de la comprensi\u00f3n y la expresi\u00f3n. El alumnado ver\u00e1 con ojo cr\u00edtico qu\u00e9 es y c\u00f3mo se presenta la prensa, partir\u00e1n de hechos y problemas del mundo en el que viven para animarse a confeccionar su propio peri\u00f3dico de aula y usarlo como un instrumento imprescindible tanto para observar y para opinar, como para informar de la manera m\u00e1s objetiva posible.<\/p>\n","protected":false},"excerpt":{"rendered":"<p>Desde la educaci\u00f3n de ciudadanos y ciudadanas en una sociedad democr\u00e1tica, los conceptos de formaci\u00f3n e informaci\u00f3n deben estar \u00edntimamente relacionados y deben presentarse unidos frente a su opuesto: la manipulaci\u00f3n. De ah\u00ed que el estudio de la prensa se convierta en un instrumento eficaz y muy actual para el desarrollo de las capacidades comunicativas de la comprensi\u00f3n y la expresi\u00f3n. El alumnado ver\u00e1 con ojo cr\u00edtico qu\u00e9 es y c\u00f3mo se presenta la prensa, partir\u00e1n de hechos y problemas del mundo en el que viven para animarse a confeccionar su propio peri\u00f3dico de aula y usarlo como un instrumento imprescindible tanto para observar y para opinar, como para informar de la manera m\u00e1s objetiva posible.<\/p>\n","protected":false},"featured_media":55420,"comment_status":"open","ping_status":"closed","template":"","meta":{"_et_pb_use_builder":"","_et_pb_old_content":"","_et_gb_content_width":""},"product_cat":[11858],"product_tag":[11860],"edicion":[11865],"editoriales":[11867],"tienda":[],"autor_id":[14377,14479],"universidades_coeditoras":[],"palabras_clave":[],"listado_alfabetico":[],"acf":[],"_links":{"self":[{"href":"https:\/\/wizardly-davinci.82-223-8-23.plesk.page\/en\/wp-json\/wp\/v2\/product\/55419"}],"collection":[{"href":"https:\/\/wizardly-davinci.82-223-8-23.plesk.page\/en\/wp-json\/wp\/v2\/product"}],"about":[{"href":"https:\/\/wizardly-davinci.82-223-8-23.plesk.page\/en\/wp-json\/wp\/v2\/types\/product"}],"replies":[{"embeddable":true,"href":"https:\/\/wizardly-davinci.82-223-8-23.plesk.page\/en\/wp-json\/wp\/v2\/comments?post=55419"}],"wp:featuredmedia":[{"embeddable":true,"href":"https:\/\/wizardly-davinci.82-223-8-23.plesk.page\/en\/wp-json\/wp\/v2\/media\/55420"}],"wp:attachment":[{"href":"https:\/\/wizardly-davinci.82-223-8-23.plesk.page\/en\/wp-json\/wp\/v2\/media?parent=55419"}],"wp:term":[{"taxonomy":"product_cat","embeddable":true,"href":"https:\/\/wizardly-davinci.82-223-8-23.plesk.page\/en\/wp-json\/wp\/v2\/product_cat?post=55419"},{"taxonomy":"product_tag","embeddable":true,"href":"https:\/\/wizardly-davinci.82-223-8-23.plesk.page\/en\/wp-json\/wp\/v2\/product_tag?post=55419"},{"taxonomy":"edicion","embeddable":true,"href":"https:\/\/wizardly-davinci.82-223-8-23.plesk.page\/en\/wp-json\/wp\/v2\/edicion?post=55419"},{"taxonomy":"editoriales","embeddable":true,"href":"https:\/\/wizardly-davinci.82-223-8-23.plesk.page\/en\/wp-json\/wp\/v2\/editoriales?post=55419"},{"taxonomy":"tienda","embeddable":true,"href":"https:\/\/wizardly-davinci.82-223-8-23.plesk.page\/en\/wp-json\/wp\/v2\/tienda?post=55419"},{"taxonomy":"autor_id","embeddable":true,"href":"https:\/\/wizardly-davinci.82-223-8-23.plesk.page\/en\/wp-json\/wp\/v2\/autor_id?post=55419"},{"taxonomy":"universidades_coeditoras","embeddable":true,"href":"https:\/\/wizardly-davinci.82-223-8-23.plesk.page\/en\/wp-json\/wp\/v2\/universidades_coeditoras?post=55419"},{"taxonomy":"palabras_clave","embeddable":true,"href":"https:\/\/wizardly-davinci.82-223-8-23.plesk.page\/en\/wp-json\/wp\/v2\/palabras_clave?post=55419"},{"taxonomy":"listado_alfabetico","embeddable":true,"href":"https:\/\/wizardly-davinci.82-223-8-23.plesk.page\/en\/wp-json\/wp\/v2\/listado_alfabetico?post=55419"}],"curies":[{"name":"wp","href":"https:\/\/api.w.org\/{rel}","templated":true}]}}