{"id":55421,"date":"2019-04-09T23:53:09","date_gmt":"2019-04-09T21:53:09","guid":{"rendered":"https:\/\/octaedro.com\/libro\/taller-de-publicidad\/"},"modified":"2023-02-22T13:40:07","modified_gmt":"2023-02-22T12:40:07","slug":"taller-de-publicidad-2","status":"publish","type":"product","link":"https:\/\/wizardly-davinci.82-223-8-23.plesk.page\/en\/producto\/taller-de-publicidad-2\/","title":{"rendered":"Taller de publicidad"},"content":{"rendered":"<p>Es esta una completa gu\u00eda de todos aquellos mensajes publicitarios, llamativos y coloristas, que nos asaltan de forma continua en nuestra vida cotidiana. El alumnado se detiene en un estudio pormenorizado de la publicidad; analiza exhaustivamente el dise\u00f1o, los productos, los distintos recursos; sus principios, su t\u00e9cnica para descubrir qu\u00e9 nos quieren decir&#8230; y llega a formarse un juicio cr\u00edtico de su consonancia con la t\u00f3nica de nuestros tiempos. As\u00ed, con actividades que desarrollan especialmente su atenci\u00f3n y su discapacidad creativa, llegar\u00e1 a descubrirse a s\u00ed mismo y su papel en la sociedad de ensue\u00f1o, maravillas y deseos que nos pondera continuamente el mundo publicitario.<\/p>\n","protected":false},"excerpt":{"rendered":"<p>Es esta una completa gu\u00eda de todos aquellos mensajes publicitarios, llamativos y coloristas, que nos asaltan de forma continua en nuestra vida cotidiana. El alumnado se detiene en un estudio pormenorizado de la publicidad; analiza exhaustivamente el dise\u00f1o, los productos, los distintos recursos; sus principios, su t\u00e9cnica para descubrir qu\u00e9 nos quieren decir&#8230; y llega a formarse un juicio cr\u00edtico de su consonancia con la t\u00f3nica de nuestros tiempos. As\u00ed, con actividades que desarrollan especialmente su atenci\u00f3n y su discapacidad creativa, llegar\u00e1 a descubrirse a s\u00ed mismo y su papel en la sociedad de ensue\u00f1o, maravillas y deseos que nos pondera continuamente el mundo publicitario.<\/p>\n","protected":false},"featured_media":55422,"comment_status":"open","ping_status":"closed","template":"","meta":{"_et_pb_use_builder":"","_et_pb_old_content":"","_et_gb_content_width":""},"product_cat":[11858],"product_tag":[11860],"edicion":[11865],"editoriales":[11867],"tienda":[],"autor_id":[14141],"universidades_coeditoras":[],"palabras_clave":[],"listado_alfabetico":[],"acf":[],"_links":{"self":[{"href":"https:\/\/wizardly-davinci.82-223-8-23.plesk.page\/en\/wp-json\/wp\/v2\/product\/55421"}],"collection":[{"href":"https:\/\/wizardly-davinci.82-223-8-23.plesk.page\/en\/wp-json\/wp\/v2\/product"}],"about":[{"href":"https:\/\/wizardly-davinci.82-223-8-23.plesk.page\/en\/wp-json\/wp\/v2\/types\/product"}],"replies":[{"embeddable":true,"href":"https:\/\/wizardly-davinci.82-223-8-23.plesk.page\/en\/wp-json\/wp\/v2\/comments?post=55421"}],"wp:featuredmedia":[{"embeddable":true,"href":"https:\/\/wizardly-davinci.82-223-8-23.plesk.page\/en\/wp-json\/wp\/v2\/media\/55422"}],"wp:attachment":[{"href":"https:\/\/wizardly-davinci.82-223-8-23.plesk.page\/en\/wp-json\/wp\/v2\/media?parent=55421"}],"wp:term":[{"taxonomy":"product_cat","embeddable":true,"href":"https:\/\/wizardly-davinci.82-223-8-23.plesk.page\/en\/wp-json\/wp\/v2\/product_cat?post=55421"},{"taxonomy":"product_tag","embeddable":true,"href":"https:\/\/wizardly-davinci.82-223-8-23.plesk.page\/en\/wp-json\/wp\/v2\/product_tag?post=55421"},{"taxonomy":"edicion","embeddable":true,"href":"https:\/\/wizardly-davinci.82-223-8-23.plesk.page\/en\/wp-json\/wp\/v2\/edicion?post=55421"},{"taxonomy":"editoriales","embeddable":true,"href":"https:\/\/wizardly-davinci.82-223-8-23.plesk.page\/en\/wp-json\/wp\/v2\/editoriales?post=55421"},{"taxonomy":"tienda","embeddable":true,"href":"https:\/\/wizardly-davinci.82-223-8-23.plesk.page\/en\/wp-json\/wp\/v2\/tienda?post=55421"},{"taxonomy":"autor_id","embeddable":true,"href":"https:\/\/wizardly-davinci.82-223-8-23.plesk.page\/en\/wp-json\/wp\/v2\/autor_id?post=55421"},{"taxonomy":"universidades_coeditoras","embeddable":true,"href":"https:\/\/wizardly-davinci.82-223-8-23.plesk.page\/en\/wp-json\/wp\/v2\/universidades_coeditoras?post=55421"},{"taxonomy":"palabras_clave","embeddable":true,"href":"https:\/\/wizardly-davinci.82-223-8-23.plesk.page\/en\/wp-json\/wp\/v2\/palabras_clave?post=55421"},{"taxonomy":"listado_alfabetico","embeddable":true,"href":"https:\/\/wizardly-davinci.82-223-8-23.plesk.page\/en\/wp-json\/wp\/v2\/listado_alfabetico?post=55421"}],"curies":[{"name":"wp","href":"https:\/\/api.w.org\/{rel}","templated":true}]}}