{"id":55423,"date":"2019-04-09T23:53:08","date_gmt":"2019-04-09T21:53:08","guid":{"rendered":"https:\/\/octaedro.com\/libro\/taller-de-expresion-escrita\/"},"modified":"2023-02-22T13:40:07","modified_gmt":"2023-02-22T12:40:07","slug":"taller-de-expresion-escrita-2","status":"publish","type":"product","link":"https:\/\/wizardly-davinci.82-223-8-23.plesk.page\/en\/producto\/taller-de-expresion-escrita-2\/","title":{"rendered":"Taller de expresi\u00f3n escrita"},"content":{"rendered":"<p>Escribir no es f\u00e1cil, a veces ni las personas m\u00e1s preparadas intelectualmente lo saben como hacer, y sin embargo \u00a1qu\u00e9 necesario es, qu\u00e9 \u00fatil, qu\u00e9 gratificante! Transmitir al alumnado de secundaria que puede escribir y puede hacerlo con eficacia es uno de los principales objetivos de este taller. Las actividades redundan en contactos imprescindibles con la palabra y la expresi\u00f3n escrita: la composici\u00f3n, la redacci\u00f3n, transformaci\u00f3n, puntuaci\u00f3n, creaci\u00f3n&#8230; que conformar\u00e1n sus destrezas ling\u00fc\u00edsticas escritas, imprescindibles tambi\u00e9n para todas las \u00e1reas de esta etapa.<\/p>\n","protected":false},"excerpt":{"rendered":"<p>Escribir no es f\u00e1cil, a veces ni las personas m\u00e1s preparadas intelectualmente lo saben como hacer, y sin embargo \u00a1qu\u00e9 necesario es, qu\u00e9 \u00fatil, qu\u00e9 gratificante! Transmitir al alumnado de secundaria que puede escribir y puede hacerlo con eficacia es uno de los principales objetivos de este taller. Las actividades redundan en contactos imprescindibles con la palabra y la expresi\u00f3n escrita: la composici\u00f3n, la redacci\u00f3n, transformaci\u00f3n, puntuaci\u00f3n, creaci\u00f3n&#8230; que conformar\u00e1n sus destrezas ling\u00fc\u00edsticas escritas, imprescindibles tambi\u00e9n para todas las \u00e1reas de esta etapa.<\/p>\n","protected":false},"featured_media":55424,"comment_status":"open","ping_status":"closed","template":"","meta":{"_et_pb_use_builder":"","_et_pb_old_content":"","_et_gb_content_width":""},"product_cat":[11858,11859],"product_tag":[11860],"edicion":[11865],"editoriales":[11867],"tienda":[],"autor_id":[14464],"universidades_coeditoras":[],"palabras_clave":[],"listado_alfabetico":[],"acf":[],"_links":{"self":[{"href":"https:\/\/wizardly-davinci.82-223-8-23.plesk.page\/en\/wp-json\/wp\/v2\/product\/55423"}],"collection":[{"href":"https:\/\/wizardly-davinci.82-223-8-23.plesk.page\/en\/wp-json\/wp\/v2\/product"}],"about":[{"href":"https:\/\/wizardly-davinci.82-223-8-23.plesk.page\/en\/wp-json\/wp\/v2\/types\/product"}],"replies":[{"embeddable":true,"href":"https:\/\/wizardly-davinci.82-223-8-23.plesk.page\/en\/wp-json\/wp\/v2\/comments?post=55423"}],"wp:featuredmedia":[{"embeddable":true,"href":"https:\/\/wizardly-davinci.82-223-8-23.plesk.page\/en\/wp-json\/wp\/v2\/media\/55424"}],"wp:attachment":[{"href":"https:\/\/wizardly-davinci.82-223-8-23.plesk.page\/en\/wp-json\/wp\/v2\/media?parent=55423"}],"wp:term":[{"taxonomy":"product_cat","embeddable":true,"href":"https:\/\/wizardly-davinci.82-223-8-23.plesk.page\/en\/wp-json\/wp\/v2\/product_cat?post=55423"},{"taxonomy":"product_tag","embeddable":true,"href":"https:\/\/wizardly-davinci.82-223-8-23.plesk.page\/en\/wp-json\/wp\/v2\/product_tag?post=55423"},{"taxonomy":"edicion","embeddable":true,"href":"https:\/\/wizardly-davinci.82-223-8-23.plesk.page\/en\/wp-json\/wp\/v2\/edicion?post=55423"},{"taxonomy":"editoriales","embeddable":true,"href":"https:\/\/wizardly-davinci.82-223-8-23.plesk.page\/en\/wp-json\/wp\/v2\/editoriales?post=55423"},{"taxonomy":"tienda","embeddable":true,"href":"https:\/\/wizardly-davinci.82-223-8-23.plesk.page\/en\/wp-json\/wp\/v2\/tienda?post=55423"},{"taxonomy":"autor_id","embeddable":true,"href":"https:\/\/wizardly-davinci.82-223-8-23.plesk.page\/en\/wp-json\/wp\/v2\/autor_id?post=55423"},{"taxonomy":"universidades_coeditoras","embeddable":true,"href":"https:\/\/wizardly-davinci.82-223-8-23.plesk.page\/en\/wp-json\/wp\/v2\/universidades_coeditoras?post=55423"},{"taxonomy":"palabras_clave","embeddable":true,"href":"https:\/\/wizardly-davinci.82-223-8-23.plesk.page\/en\/wp-json\/wp\/v2\/palabras_clave?post=55423"},{"taxonomy":"listado_alfabetico","embeddable":true,"href":"https:\/\/wizardly-davinci.82-223-8-23.plesk.page\/en\/wp-json\/wp\/v2\/listado_alfabetico?post=55423"}],"curies":[{"name":"wp","href":"https:\/\/api.w.org\/{rel}","templated":true}]}}