{"id":55425,"date":"2019-04-09T23:53:08","date_gmt":"2019-04-09T21:53:08","guid":{"rendered":"https:\/\/octaedro.com\/libro\/nietzsche-excesivamente-humano\/"},"modified":"2023-02-22T13:40:07","modified_gmt":"2023-02-22T12:40:07","slug":"nietzsche-excesivamente-humano-2","status":"publish","type":"product","link":"https:\/\/wizardly-davinci.82-223-8-23.plesk.page\/en\/producto\/nietzsche-excesivamente-humano-2\/","title":{"rendered":"Nietzsche excesivamente humano"},"content":{"rendered":"<p>\u00abEn este texto, la autora, <span class=\"destacat\">Ang\u00e9lica S\u00e1tiro<\/span>, nos invita a participar en el juego que ella realiza con Nietzsche. La mujer que dialoga con el fil\u00f3sofo, la propia Ang\u00e9lica, penetrada por su pensamiento, se acerca a \u00e9l para deshojar su corona, para golpear los pies del \u00eddolo en que se ha convertido, pues solo cuando se pierde al maestro, como dice Zaratustra, nos podemos encontrar a nosotros mismos. El texto nos introduce en un espacio esc\u00e9nico donde se desarrolla una acci\u00f3n, en la que los asistentes no podemos dejar de participar activamente.<br \/>\nLa mujer intenta poner a Nietzsche ante el espejo de Apolo, para que \u00e9l mismo vaya descubriendo, o barruntando, un cierto hilo conductor en sus inspiraciones y devaneos; pero son los fogonazos de luz que salen de la boca de Nietzsche los que proporcionan a la mujer el material para seguir pensando sobre el arte, la creatividad y la vida.\u00bb<br \/>\nDel Pr\u00f3logo de Tom\u00e1s Miranda Alonso<\/p>\n<p>Este libro forma parte del Proyecto Noria. Este proyecto, heredero del legado de Filosof\u00eda para Ni\u00f1os de Matthew Lipman y su colaboradora Ann Margaret Sharp, propone una educaci\u00f3n reflexiva y creativa. Los recursos utilizados para \u00abjugar a pensar\u00bb son el arte, la narrativa y el juego (actividades l\u00fadicas).<br \/>\nPara saber m\u00e1s: www.wizardly-davinci.82-223-8-23.plesk.page\/noria<\/p>\n<p>Por otro lado, este libro es una de las herramientas del Movimiento de Filosof\u00eda L\u00fadica, que pretende jugar a pensar y pensar jugando. Este movimiento se manifiesta a favor del gusto por el cultivo del pensamiento y del placer de pensar desde el asombro y la maravilla producida por la vida. Es una praxis filos\u00f3fica transformadora, que recupera el origen etimol\u00f3gico de la palabra filosof\u00eda: amor por la sabidur\u00eda. Por lo tanto, se trata de un modo de pensar vinculado a la dimensi\u00f3n emocional y social, que va m\u00e1s all\u00e1 de relacionar informaciones. Pretende quitar el velo del aburrimiento que ha estado ocultando el valor de la filosof\u00eda, una valiosa forma del conocimiento humano.<br \/>\nPara saber m\u00e1s: www.lacasacreativa.net , www.crearmundos.net, www.angelicasatiro.net , www.facebook\/filosofialudica<\/p>\n","protected":false},"excerpt":{"rendered":"<p>\u00abEn este texto, la autora, <span class=\"destacat\">Ang\u00e9lica S\u00e1tiro<\/span>, nos invita a participar en el juego que ella realiza con Nietzsche. La mujer que dialoga con el fil\u00f3sofo, la propia Ang\u00e9lica, penetrada por su pensamiento, se acerca a \u00e9l para deshojar su corona, para golpear los pies del \u00eddolo en que se ha convertido, pues solo cuando se pierde al maestro, como dice Zaratustra, nos podemos encontrar a nosotros mismos. El texto nos introduce en un espacio esc\u00e9nico donde se desarrolla una acci\u00f3n, en la que los asistentes no podemos dejar de participar activamente.<br \/>\nLa mujer intenta poner a Nietzsche ante el espejo de Apolo, para que \u00e9l mismo vaya descubriendo, o barruntando, un cierto hilo conductor en sus inspiraciones y devaneos; pero son los fogonazos de luz que salen de la boca de Nietzsche los que proporcionan a la mujer el material para seguir pensando sobre el arte, la creatividad y la vida.\u00bb<br \/>\nDel Pr\u00f3logo de Tom\u00e1s Miranda Alonso<\/p>\n<p>Este libro forma parte del Proyecto Noria. Este proyecto, heredero del legado de Filosof\u00eda para Ni\u00f1os de Matthew Lipman y su colaboradora Ann Margaret Sharp, propone una educaci\u00f3n reflexiva y creativa. Los recursos utilizados para \u00abjugar a pensar\u00bb son el arte, la narrativa y el juego (actividades l\u00fadicas).<br \/>\nPara saber m\u00e1s: www.wizardly-davinci.82-223-8-23.plesk.page\/noria<\/p>\n<p>Por otro lado, este libro es una de las herramientas del Movimiento de Filosof\u00eda L\u00fadica, que pretende jugar a pensar y pensar jugando. Este movimiento se manifiesta a favor del gusto por el cultivo del pensamiento y del placer de pensar desde el asombro y la maravilla producida por la vida. Es una praxis filos\u00f3fica transformadora, que recupera el origen etimol\u00f3gico de la palabra filosof\u00eda: amor por la sabidur\u00eda. Por lo tanto, se trata de un modo de pensar vinculado a la dimensi\u00f3n emocional y social, que va m\u00e1s all\u00e1 de relacionar informaciones. Pretende quitar el velo del aburrimiento que ha estado ocultando el valor de la filosof\u00eda, una valiosa forma del conocimiento humano.<br \/>\nPara saber m\u00e1s: www.lacasacreativa.net , www.crearmundos.net, www.angelicasatiro.net , www.facebook\/filosofialudica<\/p>\n","protected":false},"featured_media":55426,"comment_status":"open","ping_status":"closed","template":"","meta":{"_et_pb_use_builder":"","_et_pb_old_content":"","_et_gb_content_width":""},"product_cat":[11899,11858,11859,11912],"product_tag":[11892],"edicion":[12199,11865],"editoriales":[11867],"tienda":[],"autor_id":[12394],"universidades_coeditoras":[],"palabras_clave":[],"listado_alfabetico":[],"acf":[],"_links":{"self":[{"href":"https:\/\/wizardly-davinci.82-223-8-23.plesk.page\/en\/wp-json\/wp\/v2\/product\/55425"}],"collection":[{"href":"https:\/\/wizardly-davinci.82-223-8-23.plesk.page\/en\/wp-json\/wp\/v2\/product"}],"about":[{"href":"https:\/\/wizardly-davinci.82-223-8-23.plesk.page\/en\/wp-json\/wp\/v2\/types\/product"}],"replies":[{"embeddable":true,"href":"https:\/\/wizardly-davinci.82-223-8-23.plesk.page\/en\/wp-json\/wp\/v2\/comments?post=55425"}],"wp:featuredmedia":[{"embeddable":true,"href":"https:\/\/wizardly-davinci.82-223-8-23.plesk.page\/en\/wp-json\/wp\/v2\/media\/55426"}],"wp:attachment":[{"href":"https:\/\/wizardly-davinci.82-223-8-23.plesk.page\/en\/wp-json\/wp\/v2\/media?parent=55425"}],"wp:term":[{"taxonomy":"product_cat","embeddable":true,"href":"https:\/\/wizardly-davinci.82-223-8-23.plesk.page\/en\/wp-json\/wp\/v2\/product_cat?post=55425"},{"taxonomy":"product_tag","embeddable":true,"href":"https:\/\/wizardly-davinci.82-223-8-23.plesk.page\/en\/wp-json\/wp\/v2\/product_tag?post=55425"},{"taxonomy":"edicion","embeddable":true,"href":"https:\/\/wizardly-davinci.82-223-8-23.plesk.page\/en\/wp-json\/wp\/v2\/edicion?post=55425"},{"taxonomy":"editoriales","embeddable":true,"href":"https:\/\/wizardly-davinci.82-223-8-23.plesk.page\/en\/wp-json\/wp\/v2\/editoriales?post=55425"},{"taxonomy":"tienda","embeddable":true,"href":"https:\/\/wizardly-davinci.82-223-8-23.plesk.page\/en\/wp-json\/wp\/v2\/tienda?post=55425"},{"taxonomy":"autor_id","embeddable":true,"href":"https:\/\/wizardly-davinci.82-223-8-23.plesk.page\/en\/wp-json\/wp\/v2\/autor_id?post=55425"},{"taxonomy":"universidades_coeditoras","embeddable":true,"href":"https:\/\/wizardly-davinci.82-223-8-23.plesk.page\/en\/wp-json\/wp\/v2\/universidades_coeditoras?post=55425"},{"taxonomy":"palabras_clave","embeddable":true,"href":"https:\/\/wizardly-davinci.82-223-8-23.plesk.page\/en\/wp-json\/wp\/v2\/palabras_clave?post=55425"},{"taxonomy":"listado_alfabetico","embeddable":true,"href":"https:\/\/wizardly-davinci.82-223-8-23.plesk.page\/en\/wp-json\/wp\/v2\/listado_alfabetico?post=55425"}],"curies":[{"name":"wp","href":"https:\/\/api.w.org\/{rel}","templated":true}]}}