{"id":55427,"date":"2019-04-09T23:53:07","date_gmt":"2019-04-09T21:53:07","guid":{"rendered":"https:\/\/octaedro.com\/libro\/filosofia-minima\/"},"modified":"2023-02-22T13:40:07","modified_gmt":"2023-02-22T12:40:07","slug":"filosofia-minima-2","status":"publish","type":"product","link":"https:\/\/wizardly-davinci.82-223-8-23.plesk.page\/en\/producto\/filosofia-minima-2\/","title":{"rendered":"Filosof\u00eda m\u00ednima"},"content":{"rendered":"<p>La filosof\u00eda m\u00ednima es\u2026<\/p>\n<p>Filosof\u00eda hecha desde una raz\u00f3n<br \/>\nenamorada de la vida.<\/p>\n<p>Filosof\u00eda hecha de ideas breves<br \/>\ne intensamente concentradas, que caben<br \/>\nen una sola respiraci\u00f3n.<\/p>\n<p>Filosof\u00eda escultora que mancha las manos<br \/>\ncon el fango emocional que habita las ideas.<\/p>\n<p>\u201cLa realidad actual est\u00e1 llena de informaciones de todo tipo, todas ellas colocadas conjuntamente, sin criterios que ayuden a identificar y discriminar las m\u00e1s importantes de las superficiales. Entenderla es como jugar a leer \u00bfD\u00f3nde est\u00e1 Wally? Cuando miramos estos libros-juego, vemos los ac\u00famulos de informaciones, est\u00edmulos, formas, colores que componen el conjunto de la imagen. Hay que descubrir a Wally en medio de todo aquello. Lo mismo ocurre cuando se trata de ubicarse en la realidad; hay que ser capaz de discernir qu\u00e9 es importante en medio del exceso epistemol\u00f3gico, moral, pol\u00edtico, est\u00e9tico, etc. Hace falta aprender a ver los detalles y descubrir si en ellos est\u00e1 lo importante, lo imprescindible, lo esencial. Esto implica aprender a ver las m\u00ednimas expresiones, a descifrar las s\u00edntesis, a jugar a descubrir las pistas que conducen al entendimiento de la realidad y a la construcci\u00f3n de una visi\u00f3n del mundo que sea sostenible.<br \/>\nEste libro fue escrito con el objetivo de ser sutil, delicado e inspirador para quienes quieran aventurarse a jugar a pensar consigo mismos, con ni\u00f1os y j\u00f3venes, y dem\u00e1s interesados. Por ello se trata de una filosof\u00eda m\u00ednima, que es una filosof\u00eda l\u00fadica. Espero que la disfruten\u2026<br \/>\nY como la filosof\u00eda l\u00fadica es un movimiento, la parte B de este libro trae un manifiesto, tambi\u00e9n m\u00ednimo. Deseo que este manifiesto sea reproducido, centuplicado, multiplicado, vivido y disfrutado por todas las personas que pretendan gozar de su pensamiento y de su amor por la sabidur\u00eda.<br \/>\nUn filoabrazo.\u201d<br \/>\nAng\u00e9lica S\u00e1tiro<\/p>\n","protected":false},"excerpt":{"rendered":"<p>La filosof\u00eda m\u00ednima es\u2026<\/p>\n<p>Filosof\u00eda hecha desde una raz\u00f3n<br \/>\nenamorada de la vida.<\/p>\n<p>Filosof\u00eda hecha de ideas breves<br \/>\ne intensamente concentradas, que caben<br \/>\nen una sola respiraci\u00f3n.<\/p>\n<p>Filosof\u00eda escultora que mancha las manos<br \/>\ncon el fango emocional que habita las ideas.<\/p>\n<p>\u201cLa realidad actual est\u00e1 llena de informaciones de todo tipo, todas ellas colocadas conjuntamente, sin criterios que ayuden a identificar y discriminar las m\u00e1s importantes de las superficiales. Entenderla es como jugar a leer \u00bfD\u00f3nde est\u00e1 Wally? Cuando miramos estos libros-juego, vemos los ac\u00famulos de informaciones, est\u00edmulos, formas, colores que componen el conjunto de la imagen. Hay que descubrir a Wally en medio de todo aquello. Lo mismo ocurre cuando se trata de ubicarse en la realidad; hay que ser capaz de discernir qu\u00e9 es importante en medio del exceso epistemol\u00f3gico, moral, pol\u00edtico, est\u00e9tico, etc. Hace falta aprender a ver los detalles y descubrir si en ellos est\u00e1 lo importante, lo imprescindible, lo esencial. Esto implica aprender a ver las m\u00ednimas expresiones, a descifrar las s\u00edntesis, a jugar a descubrir las pistas que conducen al entendimiento de la realidad y a la construcci\u00f3n de una visi\u00f3n del mundo que sea sostenible.<br \/>\nEste libro fue escrito con el objetivo de ser sutil, delicado e inspirador para quienes quieran aventurarse a jugar a pensar consigo mismos, con ni\u00f1os y j\u00f3venes, y dem\u00e1s interesados. Por ello se trata de una filosof\u00eda m\u00ednima, que es una filosof\u00eda l\u00fadica. Espero que la disfruten\u2026<br \/>\nY como la filosof\u00eda l\u00fadica es un movimiento, la parte B de este libro trae un manifiesto, tambi\u00e9n m\u00ednimo. Deseo que este manifiesto sea reproducido, centuplicado, multiplicado, vivido y disfrutado por todas las personas que pretendan gozar de su pensamiento y de su amor por la sabidur\u00eda.<br \/>\nUn filoabrazo.\u201d<br \/>\nAng\u00e9lica S\u00e1tiro<\/p>\n","protected":false},"featured_media":55428,"comment_status":"open","ping_status":"closed","template":"","meta":{"_et_pb_use_builder":"","_et_pb_old_content":"","_et_gb_content_width":""},"product_cat":[11858,11859],"product_tag":[11860],"edicion":[11865],"editoriales":[11867],"tienda":[],"autor_id":[12394],"universidades_coeditoras":[],"palabras_clave":[],"listado_alfabetico":[],"acf":[],"_links":{"self":[{"href":"https:\/\/wizardly-davinci.82-223-8-23.plesk.page\/en\/wp-json\/wp\/v2\/product\/55427"}],"collection":[{"href":"https:\/\/wizardly-davinci.82-223-8-23.plesk.page\/en\/wp-json\/wp\/v2\/product"}],"about":[{"href":"https:\/\/wizardly-davinci.82-223-8-23.plesk.page\/en\/wp-json\/wp\/v2\/types\/product"}],"replies":[{"embeddable":true,"href":"https:\/\/wizardly-davinci.82-223-8-23.plesk.page\/en\/wp-json\/wp\/v2\/comments?post=55427"}],"wp:featuredmedia":[{"embeddable":true,"href":"https:\/\/wizardly-davinci.82-223-8-23.plesk.page\/en\/wp-json\/wp\/v2\/media\/55428"}],"wp:attachment":[{"href":"https:\/\/wizardly-davinci.82-223-8-23.plesk.page\/en\/wp-json\/wp\/v2\/media?parent=55427"}],"wp:term":[{"taxonomy":"product_cat","embeddable":true,"href":"https:\/\/wizardly-davinci.82-223-8-23.plesk.page\/en\/wp-json\/wp\/v2\/product_cat?post=55427"},{"taxonomy":"product_tag","embeddable":true,"href":"https:\/\/wizardly-davinci.82-223-8-23.plesk.page\/en\/wp-json\/wp\/v2\/product_tag?post=55427"},{"taxonomy":"edicion","embeddable":true,"href":"https:\/\/wizardly-davinci.82-223-8-23.plesk.page\/en\/wp-json\/wp\/v2\/edicion?post=55427"},{"taxonomy":"editoriales","embeddable":true,"href":"https:\/\/wizardly-davinci.82-223-8-23.plesk.page\/en\/wp-json\/wp\/v2\/editoriales?post=55427"},{"taxonomy":"tienda","embeddable":true,"href":"https:\/\/wizardly-davinci.82-223-8-23.plesk.page\/en\/wp-json\/wp\/v2\/tienda?post=55427"},{"taxonomy":"autor_id","embeddable":true,"href":"https:\/\/wizardly-davinci.82-223-8-23.plesk.page\/en\/wp-json\/wp\/v2\/autor_id?post=55427"},{"taxonomy":"universidades_coeditoras","embeddable":true,"href":"https:\/\/wizardly-davinci.82-223-8-23.plesk.page\/en\/wp-json\/wp\/v2\/universidades_coeditoras?post=55427"},{"taxonomy":"palabras_clave","embeddable":true,"href":"https:\/\/wizardly-davinci.82-223-8-23.plesk.page\/en\/wp-json\/wp\/v2\/palabras_clave?post=55427"},{"taxonomy":"listado_alfabetico","embeddable":true,"href":"https:\/\/wizardly-davinci.82-223-8-23.plesk.page\/en\/wp-json\/wp\/v2\/listado_alfabetico?post=55427"}],"curies":[{"name":"wp","href":"https:\/\/api.w.org\/{rel}","templated":true}]}}