{"id":55431,"date":"2019-04-09T23:53:05","date_gmt":"2019-04-09T21:53:05","guid":{"rendered":"https:\/\/octaedro.com\/libro\/el-proceso-creativo-desde-la-perspectiva-de-la-creatividad-como-una-capacidad-sistemica\/"},"modified":"2023-02-22T13:40:07","modified_gmt":"2023-02-22T12:40:07","slug":"el-proceso-creativo-desde-la-perspectiva-de-la-creatividad-como-una-capacidad-sistemica","status":"publish","type":"product","link":"https:\/\/wizardly-davinci.82-223-8-23.plesk.page\/en\/producto\/el-proceso-creativo-desde-la-perspectiva-de-la-creatividad-como-una-capacidad-sistemica\/","title":{"rendered":"El proceso creativo desde la perspectiva de la creatividad como una capacidad sist\u00e9mica"},"content":{"rendered":"<p>El \u00e1rbol retrata la vida en su dinamismo con el cielo, la tierra, los dem\u00e1s seres vivos, adem\u00e1s de remarcar la creaci\u00f3n y la transformaci\u00f3n constante en su ciclo vital. Este s\u00edmbolo sintoniza con lo que esta colecci\u00f3n pretende desarrollar: el dinamismo y la conexi\u00f3n pr\u00e1ctica de la capacidad creativa con el mundo.<\/p>\n","protected":false},"excerpt":{"rendered":"<p>El \u00e1rbol retrata la vida en su dinamismo con el cielo, la tierra, los dem\u00e1s seres vivos, adem\u00e1s de remarcar la creaci\u00f3n y la transformaci\u00f3n constante en su ciclo vital. Este s\u00edmbolo sintoniza con lo que esta colecci\u00f3n pretende desarrollar: el dinamismo y la conexi\u00f3n pr\u00e1ctica de la capacidad creativa con el mundo.<\/p>\n","protected":false},"featured_media":55432,"comment_status":"open","ping_status":"closed","template":"","meta":{"_et_pb_use_builder":"","_et_pb_old_content":"","_et_gb_content_width":""},"product_cat":[11858,11922],"product_tag":[11860],"edicion":[],"editoriales":[11867],"tienda":[],"autor_id":[20083],"universidades_coeditoras":[],"palabras_clave":[],"listado_alfabetico":[],"acf":[],"_links":{"self":[{"href":"https:\/\/wizardly-davinci.82-223-8-23.plesk.page\/en\/wp-json\/wp\/v2\/product\/55431"}],"collection":[{"href":"https:\/\/wizardly-davinci.82-223-8-23.plesk.page\/en\/wp-json\/wp\/v2\/product"}],"about":[{"href":"https:\/\/wizardly-davinci.82-223-8-23.plesk.page\/en\/wp-json\/wp\/v2\/types\/product"}],"replies":[{"embeddable":true,"href":"https:\/\/wizardly-davinci.82-223-8-23.plesk.page\/en\/wp-json\/wp\/v2\/comments?post=55431"}],"wp:featuredmedia":[{"embeddable":true,"href":"https:\/\/wizardly-davinci.82-223-8-23.plesk.page\/en\/wp-json\/wp\/v2\/media\/55432"}],"wp:attachment":[{"href":"https:\/\/wizardly-davinci.82-223-8-23.plesk.page\/en\/wp-json\/wp\/v2\/media?parent=55431"}],"wp:term":[{"taxonomy":"product_cat","embeddable":true,"href":"https:\/\/wizardly-davinci.82-223-8-23.plesk.page\/en\/wp-json\/wp\/v2\/product_cat?post=55431"},{"taxonomy":"product_tag","embeddable":true,"href":"https:\/\/wizardly-davinci.82-223-8-23.plesk.page\/en\/wp-json\/wp\/v2\/product_tag?post=55431"},{"taxonomy":"edicion","embeddable":true,"href":"https:\/\/wizardly-davinci.82-223-8-23.plesk.page\/en\/wp-json\/wp\/v2\/edicion?post=55431"},{"taxonomy":"editoriales","embeddable":true,"href":"https:\/\/wizardly-davinci.82-223-8-23.plesk.page\/en\/wp-json\/wp\/v2\/editoriales?post=55431"},{"taxonomy":"tienda","embeddable":true,"href":"https:\/\/wizardly-davinci.82-223-8-23.plesk.page\/en\/wp-json\/wp\/v2\/tienda?post=55431"},{"taxonomy":"autor_id","embeddable":true,"href":"https:\/\/wizardly-davinci.82-223-8-23.plesk.page\/en\/wp-json\/wp\/v2\/autor_id?post=55431"},{"taxonomy":"universidades_coeditoras","embeddable":true,"href":"https:\/\/wizardly-davinci.82-223-8-23.plesk.page\/en\/wp-json\/wp\/v2\/universidades_coeditoras?post=55431"},{"taxonomy":"palabras_clave","embeddable":true,"href":"https:\/\/wizardly-davinci.82-223-8-23.plesk.page\/en\/wp-json\/wp\/v2\/palabras_clave?post=55431"},{"taxonomy":"listado_alfabetico","embeddable":true,"href":"https:\/\/wizardly-davinci.82-223-8-23.plesk.page\/en\/wp-json\/wp\/v2\/listado_alfabetico?post=55431"}],"curies":[{"name":"wp","href":"https:\/\/api.w.org\/{rel}","templated":true}]}}