{"id":55477,"date":"2019-04-09T23:52:44","date_gmt":"2019-04-09T21:52:44","guid":{"rendered":"https:\/\/octaedro.com\/libro\/elementos-gramaticales-basicos-del-espanol\/"},"modified":"2023-02-22T13:40:13","modified_gmt":"2023-02-22T12:40:13","slug":"elementos-gramaticales-basicos-del-espanol-2","status":"publish","type":"product","link":"https:\/\/wizardly-davinci.82-223-8-23.plesk.page\/en\/producto\/elementos-gramaticales-basicos-del-espanol-2\/","title":{"rendered":"Elementos gramaticales b\u00e1sicos del espa\u00f1ol"},"content":{"rendered":"<p>En este cuaderno se recoge una s\u00edntesis de aquellas cuestiones gramaticales que presentan mayor dificultad para los estudiantes de lengua castellana.<br \/>\nAdem\u00e1s este cuaderno de ejercicios est\u00e1 pensado como complemento de la gram\u00e1tica <a>De las palabras a los textos<\/a>. Por eso su enfoque y presentaci\u00f3n se han respetado los mismos criterios en que se ha basado la elaboraci\u00f3n de la citada gram\u00e1tica; es decir, aparecen claramente delimitados los aspectos morfol\u00f3gico, sint\u00e1ctico, sem\u00e1ntico y del discurso.<\/p>\n","protected":false},"excerpt":{"rendered":"<p>En este cuaderno se recoge una s\u00edntesis de aquellas cuestiones gramaticales que presentan mayor dificultad para los estudiantes de lengua castellana.<br \/>\nAdem\u00e1s este cuaderno de ejercicios est\u00e1 pensado como complemento de la gram\u00e1tica <a>De las palabras a los textos<\/a>. Por eso su enfoque y presentaci\u00f3n se han respetado los mismos criterios en que se ha basado la elaboraci\u00f3n de la citada gram\u00e1tica; es decir, aparecen claramente delimitados los aspectos morfol\u00f3gico, sint\u00e1ctico, sem\u00e1ntico y del discurso.<\/p>\n","protected":false},"featured_media":55478,"comment_status":"open","ping_status":"closed","template":"","meta":{"_et_pb_use_builder":"","_et_pb_old_content":"","_et_gb_content_width":""},"product_cat":[11858],"product_tag":[11860],"edicion":[11865],"editoriales":[11867],"tienda":[],"autor_id":[13830,14410,14389],"universidades_coeditoras":[],"palabras_clave":[],"listado_alfabetico":[],"acf":[],"_links":{"self":[{"href":"https:\/\/wizardly-davinci.82-223-8-23.plesk.page\/en\/wp-json\/wp\/v2\/product\/55477"}],"collection":[{"href":"https:\/\/wizardly-davinci.82-223-8-23.plesk.page\/en\/wp-json\/wp\/v2\/product"}],"about":[{"href":"https:\/\/wizardly-davinci.82-223-8-23.plesk.page\/en\/wp-json\/wp\/v2\/types\/product"}],"replies":[{"embeddable":true,"href":"https:\/\/wizardly-davinci.82-223-8-23.plesk.page\/en\/wp-json\/wp\/v2\/comments?post=55477"}],"wp:featuredmedia":[{"embeddable":true,"href":"https:\/\/wizardly-davinci.82-223-8-23.plesk.page\/en\/wp-json\/wp\/v2\/media\/55478"}],"wp:attachment":[{"href":"https:\/\/wizardly-davinci.82-223-8-23.plesk.page\/en\/wp-json\/wp\/v2\/media?parent=55477"}],"wp:term":[{"taxonomy":"product_cat","embeddable":true,"href":"https:\/\/wizardly-davinci.82-223-8-23.plesk.page\/en\/wp-json\/wp\/v2\/product_cat?post=55477"},{"taxonomy":"product_tag","embeddable":true,"href":"https:\/\/wizardly-davinci.82-223-8-23.plesk.page\/en\/wp-json\/wp\/v2\/product_tag?post=55477"},{"taxonomy":"edicion","embeddable":true,"href":"https:\/\/wizardly-davinci.82-223-8-23.plesk.page\/en\/wp-json\/wp\/v2\/edicion?post=55477"},{"taxonomy":"editoriales","embeddable":true,"href":"https:\/\/wizardly-davinci.82-223-8-23.plesk.page\/en\/wp-json\/wp\/v2\/editoriales?post=55477"},{"taxonomy":"tienda","embeddable":true,"href":"https:\/\/wizardly-davinci.82-223-8-23.plesk.page\/en\/wp-json\/wp\/v2\/tienda?post=55477"},{"taxonomy":"autor_id","embeddable":true,"href":"https:\/\/wizardly-davinci.82-223-8-23.plesk.page\/en\/wp-json\/wp\/v2\/autor_id?post=55477"},{"taxonomy":"universidades_coeditoras","embeddable":true,"href":"https:\/\/wizardly-davinci.82-223-8-23.plesk.page\/en\/wp-json\/wp\/v2\/universidades_coeditoras?post=55477"},{"taxonomy":"palabras_clave","embeddable":true,"href":"https:\/\/wizardly-davinci.82-223-8-23.plesk.page\/en\/wp-json\/wp\/v2\/palabras_clave?post=55477"},{"taxonomy":"listado_alfabetico","embeddable":true,"href":"https:\/\/wizardly-davinci.82-223-8-23.plesk.page\/en\/wp-json\/wp\/v2\/listado_alfabetico?post=55477"}],"curies":[{"name":"wp","href":"https:\/\/api.w.org\/{rel}","templated":true}]}}