{"id":55488,"date":"2019-04-09T23:52:43","date_gmt":"2019-04-09T21:52:43","guid":{"rendered":"https:\/\/octaedro.com\/libro\/los-signos-de-puntuacion\/"},"modified":"2023-02-22T13:40:17","modified_gmt":"2023-02-22T12:40:17","slug":"los-signos-de-puntuacion-2","status":"publish","type":"product","link":"https:\/\/wizardly-davinci.82-223-8-23.plesk.page\/en\/producto\/los-signos-de-puntuacion-2\/","title":{"rendered":"Los signos de puntuaci\u00f3n"},"content":{"rendered":"<p>En el lenguaje escrito, los signos de puntuaci\u00f3n se corresponden con las pausas y entonaci\u00f3n propias del lenguaje hablado. De estos signos, lo m\u00e1s importantes son el punto (el punto y seguido y el punto y aparte) y la coma. Los otros signos (punto y coma, dos puntos, guiones, par\u00e9ntesis&#8230;) son mucho m\u00e1s f\u00e1ciles de emplear. Este librito es para ayudar a puntuar con propiedad.<\/p>\n","protected":false},"excerpt":{"rendered":"<p>En el lenguaje escrito, los signos de puntuaci\u00f3n se corresponden con las pausas y entonaci\u00f3n propias del lenguaje hablado. De estos signos, lo m\u00e1s importantes son el punto (el punto y seguido y el punto y aparte) y la coma. Los otros signos (punto y coma, dos puntos, guiones, par\u00e9ntesis&#8230;) son mucho m\u00e1s f\u00e1ciles de emplear. Este librito es para ayudar a puntuar con propiedad.<\/p>\n","protected":false},"featured_media":55490,"comment_status":"open","ping_status":"closed","template":"","meta":{"_et_pb_use_builder":"","_et_pb_old_content":"","_et_gb_content_width":""},"product_cat":[11899,11858,11913,11859],"product_tag":[11893],"edicion":[12178,11865],"editoriales":[11867],"tienda":[],"autor_id":[14160],"universidades_coeditoras":[],"palabras_clave":[],"listado_alfabetico":[],"acf":[],"_links":{"self":[{"href":"https:\/\/wizardly-davinci.82-223-8-23.plesk.page\/en\/wp-json\/wp\/v2\/product\/55488"}],"collection":[{"href":"https:\/\/wizardly-davinci.82-223-8-23.plesk.page\/en\/wp-json\/wp\/v2\/product"}],"about":[{"href":"https:\/\/wizardly-davinci.82-223-8-23.plesk.page\/en\/wp-json\/wp\/v2\/types\/product"}],"replies":[{"embeddable":true,"href":"https:\/\/wizardly-davinci.82-223-8-23.plesk.page\/en\/wp-json\/wp\/v2\/comments?post=55488"}],"wp:featuredmedia":[{"embeddable":true,"href":"https:\/\/wizardly-davinci.82-223-8-23.plesk.page\/en\/wp-json\/wp\/v2\/media\/55490"}],"wp:attachment":[{"href":"https:\/\/wizardly-davinci.82-223-8-23.plesk.page\/en\/wp-json\/wp\/v2\/media?parent=55488"}],"wp:term":[{"taxonomy":"product_cat","embeddable":true,"href":"https:\/\/wizardly-davinci.82-223-8-23.plesk.page\/en\/wp-json\/wp\/v2\/product_cat?post=55488"},{"taxonomy":"product_tag","embeddable":true,"href":"https:\/\/wizardly-davinci.82-223-8-23.plesk.page\/en\/wp-json\/wp\/v2\/product_tag?post=55488"},{"taxonomy":"edicion","embeddable":true,"href":"https:\/\/wizardly-davinci.82-223-8-23.plesk.page\/en\/wp-json\/wp\/v2\/edicion?post=55488"},{"taxonomy":"editoriales","embeddable":true,"href":"https:\/\/wizardly-davinci.82-223-8-23.plesk.page\/en\/wp-json\/wp\/v2\/editoriales?post=55488"},{"taxonomy":"tienda","embeddable":true,"href":"https:\/\/wizardly-davinci.82-223-8-23.plesk.page\/en\/wp-json\/wp\/v2\/tienda?post=55488"},{"taxonomy":"autor_id","embeddable":true,"href":"https:\/\/wizardly-davinci.82-223-8-23.plesk.page\/en\/wp-json\/wp\/v2\/autor_id?post=55488"},{"taxonomy":"universidades_coeditoras","embeddable":true,"href":"https:\/\/wizardly-davinci.82-223-8-23.plesk.page\/en\/wp-json\/wp\/v2\/universidades_coeditoras?post=55488"},{"taxonomy":"palabras_clave","embeddable":true,"href":"https:\/\/wizardly-davinci.82-223-8-23.plesk.page\/en\/wp-json\/wp\/v2\/palabras_clave?post=55488"},{"taxonomy":"listado_alfabetico","embeddable":true,"href":"https:\/\/wizardly-davinci.82-223-8-23.plesk.page\/en\/wp-json\/wp\/v2\/listado_alfabetico?post=55488"}],"curies":[{"name":"wp","href":"https:\/\/api.w.org\/{rel}","templated":true}]}}