{"id":55535,"date":"2019-04-09T23:52:42","date_gmt":"2019-04-09T21:52:42","guid":{"rendered":"https:\/\/octaedro.com\/libro\/los-acentos\/"},"modified":"2023-02-22T13:40:27","modified_gmt":"2023-02-22T12:40:27","slug":"los-acentos-2","status":"publish","type":"product","link":"https:\/\/wizardly-davinci.82-223-8-23.plesk.page\/en\/producto\/los-acentos-2\/","title":{"rendered":"Los acentos"},"content":{"rendered":"<p>El m\u00e9todo de aprendizaje que te proponemos aqu\u00ed consiste en que observes, atiendas, mires, veas ejemplos dados de cada uno de los casos relacionados con la acentuaci\u00f3n. Despu\u00e9s har\u00e1s un ejercicio en el que aplicar\u00e1s esa observaci\u00f3n a palabras determinadas. Finalizar\u00e1s induciendo cu\u00e1l es la regla ortogr\u00e1fica. A continuaci\u00f3n, varias actividades te permitir\u00e1n ejercitar tal regla. Los conocimientos se ir\u00e1n acumulando, de manera que paulatinamente ir\u00e1s aprendiendo a acentuar palabras en espa\u00f1ol, con lo que se incrementar\u00e1 tu vocabulario y se perfeccionar\u00e1 tu expresi\u00f3n escrita. Y ten a mano un diccionario, en papel o virtual. Va ser tu mejor compa\u00f1ero de viaje para la acentuaci\u00f3n.<br \/>\nLa tarea es muy sencilla. Ya lo ver\u00e1s. Sigue los pasos&#8230;<\/p>\n<p>&nbsp;<\/p>\n","protected":false},"excerpt":{"rendered":"<p>El m\u00e9todo de aprendizaje que te proponemos aqu\u00ed consiste en que observes, atiendas, mires, veas ejemplos dados de cada uno de los casos relacionados con la acentuaci\u00f3n. Despu\u00e9s har\u00e1s un ejercicio en el que aplicar\u00e1s esa observaci\u00f3n a palabras determinadas. Finalizar\u00e1s induciendo cu\u00e1l es la regla ortogr\u00e1fica. A continuaci\u00f3n, varias actividades te permitir\u00e1n ejercitar tal regla. Los conocimientos se ir\u00e1n acumulando, de manera que paulatinamente ir\u00e1s aprendiendo a acentuar palabras en espa\u00f1ol, con lo que se incrementar\u00e1 tu vocabulario y se perfeccionar\u00e1 tu expresi\u00f3n escrita. Y ten a mano un diccionario, en papel o virtual. Va ser tu mejor compa\u00f1ero de viaje para la acentuaci\u00f3n.<br \/>\nLa tarea es muy sencilla. Ya lo ver\u00e1s. Sigue los pasos&#8230;<\/p>\n<p>&nbsp;<\/p>\n","protected":false},"featured_media":55538,"comment_status":"open","ping_status":"closed","template":"","meta":{"_et_pb_use_builder":"","_et_pb_old_content":"","_et_gb_content_width":""},"product_cat":[11899,11858,11913,11859],"product_tag":[11893],"edicion":[12178,11865],"editoriales":[11867],"tienda":[],"autor_id":[14160],"universidades_coeditoras":[],"palabras_clave":[],"listado_alfabetico":[],"acf":[],"_links":{"self":[{"href":"https:\/\/wizardly-davinci.82-223-8-23.plesk.page\/en\/wp-json\/wp\/v2\/product\/55535"}],"collection":[{"href":"https:\/\/wizardly-davinci.82-223-8-23.plesk.page\/en\/wp-json\/wp\/v2\/product"}],"about":[{"href":"https:\/\/wizardly-davinci.82-223-8-23.plesk.page\/en\/wp-json\/wp\/v2\/types\/product"}],"replies":[{"embeddable":true,"href":"https:\/\/wizardly-davinci.82-223-8-23.plesk.page\/en\/wp-json\/wp\/v2\/comments?post=55535"}],"wp:featuredmedia":[{"embeddable":true,"href":"https:\/\/wizardly-davinci.82-223-8-23.plesk.page\/en\/wp-json\/wp\/v2\/media\/55538"}],"wp:attachment":[{"href":"https:\/\/wizardly-davinci.82-223-8-23.plesk.page\/en\/wp-json\/wp\/v2\/media?parent=55535"}],"wp:term":[{"taxonomy":"product_cat","embeddable":true,"href":"https:\/\/wizardly-davinci.82-223-8-23.plesk.page\/en\/wp-json\/wp\/v2\/product_cat?post=55535"},{"taxonomy":"product_tag","embeddable":true,"href":"https:\/\/wizardly-davinci.82-223-8-23.plesk.page\/en\/wp-json\/wp\/v2\/product_tag?post=55535"},{"taxonomy":"edicion","embeddable":true,"href":"https:\/\/wizardly-davinci.82-223-8-23.plesk.page\/en\/wp-json\/wp\/v2\/edicion?post=55535"},{"taxonomy":"editoriales","embeddable":true,"href":"https:\/\/wizardly-davinci.82-223-8-23.plesk.page\/en\/wp-json\/wp\/v2\/editoriales?post=55535"},{"taxonomy":"tienda","embeddable":true,"href":"https:\/\/wizardly-davinci.82-223-8-23.plesk.page\/en\/wp-json\/wp\/v2\/tienda?post=55535"},{"taxonomy":"autor_id","embeddable":true,"href":"https:\/\/wizardly-davinci.82-223-8-23.plesk.page\/en\/wp-json\/wp\/v2\/autor_id?post=55535"},{"taxonomy":"universidades_coeditoras","embeddable":true,"href":"https:\/\/wizardly-davinci.82-223-8-23.plesk.page\/en\/wp-json\/wp\/v2\/universidades_coeditoras?post=55535"},{"taxonomy":"palabras_clave","embeddable":true,"href":"https:\/\/wizardly-davinci.82-223-8-23.plesk.page\/en\/wp-json\/wp\/v2\/palabras_clave?post=55535"},{"taxonomy":"listado_alfabetico","embeddable":true,"href":"https:\/\/wizardly-davinci.82-223-8-23.plesk.page\/en\/wp-json\/wp\/v2\/listado_alfabetico?post=55535"}],"curies":[{"name":"wp","href":"https:\/\/api.w.org\/{rel}","templated":true}]}}