{"id":55572,"date":"2018-12-09T23:52:22","date_gmt":"2018-12-09T22:52:22","guid":{"rendered":"https:\/\/octaedro.com\/libro\/el-compromiso-etico-de-la-formacion-universitaria\/"},"modified":"2023-02-22T13:40:32","modified_gmt":"2023-02-22T12:40:32","slug":"el-compromiso-etico-en-la-formacion-universitaria-2","status":"publish","type":"product","link":"https:\/\/wizardly-davinci.82-223-8-23.plesk.page\/en\/producto\/el-compromiso-etico-en-la-formacion-universitaria-2\/","title":{"rendered":"El compromiso \u00e9tico de la formaci\u00f3n universitaria"},"content":{"rendered":"<p>Han pasado casi treinta a\u00f1os desde que se iniciara el conocido Plan Bolonia, tiempo suficiente para confirmar, por lo menos a nuestro entender, la desorientaci\u00f3n que existe en torno a los fines de la formaci\u00f3n universitaria. Claro est\u00e1, profesorado y estudiantes de hoy tienen una respuesta a cu\u00e1les son los prop\u00f3sitos de dicha formaci\u00f3n y a c\u00f3mo ponerlos en pr\u00e1ctica, el problema radica en que en no pocas ocasiones esas aspiraciones son parciales e incompletas.<\/p>\n<p>Hay una cara de la moneda de la formaci\u00f3n universitaria que debe convivir con la de la preparaci\u00f3n para la realidad, con la de la t\u00e9cnica y el ejercicio profesional y que est\u00e1 en horas bajas. Ese aspecto es el que hemos llamado \u00abcompromiso \u00e9tico\u00bb; a saber, una suerte de obligaci\u00f3n contra\u00edda, razonada y voluntariamente, con uno mismo y los dem\u00e1s, con la realidad social que nos envuelve, con el ejercicio profesional y con la propia universidad. Estas diversas versiones de compromiso \u00e9tico son precisamente las que conforman el \u00edndice este trabajo.<\/p>\n<p>No se trata de desde\u00f1ar los \u00e9xitos alcanzados durante los \u00faltimos a\u00f1os, que, sin duda, han sido considerables; de lo que se trata es de mantener en pie la formaci\u00f3n universitaria en cuanto formaci\u00f3n personal.<\/p>\n<p><a href=\"%22http:\/\/www.wizardly-davinci.82-223-8-23.plesk.page\/pdf\/CDU-36.pdf%22\">Descarga en formato e-PDF<\/a><\/p>\n","protected":false},"excerpt":{"rendered":"<p>Han pasado casi treinta a\u00f1os desde que se iniciara el conocido Plan Bolonia, tiempo suficiente para confirmar, por lo menos a nuestro entender, la desorientaci\u00f3n que existe en torno a los fines de la formaci\u00f3n universitaria. Claro est\u00e1, profesorado y estudiantes de hoy tienen una respuesta a cu\u00e1les son los prop\u00f3sitos de dicha formaci\u00f3n y a c\u00f3mo ponerlos en pr\u00e1ctica, el problema radica en que en no pocas ocasiones esas aspiraciones son parciales e incompletas.<\/p>\n<p>Hay una cara de la moneda de la formaci\u00f3n universitaria que debe convivir con la de la preparaci\u00f3n para la realidad, con la de la t\u00e9cnica y el ejercicio profesional y que est\u00e1 en horas bajas. Ese aspecto es el que hemos llamado \u00abcompromiso \u00e9tico\u00bb; a saber, una suerte de obligaci\u00f3n contra\u00edda, razonada y voluntariamente, con uno mismo y los dem\u00e1s, con la realidad social que nos envuelve, con el ejercicio profesional y con la propia universidad. Estas diversas versiones de compromiso \u00e9tico son precisamente las que conforman el \u00edndice este trabajo.<\/p>\n<p>No se trata de desde\u00f1ar los \u00e9xitos alcanzados durante los \u00faltimos a\u00f1os, que, sin duda, han sido considerables; de lo que se trata es de mantener en pie la formaci\u00f3n universitaria en cuanto formaci\u00f3n personal.<\/p>\n","protected":false},"featured_media":55573,"comment_status":"open","ping_status":"closed","template":"","meta":{"_et_pb_use_builder":"","_et_pb_old_content":"","_et_gb_content_width":""},"product_cat":[11876,11913,11900,11907],"product_tag":[11887],"edicion":[],"editoriales":[11867],"tienda":[],"autor_id":[20114],"universidades_coeditoras":[],"palabras_clave":[],"listado_alfabetico":[],"acf":[],"_links":{"self":[{"href":"https:\/\/wizardly-davinci.82-223-8-23.plesk.page\/en\/wp-json\/wp\/v2\/product\/55572"}],"collection":[{"href":"https:\/\/wizardly-davinci.82-223-8-23.plesk.page\/en\/wp-json\/wp\/v2\/product"}],"about":[{"href":"https:\/\/wizardly-davinci.82-223-8-23.plesk.page\/en\/wp-json\/wp\/v2\/types\/product"}],"replies":[{"embeddable":true,"href":"https:\/\/wizardly-davinci.82-223-8-23.plesk.page\/en\/wp-json\/wp\/v2\/comments?post=55572"}],"wp:featuredmedia":[{"embeddable":true,"href":"https:\/\/wizardly-davinci.82-223-8-23.plesk.page\/en\/wp-json\/wp\/v2\/media\/55573"}],"wp:attachment":[{"href":"https:\/\/wizardly-davinci.82-223-8-23.plesk.page\/en\/wp-json\/wp\/v2\/media?parent=55572"}],"wp:term":[{"taxonomy":"product_cat","embeddable":true,"href":"https:\/\/wizardly-davinci.82-223-8-23.plesk.page\/en\/wp-json\/wp\/v2\/product_cat?post=55572"},{"taxonomy":"product_tag","embeddable":true,"href":"https:\/\/wizardly-davinci.82-223-8-23.plesk.page\/en\/wp-json\/wp\/v2\/product_tag?post=55572"},{"taxonomy":"edicion","embeddable":true,"href":"https:\/\/wizardly-davinci.82-223-8-23.plesk.page\/en\/wp-json\/wp\/v2\/edicion?post=55572"},{"taxonomy":"editoriales","embeddable":true,"href":"https:\/\/wizardly-davinci.82-223-8-23.plesk.page\/en\/wp-json\/wp\/v2\/editoriales?post=55572"},{"taxonomy":"tienda","embeddable":true,"href":"https:\/\/wizardly-davinci.82-223-8-23.plesk.page\/en\/wp-json\/wp\/v2\/tienda?post=55572"},{"taxonomy":"autor_id","embeddable":true,"href":"https:\/\/wizardly-davinci.82-223-8-23.plesk.page\/en\/wp-json\/wp\/v2\/autor_id?post=55572"},{"taxonomy":"universidades_coeditoras","embeddable":true,"href":"https:\/\/wizardly-davinci.82-223-8-23.plesk.page\/en\/wp-json\/wp\/v2\/universidades_coeditoras?post=55572"},{"taxonomy":"palabras_clave","embeddable":true,"href":"https:\/\/wizardly-davinci.82-223-8-23.plesk.page\/en\/wp-json\/wp\/v2\/palabras_clave?post=55572"},{"taxonomy":"listado_alfabetico","embeddable":true,"href":"https:\/\/wizardly-davinci.82-223-8-23.plesk.page\/en\/wp-json\/wp\/v2\/listado_alfabetico?post=55572"}],"curies":[{"name":"wp","href":"https:\/\/api.w.org\/{rel}","templated":true}]}}