{"id":55586,"date":"2014-04-09T23:52:11","date_gmt":"2014-04-09T23:52:11","guid":{"rendered":"https:\/\/octaedro.com\/libro\/la-escritura-academica\/"},"modified":"2023-02-22T13:40:33","modified_gmt":"2023-02-22T12:40:33","slug":"la-escritura-academica-2","status":"publish","type":"product","link":"https:\/\/wizardly-davinci.82-223-8-23.plesk.page\/en\/producto\/la-escritura-academica-2\/","title":{"rendered":"La escritura acad\u00e9mica"},"content":{"rendered":"<p>La producci\u00f3n de textos escritos es una de las tareas fundamentales en<br \/>\nlas instituciones acad\u00e9micas. Sirve para el trasvase de conocimiento,<br \/>\npara la integraci\u00f3n de los nuevos miembros acad\u00e9micos en las respectivas<br \/>\ncomunidades discursivas y para entender mejor los temas sobre<br \/>\nlos que se trabaja. Debido al efecto clarificador y organizador que tiene la escritura, conviene que la redacci\u00f3n sea parte del proceso de investigaci\u00f3n y no solamente una actividad que se realiza una vez acabado el mismo. En este trabajo abordamos de manera pr\u00e1ctica y sencilla los procesos de redacci\u00f3n y publicaci\u00f3n, deteni\u00e9ndonos en algunos detalles que facilitan la compleja tarea de producir textos publicables.<\/p>\n","protected":false},"excerpt":{"rendered":"<p>La producci\u00f3n de textos escritos es una de las tareas fundamentales en<br \/>\nlas instituciones acad\u00e9micas. Sirve para el trasvase de conocimiento,<br \/>\npara la integraci\u00f3n de los nuevos miembros acad\u00e9micos en las respectivas<br \/>\ncomunidades discursivas y para entender mejor los temas sobre<br \/>\nlos que se trabaja. Debido al efecto clarificador y organizador que tiene la escritura, conviene que la redacci\u00f3n sea parte del proceso de investigaci\u00f3n y no solamente una actividad que se realiza una vez acabado el mismo. En este trabajo abordamos de manera pr\u00e1ctica y sencilla los procesos de redacci\u00f3n y publicaci\u00f3n, deteni\u00e9ndonos en algunos detalles que facilitan la compleja tarea de producir textos publicables.<\/p>\n","protected":false},"featured_media":55587,"comment_status":"open","ping_status":"closed","template":"","meta":{"_et_pb_use_builder":"","_et_pb_old_content":"","_et_gb_content_width":""},"product_cat":[11876,11913,11900,11907],"product_tag":[11887],"edicion":[],"editoriales":[11867],"tienda":[],"autor_id":[20127],"universidades_coeditoras":[],"palabras_clave":[],"listado_alfabetico":[],"acf":[],"_links":{"self":[{"href":"https:\/\/wizardly-davinci.82-223-8-23.plesk.page\/en\/wp-json\/wp\/v2\/product\/55586"}],"collection":[{"href":"https:\/\/wizardly-davinci.82-223-8-23.plesk.page\/en\/wp-json\/wp\/v2\/product"}],"about":[{"href":"https:\/\/wizardly-davinci.82-223-8-23.plesk.page\/en\/wp-json\/wp\/v2\/types\/product"}],"replies":[{"embeddable":true,"href":"https:\/\/wizardly-davinci.82-223-8-23.plesk.page\/en\/wp-json\/wp\/v2\/comments?post=55586"}],"wp:featuredmedia":[{"embeddable":true,"href":"https:\/\/wizardly-davinci.82-223-8-23.plesk.page\/en\/wp-json\/wp\/v2\/media\/55587"}],"wp:attachment":[{"href":"https:\/\/wizardly-davinci.82-223-8-23.plesk.page\/en\/wp-json\/wp\/v2\/media?parent=55586"}],"wp:term":[{"taxonomy":"product_cat","embeddable":true,"href":"https:\/\/wizardly-davinci.82-223-8-23.plesk.page\/en\/wp-json\/wp\/v2\/product_cat?post=55586"},{"taxonomy":"product_tag","embeddable":true,"href":"https:\/\/wizardly-davinci.82-223-8-23.plesk.page\/en\/wp-json\/wp\/v2\/product_tag?post=55586"},{"taxonomy":"edicion","embeddable":true,"href":"https:\/\/wizardly-davinci.82-223-8-23.plesk.page\/en\/wp-json\/wp\/v2\/edicion?post=55586"},{"taxonomy":"editoriales","embeddable":true,"href":"https:\/\/wizardly-davinci.82-223-8-23.plesk.page\/en\/wp-json\/wp\/v2\/editoriales?post=55586"},{"taxonomy":"tienda","embeddable":true,"href":"https:\/\/wizardly-davinci.82-223-8-23.plesk.page\/en\/wp-json\/wp\/v2\/tienda?post=55586"},{"taxonomy":"autor_id","embeddable":true,"href":"https:\/\/wizardly-davinci.82-223-8-23.plesk.page\/en\/wp-json\/wp\/v2\/autor_id?post=55586"},{"taxonomy":"universidades_coeditoras","embeddable":true,"href":"https:\/\/wizardly-davinci.82-223-8-23.plesk.page\/en\/wp-json\/wp\/v2\/universidades_coeditoras?post=55586"},{"taxonomy":"palabras_clave","embeddable":true,"href":"https:\/\/wizardly-davinci.82-223-8-23.plesk.page\/en\/wp-json\/wp\/v2\/palabras_clave?post=55586"},{"taxonomy":"listado_alfabetico","embeddable":true,"href":"https:\/\/wizardly-davinci.82-223-8-23.plesk.page\/en\/wp-json\/wp\/v2\/listado_alfabetico?post=55586"}],"curies":[{"name":"wp","href":"https:\/\/api.w.org\/{rel}","templated":true}]}}