{"id":55594,"date":"2013-02-09T23:52:07","date_gmt":"2013-02-09T23:52:07","guid":{"rendered":"https:\/\/octaedro.com\/libro\/de-la-deteccion-de-las-necesidades-de-formacion-pedagogica-a-la-elaboracion-de-un-plan-de-formacion-en-la-universidad\/"},"modified":"2023-02-22T13:40:37","modified_gmt":"2023-02-22T12:40:37","slug":"de-la-deteccion-de-las-necesidades-de-formacion-pedagogica-a-la-elaboracion-de-un-plan-de-formacion-en-la-universidad-2","status":"publish","type":"product","link":"https:\/\/wizardly-davinci.82-223-8-23.plesk.page\/en\/producto\/de-la-deteccion-de-las-necesidades-de-formacion-pedagogica-a-la-elaboracion-de-un-plan-de-formacion-en-la-universidad-2\/","title":{"rendered":"De la detecci\u00f3n de las necesidades de formaci\u00f3n pedag\u00f3gica a la elaboraci\u00f3n de un plan de formaci\u00f3n en la Universidad"},"content":{"rendered":"<p>Este cuaderno presenta el proceso que se ha seguido en el dise\u00f1o de la formaci\u00f3n permanente para docentes universitarios marcando la hoja de ruta que va desde la macroplanificaci\u00f3n a la microplanificaci\u00f3n, teniendo como punto de partida las necesidades formativas expresadas por los propios docentes.<\/p>\n","protected":false},"excerpt":{"rendered":"<p>Este cuaderno presenta el proceso que se ha seguido en el dise\u00f1o de la formaci\u00f3n permanente para docentes universitarios marcando la hoja de ruta que va desde la macroplanificaci\u00f3n a la microplanificaci\u00f3n, teniendo como punto de partida las necesidades formativas expresadas por los propios docentes.<\/p>\n","protected":false},"featured_media":55595,"comment_status":"open","ping_status":"closed","template":"","meta":{"_et_pb_use_builder":"","_et_pb_old_content":"","_et_gb_content_width":""},"product_cat":[11876,11913,11900,11907],"product_tag":[11887],"edicion":[],"editoriales":[11867],"tienda":[],"autor_id":[],"universidades_coeditoras":[],"palabras_clave":[],"listado_alfabetico":[],"acf":[],"_links":{"self":[{"href":"https:\/\/wizardly-davinci.82-223-8-23.plesk.page\/en\/wp-json\/wp\/v2\/product\/55594"}],"collection":[{"href":"https:\/\/wizardly-davinci.82-223-8-23.plesk.page\/en\/wp-json\/wp\/v2\/product"}],"about":[{"href":"https:\/\/wizardly-davinci.82-223-8-23.plesk.page\/en\/wp-json\/wp\/v2\/types\/product"}],"replies":[{"embeddable":true,"href":"https:\/\/wizardly-davinci.82-223-8-23.plesk.page\/en\/wp-json\/wp\/v2\/comments?post=55594"}],"wp:featuredmedia":[{"embeddable":true,"href":"https:\/\/wizardly-davinci.82-223-8-23.plesk.page\/en\/wp-json\/wp\/v2\/media\/55595"}],"wp:attachment":[{"href":"https:\/\/wizardly-davinci.82-223-8-23.plesk.page\/en\/wp-json\/wp\/v2\/media?parent=55594"}],"wp:term":[{"taxonomy":"product_cat","embeddable":true,"href":"https:\/\/wizardly-davinci.82-223-8-23.plesk.page\/en\/wp-json\/wp\/v2\/product_cat?post=55594"},{"taxonomy":"product_tag","embeddable":true,"href":"https:\/\/wizardly-davinci.82-223-8-23.plesk.page\/en\/wp-json\/wp\/v2\/product_tag?post=55594"},{"taxonomy":"edicion","embeddable":true,"href":"https:\/\/wizardly-davinci.82-223-8-23.plesk.page\/en\/wp-json\/wp\/v2\/edicion?post=55594"},{"taxonomy":"editoriales","embeddable":true,"href":"https:\/\/wizardly-davinci.82-223-8-23.plesk.page\/en\/wp-json\/wp\/v2\/editoriales?post=55594"},{"taxonomy":"tienda","embeddable":true,"href":"https:\/\/wizardly-davinci.82-223-8-23.plesk.page\/en\/wp-json\/wp\/v2\/tienda?post=55594"},{"taxonomy":"autor_id","embeddable":true,"href":"https:\/\/wizardly-davinci.82-223-8-23.plesk.page\/en\/wp-json\/wp\/v2\/autor_id?post=55594"},{"taxonomy":"universidades_coeditoras","embeddable":true,"href":"https:\/\/wizardly-davinci.82-223-8-23.plesk.page\/en\/wp-json\/wp\/v2\/universidades_coeditoras?post=55594"},{"taxonomy":"palabras_clave","embeddable":true,"href":"https:\/\/wizardly-davinci.82-223-8-23.plesk.page\/en\/wp-json\/wp\/v2\/palabras_clave?post=55594"},{"taxonomy":"listado_alfabetico","embeddable":true,"href":"https:\/\/wizardly-davinci.82-223-8-23.plesk.page\/en\/wp-json\/wp\/v2\/listado_alfabetico?post=55594"}],"curies":[{"name":"wp","href":"https:\/\/api.w.org\/{rel}","templated":true}]}}