{"id":55760,"date":"2022-05-10T16:33:30","date_gmt":"2022-05-10T14:33:30","guid":{"rendered":"https:\/\/octaedro.com\/libro\/el-gatopardo-educativo\/"},"modified":"2023-03-08T12:22:59","modified_gmt":"2023-03-08T11:22:59","slug":"el-gatopardo-educativo-2","status":"publish","type":"product","link":"https:\/\/wizardly-davinci.82-223-8-23.plesk.page\/en\/producto\/el-gatopardo-educativo-2\/","title":{"rendered":"El gatopardo educativo"},"content":{"rendered":"","protected":false},"excerpt":{"rendered":"<p>\u00bfQu\u00e9 hay de neo en las pedagog\u00edas alternativas? Vivimos un cambio educativo constante, en el cual surgen decenas de propuestas que aspiran a reemplazar la educaci\u00f3n formal institucionalizada, que se autoproclaman innovadoras y alternativas, contrarias a lo que denominan pedagog\u00eda tradicional. Lo que se plantea en este libro es un recorrido por las distintas formas de entender el proceder y la intervenci\u00f3n pedag\u00f3gica sobre la Educaci\u00f3n en los \u00faltimos doscientos a\u00f1os, en cuyo transcurso han proliferado diversas corrientes, teor\u00edas, modelos y enfoques educativos. Obviamente, como ver\u00e1 el lector, cada intervenci\u00f3n se justifica y fundamenta en una filosof\u00eda de vida y educaci\u00f3n, algunas con muchos a\u00f1os de vida.<\/p>\n<p>Sustentado en la investigaci\u00f3n y aportando datos e informaci\u00f3n sobre las principales pedagog\u00edas alternativas y su impacto educativo, la obra pretende valorar la actualidad y relevancia de estas corrientes. La pregunta que subyace es si tenemos algo neo en estas pedagog\u00edas alternativas que se dicen innovadoras, o acaso vivimos una especie de gatopardo educativo, como Tancredi en la novela de Giuseppe Tomasi di Lampedusa, con su idea sui g\u00e9neris de transformaci\u00f3n, en una suerte de vuelta a lo mismo, cambi\u00e1ndolo todo para que parezca nuevo, pero conservando en el fondo las mismas ideas. Se han llevado a cabo iniciativas, reformas y contrarreformas, modificaciones y vueltas, supuestas innovaciones que tienen\u2026 \u00bfm\u00e1s de retro o de neo? \u00bfEs todo novedoso y revolucionario? \u00bfTenemos nuevos escenarios, pero los mismos problemas? De esto trata este libro.<\/p>\n","protected":false},"featured_media":55733,"comment_status":"open","ping_status":"closed","template":"","meta":{"_et_pb_use_builder":"","_et_pb_old_content":"","_et_gb_content_width":""},"product_cat":[11899,11859,11912],"product_tag":[11892],"edicion":[12199,11865],"editoriales":[11867],"tienda":[],"autor_id":[20167],"universidades_coeditoras":[],"palabras_clave":[],"listado_alfabetico":[],"acf":[],"_links":{"self":[{"href":"https:\/\/wizardly-davinci.82-223-8-23.plesk.page\/en\/wp-json\/wp\/v2\/product\/55760"}],"collection":[{"href":"https:\/\/wizardly-davinci.82-223-8-23.plesk.page\/en\/wp-json\/wp\/v2\/product"}],"about":[{"href":"https:\/\/wizardly-davinci.82-223-8-23.plesk.page\/en\/wp-json\/wp\/v2\/types\/product"}],"replies":[{"embeddable":true,"href":"https:\/\/wizardly-davinci.82-223-8-23.plesk.page\/en\/wp-json\/wp\/v2\/comments?post=55760"}],"wp:featuredmedia":[{"embeddable":true,"href":"https:\/\/wizardly-davinci.82-223-8-23.plesk.page\/en\/wp-json\/wp\/v2\/media\/55733"}],"wp:attachment":[{"href":"https:\/\/wizardly-davinci.82-223-8-23.plesk.page\/en\/wp-json\/wp\/v2\/media?parent=55760"}],"wp:term":[{"taxonomy":"product_cat","embeddable":true,"href":"https:\/\/wizardly-davinci.82-223-8-23.plesk.page\/en\/wp-json\/wp\/v2\/product_cat?post=55760"},{"taxonomy":"product_tag","embeddable":true,"href":"https:\/\/wizardly-davinci.82-223-8-23.plesk.page\/en\/wp-json\/wp\/v2\/product_tag?post=55760"},{"taxonomy":"edicion","embeddable":true,"href":"https:\/\/wizardly-davinci.82-223-8-23.plesk.page\/en\/wp-json\/wp\/v2\/edicion?post=55760"},{"taxonomy":"editoriales","embeddable":true,"href":"https:\/\/wizardly-davinci.82-223-8-23.plesk.page\/en\/wp-json\/wp\/v2\/editoriales?post=55760"},{"taxonomy":"tienda","embeddable":true,"href":"https:\/\/wizardly-davinci.82-223-8-23.plesk.page\/en\/wp-json\/wp\/v2\/tienda?post=55760"},{"taxonomy":"autor_id","embeddable":true,"href":"https:\/\/wizardly-davinci.82-223-8-23.plesk.page\/en\/wp-json\/wp\/v2\/autor_id?post=55760"},{"taxonomy":"universidades_coeditoras","embeddable":true,"href":"https:\/\/wizardly-davinci.82-223-8-23.plesk.page\/en\/wp-json\/wp\/v2\/universidades_coeditoras?post=55760"},{"taxonomy":"palabras_clave","embeddable":true,"href":"https:\/\/wizardly-davinci.82-223-8-23.plesk.page\/en\/wp-json\/wp\/v2\/palabras_clave?post=55760"},{"taxonomy":"listado_alfabetico","embeddable":true,"href":"https:\/\/wizardly-davinci.82-223-8-23.plesk.page\/en\/wp-json\/wp\/v2\/listado_alfabetico?post=55760"}],"curies":[{"name":"wp","href":"https:\/\/api.w.org\/{rel}","templated":true}]}}