{"id":55764,"date":"2022-03-30T18:45:13","date_gmt":"2022-03-30T16:45:13","guid":{"rendered":"https:\/\/octaedro.com\/libro\/pedagogia-antifascista\/"},"modified":"2023-03-08T12:22:59","modified_gmt":"2023-03-08T11:22:59","slug":"pedagogia-antifascista-2","status":"publish","type":"product","link":"https:\/\/wizardly-davinci.82-223-8-23.plesk.page\/en\/producto\/pedagogia-antifascista-2\/","title":{"rendered":"Pedagog\u00eda antifascista"},"content":{"rendered":"","protected":false},"excerpt":{"rendered":"<p>Pedagog\u00eda antifascista es una reflexi\u00f3n de urgencia y compromiso ante el actual auge del neofascismo y su progresiva \u00abnormalizaci\u00f3n\u00bb por una parte de la sociedad, dado su car\u00e1cter funcional al capitalismo neoliberal. El neofascismo es un virus que hemos de combatir desde la educaci\u00f3n, ant\u00eddoto que permite la comprensi\u00f3n de los valores y los derechos humanos, m\u00e1s all\u00e1 del ego\u00edsmo, el miedo y el odio que siembra y expande esa \u00abpeste\u00bb, como dir\u00eda Camus.<\/p>\n<p>En la primera parte de este libro se analizan las estrategias de penetraci\u00f3n de la ideolog\u00eda que sustenta el neofascismo en la educaci\u00f3n, revisando su agenda profundamente reaccionaria y radicalmente neoliberal, as\u00ed como sus principales mecanismos de infiltraci\u00f3n en las aulas y el sistema educativo. La segunda parte del libro plantea alternativas, estrategias y propuestas para avanzar en un modelo de pedagog\u00eda antifascista inclusiva y democr\u00e1tica al servicio del bien com\u00fan, que nos ayude a construir colectivamente un discurso y una pr\u00e1ctica s\u00f3lidamente fundamentados que se contrapongan y cuestionen el modelo capitalista, neofascista y neoliberal defendido por la ultraderecha.<\/p>\n<p>La comunidad educativa no puede permanecer ajena. Hay que educar en la igualdad, en la inclusi\u00f3n, en la justicia social y en los derechos humanos desde una pedagog\u00eda claramente antifascista. Sin concesiones ni medias tintas. Debemos implicarnos claramente y sin ambages para combatir el neofascismo. No se puede ser dem\u00f3crata sin ser antifascista.<\/p>\n","protected":false},"featured_media":55345,"comment_status":"open","ping_status":"closed","template":"","meta":{"_et_pb_use_builder":"","_et_pb_old_content":"","_et_gb_content_width":""},"product_cat":[11899,11858,11859,11912],"product_tag":[11892],"edicion":[11865],"editoriales":[11867],"tienda":[],"autor_id":[12415],"universidades_coeditoras":[],"palabras_clave":[],"listado_alfabetico":[],"acf":[],"_links":{"self":[{"href":"https:\/\/wizardly-davinci.82-223-8-23.plesk.page\/en\/wp-json\/wp\/v2\/product\/55764"}],"collection":[{"href":"https:\/\/wizardly-davinci.82-223-8-23.plesk.page\/en\/wp-json\/wp\/v2\/product"}],"about":[{"href":"https:\/\/wizardly-davinci.82-223-8-23.plesk.page\/en\/wp-json\/wp\/v2\/types\/product"}],"replies":[{"embeddable":true,"href":"https:\/\/wizardly-davinci.82-223-8-23.plesk.page\/en\/wp-json\/wp\/v2\/comments?post=55764"}],"wp:featuredmedia":[{"embeddable":true,"href":"https:\/\/wizardly-davinci.82-223-8-23.plesk.page\/en\/wp-json\/wp\/v2\/media\/55345"}],"wp:attachment":[{"href":"https:\/\/wizardly-davinci.82-223-8-23.plesk.page\/en\/wp-json\/wp\/v2\/media?parent=55764"}],"wp:term":[{"taxonomy":"product_cat","embeddable":true,"href":"https:\/\/wizardly-davinci.82-223-8-23.plesk.page\/en\/wp-json\/wp\/v2\/product_cat?post=55764"},{"taxonomy":"product_tag","embeddable":true,"href":"https:\/\/wizardly-davinci.82-223-8-23.plesk.page\/en\/wp-json\/wp\/v2\/product_tag?post=55764"},{"taxonomy":"edicion","embeddable":true,"href":"https:\/\/wizardly-davinci.82-223-8-23.plesk.page\/en\/wp-json\/wp\/v2\/edicion?post=55764"},{"taxonomy":"editoriales","embeddable":true,"href":"https:\/\/wizardly-davinci.82-223-8-23.plesk.page\/en\/wp-json\/wp\/v2\/editoriales?post=55764"},{"taxonomy":"tienda","embeddable":true,"href":"https:\/\/wizardly-davinci.82-223-8-23.plesk.page\/en\/wp-json\/wp\/v2\/tienda?post=55764"},{"taxonomy":"autor_id","embeddable":true,"href":"https:\/\/wizardly-davinci.82-223-8-23.plesk.page\/en\/wp-json\/wp\/v2\/autor_id?post=55764"},{"taxonomy":"universidades_coeditoras","embeddable":true,"href":"https:\/\/wizardly-davinci.82-223-8-23.plesk.page\/en\/wp-json\/wp\/v2\/universidades_coeditoras?post=55764"},{"taxonomy":"palabras_clave","embeddable":true,"href":"https:\/\/wizardly-davinci.82-223-8-23.plesk.page\/en\/wp-json\/wp\/v2\/palabras_clave?post=55764"},{"taxonomy":"listado_alfabetico","embeddable":true,"href":"https:\/\/wizardly-davinci.82-223-8-23.plesk.page\/en\/wp-json\/wp\/v2\/listado_alfabetico?post=55764"}],"curies":[{"name":"wp","href":"https:\/\/api.w.org\/{rel}","templated":true}]}}