{"id":55765,"date":"2022-02-17T18:40:37","date_gmt":"2022-02-17T17:40:37","guid":{"rendered":"https:\/\/octaedro.com\/libro\/escenarios-y-recursos-para-la-ensenanza-con-tecnologia-desafios-y-retos\/"},"modified":"2023-02-22T13:40:37","modified_gmt":"2023-02-22T12:40:37","slug":"escenarios-y-recursos-para-la-ensenanza-con-tecnologia-desafios-y-retos-2","status":"publish","type":"product","link":"https:\/\/wizardly-davinci.82-223-8-23.plesk.page\/en\/producto\/escenarios-y-recursos-para-la-ensenanza-con-tecnologia-desafios-y-retos-2\/","title":{"rendered":"Escenarios y recursos para la ense\u00f1anza con tecnolog\u00eda: desaf\u00edos y retos"},"content":{"rendered":"","protected":false},"excerpt":{"rendered":"<p>La educaci\u00f3n est\u00e1 inmersa en un contexto de crisis y cambios que ha impactado en todos los niveles a nivel mundial. Es una oportunidad desafiante para que supuestos e interrogantes, modelos, m\u00e9todos y pr\u00e1cticas de integraci\u00f3n entre educaci\u00f3n y tecnolog\u00eda tengan una impronta positiva en la ense\u00f1anza. No se debiera continuar con la dicotom\u00eda entre las modalidades presencial y virtual de la ense\u00f1anza o con la mera introducci\u00f3n de las tecnolog\u00edas en el aula, sino avanzar en c\u00f3mo a trav\u00e9s de escenarios din\u00e1micos y recursos tecnopedag\u00f3gicos es posible mejorar la inclusi\u00f3n y la calidad de los aprendizajes.<\/p>\n<p>Este libro ofrece diferentes experiencias, propuestas y estudios que se estructuran en cinco bloques tem\u00e1ticos: Innovaci\u00f3n docente, Investigaci\u00f3n en Tecnolog\u00eda Educativa, Pol\u00edticas y Gesti\u00f3n de las Tecnolog\u00edas, Inclusi\u00f3n Digital, Aprendizaje en Red y Escenarios con Tecnolog\u00eda. Se espera que signifiquen un aporte para repensar y redise\u00f1ar la educaci\u00f3n en este nuevo contexto que nos interpela.<\/p>\n","protected":false},"featured_media":55325,"comment_status":"open","ping_status":"closed","template":"","meta":{"_et_pb_use_builder":"","_et_pb_old_content":"","_et_gb_content_width":""},"product_cat":[11899,11913,11900],"product_tag":[11887],"edicion":[12178],"editoriales":[11867],"tienda":[],"autor_id":[20175,20173],"universidades_coeditoras":[],"palabras_clave":[],"listado_alfabetico":[],"acf":[],"_links":{"self":[{"href":"https:\/\/wizardly-davinci.82-223-8-23.plesk.page\/en\/wp-json\/wp\/v2\/product\/55765"}],"collection":[{"href":"https:\/\/wizardly-davinci.82-223-8-23.plesk.page\/en\/wp-json\/wp\/v2\/product"}],"about":[{"href":"https:\/\/wizardly-davinci.82-223-8-23.plesk.page\/en\/wp-json\/wp\/v2\/types\/product"}],"replies":[{"embeddable":true,"href":"https:\/\/wizardly-davinci.82-223-8-23.plesk.page\/en\/wp-json\/wp\/v2\/comments?post=55765"}],"wp:featuredmedia":[{"embeddable":true,"href":"https:\/\/wizardly-davinci.82-223-8-23.plesk.page\/en\/wp-json\/wp\/v2\/media\/55325"}],"wp:attachment":[{"href":"https:\/\/wizardly-davinci.82-223-8-23.plesk.page\/en\/wp-json\/wp\/v2\/media?parent=55765"}],"wp:term":[{"taxonomy":"product_cat","embeddable":true,"href":"https:\/\/wizardly-davinci.82-223-8-23.plesk.page\/en\/wp-json\/wp\/v2\/product_cat?post=55765"},{"taxonomy":"product_tag","embeddable":true,"href":"https:\/\/wizardly-davinci.82-223-8-23.plesk.page\/en\/wp-json\/wp\/v2\/product_tag?post=55765"},{"taxonomy":"edicion","embeddable":true,"href":"https:\/\/wizardly-davinci.82-223-8-23.plesk.page\/en\/wp-json\/wp\/v2\/edicion?post=55765"},{"taxonomy":"editoriales","embeddable":true,"href":"https:\/\/wizardly-davinci.82-223-8-23.plesk.page\/en\/wp-json\/wp\/v2\/editoriales?post=55765"},{"taxonomy":"tienda","embeddable":true,"href":"https:\/\/wizardly-davinci.82-223-8-23.plesk.page\/en\/wp-json\/wp\/v2\/tienda?post=55765"},{"taxonomy":"autor_id","embeddable":true,"href":"https:\/\/wizardly-davinci.82-223-8-23.plesk.page\/en\/wp-json\/wp\/v2\/autor_id?post=55765"},{"taxonomy":"universidades_coeditoras","embeddable":true,"href":"https:\/\/wizardly-davinci.82-223-8-23.plesk.page\/en\/wp-json\/wp\/v2\/universidades_coeditoras?post=55765"},{"taxonomy":"palabras_clave","embeddable":true,"href":"https:\/\/wizardly-davinci.82-223-8-23.plesk.page\/en\/wp-json\/wp\/v2\/palabras_clave?post=55765"},{"taxonomy":"listado_alfabetico","embeddable":true,"href":"https:\/\/wizardly-davinci.82-223-8-23.plesk.page\/en\/wp-json\/wp\/v2\/listado_alfabetico?post=55765"}],"curies":[{"name":"wp","href":"https:\/\/api.w.org\/{rel}","templated":true}]}}