{"id":55766,"date":"2012-09-10T23:52:06","date_gmt":"2012-09-10T23:52:06","guid":{"rendered":"https:\/\/octaedro.com\/libro\/la-formacion-del-profesorado-novel-en-la-universidad-de-barcelona\/"},"modified":"2023-02-22T13:40:37","modified_gmt":"2023-02-22T12:40:37","slug":"la-formacion-del-profesorado-novel-en-la-universidad-de-barcelona-3","status":"publish","type":"product","link":"https:\/\/wizardly-davinci.82-223-8-23.plesk.page\/en\/producto\/la-formacion-del-profesorado-novel-en-la-universidad-de-barcelona-3\/","title":{"rendered":"La formaci\u00f3n del profesorado novel en la Universidad de Barcelona"},"content":{"rendered":"<p>Este documento consta de dos partes. En la primera se presenta el programa de formaci\u00f3n de profesorado novel de la Universidad de Barcelona: sus or\u00edgenes y antecedentes, y la estructura y los contenidos formativos del actual M\u00e1ster en Docencia universitaria para profesorado novel. La segunda parte recoge la estructura y los contenidos formativos de los programas de formaci\u00f3n para profesorado novel de treinta y una universidades espa\u00f1olas.<\/p>\n","protected":false},"excerpt":{"rendered":"<p>Este documento consta de dos partes. En la primera se presenta el programa de formaci\u00f3n de profesorado novel de la Universidad de Barcelona: sus or\u00edgenes y antecedentes, y la estructura y los contenidos formativos del actual M\u00e1ster en Docencia universitaria para profesorado novel. La segunda parte recoge la estructura y los contenidos formativos de los programas de formaci\u00f3n para profesorado novel de treinta y una universidades espa\u00f1olas.<\/p>\n","protected":false},"featured_media":55767,"comment_status":"open","ping_status":"closed","template":"","meta":{"_et_pb_use_builder":"","_et_pb_old_content":"","_et_gb_content_width":""},"product_cat":[11876,11913,11900,11907],"product_tag":[11887],"edicion":[],"editoriales":[11867],"tienda":[],"autor_id":[13797,13894,13971,14408,14360,14642,14673,19667,20126],"universidades_coeditoras":[],"palabras_clave":[],"listado_alfabetico":[],"acf":[],"_links":{"self":[{"href":"https:\/\/wizardly-davinci.82-223-8-23.plesk.page\/en\/wp-json\/wp\/v2\/product\/55766"}],"collection":[{"href":"https:\/\/wizardly-davinci.82-223-8-23.plesk.page\/en\/wp-json\/wp\/v2\/product"}],"about":[{"href":"https:\/\/wizardly-davinci.82-223-8-23.plesk.page\/en\/wp-json\/wp\/v2\/types\/product"}],"replies":[{"embeddable":true,"href":"https:\/\/wizardly-davinci.82-223-8-23.plesk.page\/en\/wp-json\/wp\/v2\/comments?post=55766"}],"wp:featuredmedia":[{"embeddable":true,"href":"https:\/\/wizardly-davinci.82-223-8-23.plesk.page\/en\/wp-json\/wp\/v2\/media\/55767"}],"wp:attachment":[{"href":"https:\/\/wizardly-davinci.82-223-8-23.plesk.page\/en\/wp-json\/wp\/v2\/media?parent=55766"}],"wp:term":[{"taxonomy":"product_cat","embeddable":true,"href":"https:\/\/wizardly-davinci.82-223-8-23.plesk.page\/en\/wp-json\/wp\/v2\/product_cat?post=55766"},{"taxonomy":"product_tag","embeddable":true,"href":"https:\/\/wizardly-davinci.82-223-8-23.plesk.page\/en\/wp-json\/wp\/v2\/product_tag?post=55766"},{"taxonomy":"edicion","embeddable":true,"href":"https:\/\/wizardly-davinci.82-223-8-23.plesk.page\/en\/wp-json\/wp\/v2\/edicion?post=55766"},{"taxonomy":"editoriales","embeddable":true,"href":"https:\/\/wizardly-davinci.82-223-8-23.plesk.page\/en\/wp-json\/wp\/v2\/editoriales?post=55766"},{"taxonomy":"tienda","embeddable":true,"href":"https:\/\/wizardly-davinci.82-223-8-23.plesk.page\/en\/wp-json\/wp\/v2\/tienda?post=55766"},{"taxonomy":"autor_id","embeddable":true,"href":"https:\/\/wizardly-davinci.82-223-8-23.plesk.page\/en\/wp-json\/wp\/v2\/autor_id?post=55766"},{"taxonomy":"universidades_coeditoras","embeddable":true,"href":"https:\/\/wizardly-davinci.82-223-8-23.plesk.page\/en\/wp-json\/wp\/v2\/universidades_coeditoras?post=55766"},{"taxonomy":"palabras_clave","embeddable":true,"href":"https:\/\/wizardly-davinci.82-223-8-23.plesk.page\/en\/wp-json\/wp\/v2\/palabras_clave?post=55766"},{"taxonomy":"listado_alfabetico","embeddable":true,"href":"https:\/\/wizardly-davinci.82-223-8-23.plesk.page\/en\/wp-json\/wp\/v2\/listado_alfabetico?post=55766"}],"curies":[{"name":"wp","href":"https:\/\/api.w.org\/{rel}","templated":true}]}}