{"id":55770,"date":"2011-10-09T23:52:04","date_gmt":"2011-10-09T23:52:04","guid":{"rendered":"https:\/\/octaedro.com\/libro\/elementos-para-una-buena-experiencia-de-practicas-externas-que-favorece-el-aprendizaje\/"},"modified":"2023-02-22T13:40:37","modified_gmt":"2023-02-22T12:40:37","slug":"elementos-para-una-buena-experiencia-de-practicas-externas-que-favorece-el-aprendizaje-2","status":"publish","type":"product","link":"https:\/\/wizardly-davinci.82-223-8-23.plesk.page\/en\/producto\/elementos-para-una-buena-experiencia-de-practicas-externas-que-favorece-el-aprendizaje-2\/","title":{"rendered":"Elementos para una buena experiencia de pr\u00e1cticas externas que favorece el aprendizaje"},"content":{"rendered":"<p>El Espacio Europeo de Educaci\u00f3n Superior ha forzado dos cambios con la introducci\u00f3n de las competencias. Por una parte, el nuevo paradig\u00acma de ense\u00f1anza-aprendizaje ha situado al estudiante en el centro del mismo como protagonista de su aprendizaje con todo su bagaje y ex\u00acperiencia. Y por otra, la consideraci\u00f3n de los centros de pr\u00e1cticas como centros de formaci\u00f3n, pues es en ellos donde el estudiante pone en jue\u00acgo las competencias de grado cuando en su Plan de estudios constan Pr\u00e1cticas externas, especialmente como asignatura obligatoria.<\/p>\n<p>La asignatura de pr\u00e1cticas externas no se puede implementar sin la co\u00aclaboraci\u00f3n de centros de pr\u00e1cticas y, especialmente, de los profesiona\u00acles que ejercen como tutoras y tutores de centro conjunta y coordinada\u00acmente con los tutores o tutoras de la Universidad.<\/p>\n<p>Para poder desarrollar adecuadamente las pr\u00e1cticas externas, se ne\u00accesita, por un lado, un equipo de coordinaci\u00f3n de pr\u00e1cticas externas integrado por docentes universitarios que lideren el proceso y que faci\u00acliten las relaciones con los centros, y, por otro lado, una estructura que ofrezca soporte administrativo a todas las labores de gesti\u00f3n, como por ejemplo, los convenios con las instituciones.<\/p>\n<p>Esta diversidad de agentes da idea de la complejidad organizativa y do\u00accente de las pr\u00e1cticas externas que necesariamente hay que fomentar desde un modelo de corresponsabilidad. En esta gu\u00eda se analizan los elementos necesarios para llegar a este modelo.<\/p>\n","protected":false},"excerpt":{"rendered":"<p>El Espacio Europeo de Educaci\u00f3n Superior ha forzado dos cambios con la introducci\u00f3n de las competencias. Por una parte, el nuevo paradig\u00acma de ense\u00f1anza-aprendizaje ha situado al estudiante en el centro del mismo como protagonista de su aprendizaje con todo su bagaje y ex\u00acperiencia. Y por otra, la consideraci\u00f3n de los centros de pr\u00e1cticas como centros de formaci\u00f3n, pues es en ellos donde el estudiante pone en jue\u00acgo las competencias de grado cuando en su Plan de estudios constan Pr\u00e1cticas externas, especialmente como asignatura obligatoria.<\/p>\n<p>La asignatura de pr\u00e1cticas externas no se puede implementar sin la co\u00aclaboraci\u00f3n de centros de pr\u00e1cticas y, especialmente, de los profesiona\u00acles que ejercen como tutoras y tutores de centro conjunta y coordinada\u00acmente con los tutores o tutoras de la Universidad.<\/p>\n<p>Para poder desarrollar adecuadamente las pr\u00e1cticas externas, se ne\u00accesita, por un lado, un equipo de coordinaci\u00f3n de pr\u00e1cticas externas integrado por docentes universitarios que lideren el proceso y que faci\u00acliten las relaciones con los centros, y, por otro lado, una estructura que ofrezca soporte administrativo a todas las labores de gesti\u00f3n, como por ejemplo, los convenios con las instituciones.<\/p>\n<p>Esta diversidad de agentes da idea de la complejidad organizativa y do\u00accente de las pr\u00e1cticas externas que necesariamente hay que fomentar desde un modelo de corresponsabilidad. En esta gu\u00eda se analizan los elementos necesarios para llegar a este modelo.<\/p>\n","protected":false},"featured_media":55771,"comment_status":"open","ping_status":"closed","template":"","meta":{"_et_pb_use_builder":"","_et_pb_old_content":"","_et_gb_content_width":""},"product_cat":[11876,11913,11900],"product_tag":[11887],"edicion":[],"editoriales":[11867],"tienda":[],"autor_id":[14247,19120,20179],"universidades_coeditoras":[],"palabras_clave":[],"listado_alfabetico":[],"acf":[],"_links":{"self":[{"href":"https:\/\/wizardly-davinci.82-223-8-23.plesk.page\/en\/wp-json\/wp\/v2\/product\/55770"}],"collection":[{"href":"https:\/\/wizardly-davinci.82-223-8-23.plesk.page\/en\/wp-json\/wp\/v2\/product"}],"about":[{"href":"https:\/\/wizardly-davinci.82-223-8-23.plesk.page\/en\/wp-json\/wp\/v2\/types\/product"}],"replies":[{"embeddable":true,"href":"https:\/\/wizardly-davinci.82-223-8-23.plesk.page\/en\/wp-json\/wp\/v2\/comments?post=55770"}],"wp:featuredmedia":[{"embeddable":true,"href":"https:\/\/wizardly-davinci.82-223-8-23.plesk.page\/en\/wp-json\/wp\/v2\/media\/55771"}],"wp:attachment":[{"href":"https:\/\/wizardly-davinci.82-223-8-23.plesk.page\/en\/wp-json\/wp\/v2\/media?parent=55770"}],"wp:term":[{"taxonomy":"product_cat","embeddable":true,"href":"https:\/\/wizardly-davinci.82-223-8-23.plesk.page\/en\/wp-json\/wp\/v2\/product_cat?post=55770"},{"taxonomy":"product_tag","embeddable":true,"href":"https:\/\/wizardly-davinci.82-223-8-23.plesk.page\/en\/wp-json\/wp\/v2\/product_tag?post=55770"},{"taxonomy":"edicion","embeddable":true,"href":"https:\/\/wizardly-davinci.82-223-8-23.plesk.page\/en\/wp-json\/wp\/v2\/edicion?post=55770"},{"taxonomy":"editoriales","embeddable":true,"href":"https:\/\/wizardly-davinci.82-223-8-23.plesk.page\/en\/wp-json\/wp\/v2\/editoriales?post=55770"},{"taxonomy":"tienda","embeddable":true,"href":"https:\/\/wizardly-davinci.82-223-8-23.plesk.page\/en\/wp-json\/wp\/v2\/tienda?post=55770"},{"taxonomy":"autor_id","embeddable":true,"href":"https:\/\/wizardly-davinci.82-223-8-23.plesk.page\/en\/wp-json\/wp\/v2\/autor_id?post=55770"},{"taxonomy":"universidades_coeditoras","embeddable":true,"href":"https:\/\/wizardly-davinci.82-223-8-23.plesk.page\/en\/wp-json\/wp\/v2\/universidades_coeditoras?post=55770"},{"taxonomy":"palabras_clave","embeddable":true,"href":"https:\/\/wizardly-davinci.82-223-8-23.plesk.page\/en\/wp-json\/wp\/v2\/palabras_clave?post=55770"},{"taxonomy":"listado_alfabetico","embeddable":true,"href":"https:\/\/wizardly-davinci.82-223-8-23.plesk.page\/en\/wp-json\/wp\/v2\/listado_alfabetico?post=55770"}],"curies":[{"name":"wp","href":"https:\/\/api.w.org\/{rel}","templated":true}]}}