{"id":55772,"date":"2011-09-09T23:52:03","date_gmt":"2011-09-09T23:52:03","guid":{"rendered":"https:\/\/octaedro.com\/libro\/biologia-i-una-experiencia-de-aprendizaje-activo-para-asumir-competencias-generales-y-especificas\/"},"modified":"2023-02-22T13:40:37","modified_gmt":"2023-02-22T12:40:37","slug":"biologia-i-una-experiencia-de-aprendizaje-activo-para-asumir-competencias-generales-y-especificas-2","status":"publish","type":"product","link":"https:\/\/wizardly-davinci.82-223-8-23.plesk.page\/en\/producto\/biologia-i-una-experiencia-de-aprendizaje-activo-para-asumir-competencias-generales-y-especificas-2\/","title":{"rendered":"Biolog\u00eda I: Una experiencia de aprendizaje activo para asumir competencias generales y espec\u00edficas"},"content":{"rendered":"<p>En este cuaderno se describe el proceso de gestaci\u00f3n y desarrollo de la Biolog\u00eda I, una asignatura de 6 ECTS que se imparte en los grados de Biolog\u00eda, Bioqu\u00edmica, Biotecnolog\u00eda y Ciencias Biom\u00e9dicas en la Facultad de Biolog\u00eda de la Universidad de Barcelona.<br \/>\nPara impartir la Biolog\u00eda I se constituy\u00f3 un equipo docente multidisciplinar, formado por 30 profesores de diferentes departamentos. Es importante destacar la labor de coordinaci\u00f3n y colaboraci\u00f3n entre todos los integrantes. Consideramos esta experiencia muy importante, ya que en ninguna asignatura hab\u00eda participado un n\u00famero tan elevado de profesores y departamentos de la Facultad de Biolog\u00eda.<br \/>\nEn los distintos apartados se explican detalladamente todas las actividades que se han llevado a cabo: clases de teor\u00eda, aprendizaje basado en problemas (ABP), seminarios, pr\u00e1cticas de campo y visitas a diferentes centros de investigaci\u00f3n u hospitalarios. Tambi\u00e9n se presentan y se discuten los resultados obtenidos.<br \/>\nAnalizando la asignatura de Biolog\u00eda I, tanto desde el punto de vista de la actividad docente realizada como de los resultados obtenidos, llegamos a la conclusi\u00f3n de que es una experiencia de aprendizaje activo que ha permitido la adquisici\u00f3n con \u00e9xito tanto de competencias generales como espec\u00edficas.<\/p>\n","protected":false},"excerpt":{"rendered":"<p>En este cuaderno se describe el proceso de gestaci\u00f3n y desarrollo de la Biolog\u00eda I, una asignatura de 6 ECTS que se imparte en los grados de Biolog\u00eda, Bioqu\u00edmica, Biotecnolog\u00eda y Ciencias Biom\u00e9dicas en la Facultad de Biolog\u00eda de la Universidad de Barcelona.<br \/>\nPara impartir la Biolog\u00eda I se constituy\u00f3 un equipo docente multidisciplinar, formado por 30 profesores de diferentes departamentos. Es importante destacar la labor de coordinaci\u00f3n y colaboraci\u00f3n entre todos los integrantes. Consideramos esta experiencia muy importante, ya que en ninguna asignatura hab\u00eda participado un n\u00famero tan elevado de profesores y departamentos de la Facultad de Biolog\u00eda.<br \/>\nEn los distintos apartados se explican detalladamente todas las actividades que se han llevado a cabo: clases de teor\u00eda, aprendizaje basado en problemas (ABP), seminarios, pr\u00e1cticas de campo y visitas a diferentes centros de investigaci\u00f3n u hospitalarios. Tambi\u00e9n se presentan y se discuten los resultados obtenidos.<br \/>\nAnalizando la asignatura de Biolog\u00eda I, tanto desde el punto de vista de la actividad docente realizada como de los resultados obtenidos, llegamos a la conclusi\u00f3n de que es una experiencia de aprendizaje activo que ha permitido la adquisici\u00f3n con \u00e9xito tanto de competencias generales como espec\u00edficas.<\/p>\n","protected":false},"featured_media":55773,"comment_status":"open","ping_status":"closed","template":"","meta":{"_et_pb_use_builder":"","_et_pb_old_content":"","_et_gb_content_width":""},"product_cat":[11876,11913,11900],"product_tag":[11887],"edicion":[12178],"editoriales":[11867],"tienda":[],"autor_id":[14544,20182],"universidades_coeditoras":[],"palabras_clave":[],"listado_alfabetico":[],"acf":[],"_links":{"self":[{"href":"https:\/\/wizardly-davinci.82-223-8-23.plesk.page\/en\/wp-json\/wp\/v2\/product\/55772"}],"collection":[{"href":"https:\/\/wizardly-davinci.82-223-8-23.plesk.page\/en\/wp-json\/wp\/v2\/product"}],"about":[{"href":"https:\/\/wizardly-davinci.82-223-8-23.plesk.page\/en\/wp-json\/wp\/v2\/types\/product"}],"replies":[{"embeddable":true,"href":"https:\/\/wizardly-davinci.82-223-8-23.plesk.page\/en\/wp-json\/wp\/v2\/comments?post=55772"}],"wp:featuredmedia":[{"embeddable":true,"href":"https:\/\/wizardly-davinci.82-223-8-23.plesk.page\/en\/wp-json\/wp\/v2\/media\/55773"}],"wp:attachment":[{"href":"https:\/\/wizardly-davinci.82-223-8-23.plesk.page\/en\/wp-json\/wp\/v2\/media?parent=55772"}],"wp:term":[{"taxonomy":"product_cat","embeddable":true,"href":"https:\/\/wizardly-davinci.82-223-8-23.plesk.page\/en\/wp-json\/wp\/v2\/product_cat?post=55772"},{"taxonomy":"product_tag","embeddable":true,"href":"https:\/\/wizardly-davinci.82-223-8-23.plesk.page\/en\/wp-json\/wp\/v2\/product_tag?post=55772"},{"taxonomy":"edicion","embeddable":true,"href":"https:\/\/wizardly-davinci.82-223-8-23.plesk.page\/en\/wp-json\/wp\/v2\/edicion?post=55772"},{"taxonomy":"editoriales","embeddable":true,"href":"https:\/\/wizardly-davinci.82-223-8-23.plesk.page\/en\/wp-json\/wp\/v2\/editoriales?post=55772"},{"taxonomy":"tienda","embeddable":true,"href":"https:\/\/wizardly-davinci.82-223-8-23.plesk.page\/en\/wp-json\/wp\/v2\/tienda?post=55772"},{"taxonomy":"autor_id","embeddable":true,"href":"https:\/\/wizardly-davinci.82-223-8-23.plesk.page\/en\/wp-json\/wp\/v2\/autor_id?post=55772"},{"taxonomy":"universidades_coeditoras","embeddable":true,"href":"https:\/\/wizardly-davinci.82-223-8-23.plesk.page\/en\/wp-json\/wp\/v2\/universidades_coeditoras?post=55772"},{"taxonomy":"palabras_clave","embeddable":true,"href":"https:\/\/wizardly-davinci.82-223-8-23.plesk.page\/en\/wp-json\/wp\/v2\/palabras_clave?post=55772"},{"taxonomy":"listado_alfabetico","embeddable":true,"href":"https:\/\/wizardly-davinci.82-223-8-23.plesk.page\/en\/wp-json\/wp\/v2\/listado_alfabetico?post=55772"}],"curies":[{"name":"wp","href":"https:\/\/api.w.org\/{rel}","templated":true}]}}