{"id":55774,"date":"2011-03-09T23:52:03","date_gmt":"2011-03-09T23:52:03","guid":{"rendered":"https:\/\/octaedro.com\/libro\/calidad-del-profesorado-un-modelo-de-competencias\/"},"modified":"2023-02-22T13:40:37","modified_gmt":"2023-02-22T12:40:37","slug":"calidad-del-profesorado-un-modelo-de-competencias-academicas-2","status":"publish","type":"product","link":"https:\/\/wizardly-davinci.82-223-8-23.plesk.page\/en\/producto\/calidad-del-profesorado-un-modelo-de-competencias-academicas-2\/","title":{"rendered":"Calidad del profesorado: un modelo de competencias"},"content":{"rendered":"<p>En esta era estamos afrontando una serie de desaf\u00edos en la educaci\u00f3n superior que posiblemente quince a\u00f1os atr\u00e1s no podr\u00edamos haber imaginado. Cambios profundos en la sociedad y en las relaciones internacionales han modificado de igual manera la realidad de los profesionales en el trabajo as\u00ed como de los estudiantes en camino de profesionalizaci\u00f3n. En tal sentido, el proceso de formaci\u00f3n, las prioridades de investigaci\u00f3n y la interacci\u00f3n institucional deben reconsiderarse para hacer coherente la interrelaci\u00f3n universidad-sociedad. Una manera de ingresar en este escenario de renovaci\u00f3n es analizando y redefiniendo la profesi\u00f3n acad\u00e9mica entendiendo que el profesor es una parte esencial del potencial de la universidad contempor\u00e1nea. Por tanto, el profesor requiere del desarrollo de competencias estructurales que le permitan ense\u00f1ar, investigar y realizar tareas de gesti\u00f3n con excelencia.<br \/>\nDespu\u00e9s de una prolongada investigaci\u00f3n doctoral, presentamos un amplio modelo estructural de competencias acad\u00e9micas del profesor, acreditado mediante publicaciones a nivel mundial, la m\u00e1s reciente de ellas en VDM-Verlag: UK, USA, Germany (Saravia, 2009).<\/p>\n","protected":false},"excerpt":{"rendered":"<p>En esta era estamos afrontando una serie de desaf\u00edos en la educaci\u00f3n superior que posiblemente quince a\u00f1os atr\u00e1s no podr\u00edamos haber imaginado. Cambios profundos en la sociedad y en las relaciones internacionales han modificado de igual manera la realidad de los profesionales en el trabajo as\u00ed como de los estudiantes en camino de profesionalizaci\u00f3n. En tal sentido, el proceso de formaci\u00f3n, las prioridades de investigaci\u00f3n y la interacci\u00f3n institucional deben reconsiderarse para hacer coherente la interrelaci\u00f3n universidad-sociedad. Una manera de ingresar en este escenario de renovaci\u00f3n es analizando y redefiniendo la profesi\u00f3n acad\u00e9mica entendiendo que el profesor es una parte esencial del potencial de la universidad contempor\u00e1nea. Por tanto, el profesor requiere del desarrollo de competencias estructurales que le permitan ense\u00f1ar, investigar y realizar tareas de gesti\u00f3n con excelencia.<br \/>\nDespu\u00e9s de una prolongada investigaci\u00f3n doctoral, presentamos un amplio modelo estructural de competencias acad\u00e9micas del profesor, acreditado mediante publicaciones a nivel mundial, la m\u00e1s reciente de ellas en VDM-Verlag: UK, USA, Germany (Saravia, 2009).<\/p>\n","protected":false},"featured_media":55775,"comment_status":"open","ping_status":"closed","template":"","meta":{"_et_pb_use_builder":"","_et_pb_old_content":"","_et_gb_content_width":""},"product_cat":[11876,11913,11900],"product_tag":[11887],"edicion":[],"editoriales":[11867],"tienda":[],"autor_id":[20184],"universidades_coeditoras":[],"palabras_clave":[],"listado_alfabetico":[],"acf":[],"_links":{"self":[{"href":"https:\/\/wizardly-davinci.82-223-8-23.plesk.page\/en\/wp-json\/wp\/v2\/product\/55774"}],"collection":[{"href":"https:\/\/wizardly-davinci.82-223-8-23.plesk.page\/en\/wp-json\/wp\/v2\/product"}],"about":[{"href":"https:\/\/wizardly-davinci.82-223-8-23.plesk.page\/en\/wp-json\/wp\/v2\/types\/product"}],"replies":[{"embeddable":true,"href":"https:\/\/wizardly-davinci.82-223-8-23.plesk.page\/en\/wp-json\/wp\/v2\/comments?post=55774"}],"wp:featuredmedia":[{"embeddable":true,"href":"https:\/\/wizardly-davinci.82-223-8-23.plesk.page\/en\/wp-json\/wp\/v2\/media\/55775"}],"wp:attachment":[{"href":"https:\/\/wizardly-davinci.82-223-8-23.plesk.page\/en\/wp-json\/wp\/v2\/media?parent=55774"}],"wp:term":[{"taxonomy":"product_cat","embeddable":true,"href":"https:\/\/wizardly-davinci.82-223-8-23.plesk.page\/en\/wp-json\/wp\/v2\/product_cat?post=55774"},{"taxonomy":"product_tag","embeddable":true,"href":"https:\/\/wizardly-davinci.82-223-8-23.plesk.page\/en\/wp-json\/wp\/v2\/product_tag?post=55774"},{"taxonomy":"edicion","embeddable":true,"href":"https:\/\/wizardly-davinci.82-223-8-23.plesk.page\/en\/wp-json\/wp\/v2\/edicion?post=55774"},{"taxonomy":"editoriales","embeddable":true,"href":"https:\/\/wizardly-davinci.82-223-8-23.plesk.page\/en\/wp-json\/wp\/v2\/editoriales?post=55774"},{"taxonomy":"tienda","embeddable":true,"href":"https:\/\/wizardly-davinci.82-223-8-23.plesk.page\/en\/wp-json\/wp\/v2\/tienda?post=55774"},{"taxonomy":"autor_id","embeddable":true,"href":"https:\/\/wizardly-davinci.82-223-8-23.plesk.page\/en\/wp-json\/wp\/v2\/autor_id?post=55774"},{"taxonomy":"universidades_coeditoras","embeddable":true,"href":"https:\/\/wizardly-davinci.82-223-8-23.plesk.page\/en\/wp-json\/wp\/v2\/universidades_coeditoras?post=55774"},{"taxonomy":"palabras_clave","embeddable":true,"href":"https:\/\/wizardly-davinci.82-223-8-23.plesk.page\/en\/wp-json\/wp\/v2\/palabras_clave?post=55774"},{"taxonomy":"listado_alfabetico","embeddable":true,"href":"https:\/\/wizardly-davinci.82-223-8-23.plesk.page\/en\/wp-json\/wp\/v2\/listado_alfabetico?post=55774"}],"curies":[{"name":"wp","href":"https:\/\/api.w.org\/{rel}","templated":true}]}}