{"id":55776,"date":"2010-11-10T23:52:02","date_gmt":"2010-11-10T23:52:02","guid":{"rendered":"https:\/\/octaedro.com\/libro\/aprender-desde-la-indagacion-en-la-universidad\/"},"modified":"2023-02-22T13:40:37","modified_gmt":"2023-02-22T12:40:37","slug":"aprender-desde-la-indagacion-en-la-universidad-2","status":"publish","type":"product","link":"https:\/\/wizardly-davinci.82-223-8-23.plesk.page\/en\/producto\/aprender-desde-la-indagacion-en-la-universidad-2\/","title":{"rendered":"Aprender desde la indagaci\u00f3n en la universidad"},"content":{"rendered":"<p>Esta publicaci\u00f3n tiene como origen la experiencia de innovaci\u00f3n docente en la universidad que, desde 2007, hemos construido desde la confluencia de un grupo de profesores y profesoras de la Facultad de Pedagog\u00eda y de la Facultad de Bellas Artes de la Universidad de Barcelona. A su vez formamos parte del grupo de innovaci\u00f3n docente Indaga\u2019t.<br \/>\nAlgunas de las l\u00edneas de inter\u00e9s y perspectivas comunes desde donde nos posicionamos como docentes son: una perspectiva socioconstruccionista del aprendizaje; las tareas de aprendizaje planteadas a los estudiantes como experiencias creativas y con sentido; el conocimiento vinculado a problem\u00e1ticas reales; la utilizaci\u00f3n de las tecnolog\u00edas de la informaci\u00f3n y la comunicaci\u00f3n; la formaci\u00f3n de profesionales que sepan transitar y utilizar m\u00faltiples alfabetismos; el proceso de aprendizaje que parte de la propia experiencia de los aprendices, y la evaluaci\u00f3n como una oportunidad para que los estudiantes den cuenta de su reflexi\u00f3n y el sentido otorgado a su proceso de aprendizaje.<\/p>\n","protected":false},"excerpt":{"rendered":"<p>Esta publicaci\u00f3n tiene como origen la experiencia de innovaci\u00f3n docente en la universidad que, desde 2007, hemos construido desde la confluencia de un grupo de profesores y profesoras de la Facultad de Pedagog\u00eda y de la Facultad de Bellas Artes de la Universidad de Barcelona. A su vez formamos parte del grupo de innovaci\u00f3n docente Indaga\u2019t.<br \/>\nAlgunas de las l\u00edneas de inter\u00e9s y perspectivas comunes desde donde nos posicionamos como docentes son: una perspectiva socioconstruccionista del aprendizaje; las tareas de aprendizaje planteadas a los estudiantes como experiencias creativas y con sentido; el conocimiento vinculado a problem\u00e1ticas reales; la utilizaci\u00f3n de las tecnolog\u00edas de la informaci\u00f3n y la comunicaci\u00f3n; la formaci\u00f3n de profesionales que sepan transitar y utilizar m\u00faltiples alfabetismos; el proceso de aprendizaje que parte de la propia experiencia de los aprendices, y la evaluaci\u00f3n como una oportunidad para que los estudiantes den cuenta de su reflexi\u00f3n y el sentido otorgado a su proceso de aprendizaje.<\/p>\n","protected":false},"featured_media":55777,"comment_status":"open","ping_status":"closed","template":"","meta":{"_et_pb_use_builder":"","_et_pb_old_content":"","_et_gb_content_width":""},"product_cat":[11876,11913,11900,11907],"product_tag":[11887],"edicion":[],"editoriales":[11867],"tienda":[],"autor_id":[13899,13941,12511,12785,14407,20190,20191,12786],"universidades_coeditoras":[],"palabras_clave":[],"listado_alfabetico":[],"acf":[],"_links":{"self":[{"href":"https:\/\/wizardly-davinci.82-223-8-23.plesk.page\/en\/wp-json\/wp\/v2\/product\/55776"}],"collection":[{"href":"https:\/\/wizardly-davinci.82-223-8-23.plesk.page\/en\/wp-json\/wp\/v2\/product"}],"about":[{"href":"https:\/\/wizardly-davinci.82-223-8-23.plesk.page\/en\/wp-json\/wp\/v2\/types\/product"}],"replies":[{"embeddable":true,"href":"https:\/\/wizardly-davinci.82-223-8-23.plesk.page\/en\/wp-json\/wp\/v2\/comments?post=55776"}],"wp:featuredmedia":[{"embeddable":true,"href":"https:\/\/wizardly-davinci.82-223-8-23.plesk.page\/en\/wp-json\/wp\/v2\/media\/55777"}],"wp:attachment":[{"href":"https:\/\/wizardly-davinci.82-223-8-23.plesk.page\/en\/wp-json\/wp\/v2\/media?parent=55776"}],"wp:term":[{"taxonomy":"product_cat","embeddable":true,"href":"https:\/\/wizardly-davinci.82-223-8-23.plesk.page\/en\/wp-json\/wp\/v2\/product_cat?post=55776"},{"taxonomy":"product_tag","embeddable":true,"href":"https:\/\/wizardly-davinci.82-223-8-23.plesk.page\/en\/wp-json\/wp\/v2\/product_tag?post=55776"},{"taxonomy":"edicion","embeddable":true,"href":"https:\/\/wizardly-davinci.82-223-8-23.plesk.page\/en\/wp-json\/wp\/v2\/edicion?post=55776"},{"taxonomy":"editoriales","embeddable":true,"href":"https:\/\/wizardly-davinci.82-223-8-23.plesk.page\/en\/wp-json\/wp\/v2\/editoriales?post=55776"},{"taxonomy":"tienda","embeddable":true,"href":"https:\/\/wizardly-davinci.82-223-8-23.plesk.page\/en\/wp-json\/wp\/v2\/tienda?post=55776"},{"taxonomy":"autor_id","embeddable":true,"href":"https:\/\/wizardly-davinci.82-223-8-23.plesk.page\/en\/wp-json\/wp\/v2\/autor_id?post=55776"},{"taxonomy":"universidades_coeditoras","embeddable":true,"href":"https:\/\/wizardly-davinci.82-223-8-23.plesk.page\/en\/wp-json\/wp\/v2\/universidades_coeditoras?post=55776"},{"taxonomy":"palabras_clave","embeddable":true,"href":"https:\/\/wizardly-davinci.82-223-8-23.plesk.page\/en\/wp-json\/wp\/v2\/palabras_clave?post=55776"},{"taxonomy":"listado_alfabetico","embeddable":true,"href":"https:\/\/wizardly-davinci.82-223-8-23.plesk.page\/en\/wp-json\/wp\/v2\/listado_alfabetico?post=55776"}],"curies":[{"name":"wp","href":"https:\/\/api.w.org\/{rel}","templated":true}]}}