{"id":55778,"date":"2010-11-09T23:52:01","date_gmt":"2010-11-09T23:52:01","guid":{"rendered":"https:\/\/octaedro.com\/libro\/evaluacion-por-competencias-en-la-universidad-las-competencias-transversales\/"},"modified":"2023-02-22T13:40:42","modified_gmt":"2023-02-22T12:40:42","slug":"evaluacion-por-competencias-en-la-universidad-2","status":"publish","type":"product","link":"https:\/\/wizardly-davinci.82-223-8-23.plesk.page\/en\/producto\/evaluacion-por-competencias-en-la-universidad-2\/","title":{"rendered":"Evaluaci\u00f3n por competencias en la universidad: las competencias transversales"},"content":{"rendered":"<p>Este trabajo pretende describir el proceso que la Facultad de Formaci\u00f3n del Profesorado est\u00e1 llevando a cabo para abordar la evaluaci\u00f3n de las competencias transversales explicitadas por la Universidad e Barcelona. Nuestro punto d partida ha sido el nuevo modelo de docencia universitaria que se establece con la implantaci\u00f3n del Espacio Europeo de Educaci\u00f3n Superior. De todas las implicaciones asociadas al proceso de convergencia europea. Este documento se centra en el proceso de adquisici\u00f3n y evaluaci\u00f3n de las competencias transversales y propone un modelo did\u00e1ctico para poder abordarlo desde cualquier ense\u00f1anza universitaria. Como complemento se exponen dos experiencias llevadas a la pr\u00e1ctica en el marco de este modelo de intervenci\u00f3n.<\/p>\n","protected":false},"excerpt":{"rendered":"<p>Este trabajo pretende describir el proceso que la Facultad de Formaci\u00f3n del Profesorado est\u00e1 llevando a cabo para abordar la evaluaci\u00f3n de las competencias transversales explicitadas por la Universidad e Barcelona. Nuestro punto d partida ha sido el nuevo modelo de docencia universitaria que se establece con la implantaci\u00f3n del Espacio Europeo de Educaci\u00f3n Superior. De todas las implicaciones asociadas al proceso de convergencia europea. Este documento se centra en el proceso de adquisici\u00f3n y evaluaci\u00f3n de las competencias transversales y propone un modelo did\u00e1ctico para poder abordarlo desde cualquier ense\u00f1anza universitaria. Como complemento se exponen dos experiencias llevadas a la pr\u00e1ctica en el marco de este modelo de intervenci\u00f3n.<\/p>\n","protected":false},"featured_media":55779,"comment_status":"open","ping_status":"closed","template":"","meta":{"_et_pb_use_builder":"","_et_pb_old_content":"","_et_gb_content_width":""},"product_cat":[11876,11913,11900],"product_tag":[11887],"edicion":[],"editoriales":[11867],"tienda":[],"autor_id":[13791],"universidades_coeditoras":[],"palabras_clave":[],"listado_alfabetico":[],"acf":[],"_links":{"self":[{"href":"https:\/\/wizardly-davinci.82-223-8-23.plesk.page\/en\/wp-json\/wp\/v2\/product\/55778"}],"collection":[{"href":"https:\/\/wizardly-davinci.82-223-8-23.plesk.page\/en\/wp-json\/wp\/v2\/product"}],"about":[{"href":"https:\/\/wizardly-davinci.82-223-8-23.plesk.page\/en\/wp-json\/wp\/v2\/types\/product"}],"replies":[{"embeddable":true,"href":"https:\/\/wizardly-davinci.82-223-8-23.plesk.page\/en\/wp-json\/wp\/v2\/comments?post=55778"}],"wp:featuredmedia":[{"embeddable":true,"href":"https:\/\/wizardly-davinci.82-223-8-23.plesk.page\/en\/wp-json\/wp\/v2\/media\/55779"}],"wp:attachment":[{"href":"https:\/\/wizardly-davinci.82-223-8-23.plesk.page\/en\/wp-json\/wp\/v2\/media?parent=55778"}],"wp:term":[{"taxonomy":"product_cat","embeddable":true,"href":"https:\/\/wizardly-davinci.82-223-8-23.plesk.page\/en\/wp-json\/wp\/v2\/product_cat?post=55778"},{"taxonomy":"product_tag","embeddable":true,"href":"https:\/\/wizardly-davinci.82-223-8-23.plesk.page\/en\/wp-json\/wp\/v2\/product_tag?post=55778"},{"taxonomy":"edicion","embeddable":true,"href":"https:\/\/wizardly-davinci.82-223-8-23.plesk.page\/en\/wp-json\/wp\/v2\/edicion?post=55778"},{"taxonomy":"editoriales","embeddable":true,"href":"https:\/\/wizardly-davinci.82-223-8-23.plesk.page\/en\/wp-json\/wp\/v2\/editoriales?post=55778"},{"taxonomy":"tienda","embeddable":true,"href":"https:\/\/wizardly-davinci.82-223-8-23.plesk.page\/en\/wp-json\/wp\/v2\/tienda?post=55778"},{"taxonomy":"autor_id","embeddable":true,"href":"https:\/\/wizardly-davinci.82-223-8-23.plesk.page\/en\/wp-json\/wp\/v2\/autor_id?post=55778"},{"taxonomy":"universidades_coeditoras","embeddable":true,"href":"https:\/\/wizardly-davinci.82-223-8-23.plesk.page\/en\/wp-json\/wp\/v2\/universidades_coeditoras?post=55778"},{"taxonomy":"palabras_clave","embeddable":true,"href":"https:\/\/wizardly-davinci.82-223-8-23.plesk.page\/en\/wp-json\/wp\/v2\/palabras_clave?post=55778"},{"taxonomy":"listado_alfabetico","embeddable":true,"href":"https:\/\/wizardly-davinci.82-223-8-23.plesk.page\/en\/wp-json\/wp\/v2\/listado_alfabetico?post=55778"}],"curies":[{"name":"wp","href":"https:\/\/api.w.org\/{rel}","templated":true}]}}