{"id":55786,"date":"2009-03-09T23:51:56","date_gmt":"2009-03-09T23:51:56","guid":{"rendered":"https:\/\/octaedro.com\/libro\/mejorar-la-ensenanza-y-el-aprendizaje-en-la-universidad\/"},"modified":"2023-02-22T13:40:42","modified_gmt":"2023-02-22T12:40:42","slug":"mejorar-la-ensenanza-y-el-aprendizaje-en-la-universidad-2","status":"publish","type":"product","link":"https:\/\/wizardly-davinci.82-223-8-23.plesk.page\/en\/producto\/mejorar-la-ensenanza-y-el-aprendizaje-en-la-universidad-2\/","title":{"rendered":"Mejorar la ense\u00f1anza y el aprendizaje en la universidad"},"content":{"rendered":"<p>El libro desarrolla diversos aspectos para mejorar la ense\u00f1anza y el aprendizaje en la universidad. Basado en la teor\u00eda y en la experiencia propia, analiza y ofrece alternativas para el cambio en las aulas.<br \/>\nSe analiza la docencia centrada en el docente y en el alumnado con la intenci\u00f3n de mejorarlas para que el alumno aprenda. Da pistas sobre c\u00f3mo mejorar la sesi\u00f3n magistral y c\u00f3mo equilibrarla con sesiones donde la participaci\u00f3n del alumnado asume toda la importancia.<br \/>\nSin caer en el ingenuismo pedag\u00f3gico, el texto recuerda que lo importante no son las diversas metodolog\u00edas o las t\u00e9cnicas de ense\u00f1anza como un fin en s\u00ed mismo, sino la preocupaci\u00f3n del profesor o profesora por el aprendizaje del alumnado y c\u00f3mo \u00e9sta se origina en todo el proceso de ense\u00f1anza.<\/p>\n","protected":false},"excerpt":{"rendered":"<p>El libro desarrolla diversos aspectos para mejorar la ense\u00f1anza y el aprendizaje en la universidad. Basado en la teor\u00eda y en la experiencia propia, analiza y ofrece alternativas para el cambio en las aulas.<br \/>\nSe analiza la docencia centrada en el docente y en el alumnado con la intenci\u00f3n de mejorarlas para que el alumno aprenda. Da pistas sobre c\u00f3mo mejorar la sesi\u00f3n magistral y c\u00f3mo equilibrarla con sesiones donde la participaci\u00f3n del alumnado asume toda la importancia.<br \/>\nSin caer en el ingenuismo pedag\u00f3gico, el texto recuerda que lo importante no son las diversas metodolog\u00edas o las t\u00e9cnicas de ense\u00f1anza como un fin en s\u00ed mismo, sino la preocupaci\u00f3n del profesor o profesora por el aprendizaje del alumnado y c\u00f3mo \u00e9sta se origina en todo el proceso de ense\u00f1anza.<\/p>\n","protected":false},"featured_media":55787,"comment_status":"open","ping_status":"closed","template":"","meta":{"_et_pb_use_builder":"","_et_pb_old_content":"","_et_gb_content_width":""},"product_cat":[11876,11913,11900,11907],"product_tag":[11887],"edicion":[],"editoriales":[11867],"tienda":[],"autor_id":[14443],"universidades_coeditoras":[],"palabras_clave":[],"listado_alfabetico":[],"acf":[],"_links":{"self":[{"href":"https:\/\/wizardly-davinci.82-223-8-23.plesk.page\/en\/wp-json\/wp\/v2\/product\/55786"}],"collection":[{"href":"https:\/\/wizardly-davinci.82-223-8-23.plesk.page\/en\/wp-json\/wp\/v2\/product"}],"about":[{"href":"https:\/\/wizardly-davinci.82-223-8-23.plesk.page\/en\/wp-json\/wp\/v2\/types\/product"}],"replies":[{"embeddable":true,"href":"https:\/\/wizardly-davinci.82-223-8-23.plesk.page\/en\/wp-json\/wp\/v2\/comments?post=55786"}],"wp:featuredmedia":[{"embeddable":true,"href":"https:\/\/wizardly-davinci.82-223-8-23.plesk.page\/en\/wp-json\/wp\/v2\/media\/55787"}],"wp:attachment":[{"href":"https:\/\/wizardly-davinci.82-223-8-23.plesk.page\/en\/wp-json\/wp\/v2\/media?parent=55786"}],"wp:term":[{"taxonomy":"product_cat","embeddable":true,"href":"https:\/\/wizardly-davinci.82-223-8-23.plesk.page\/en\/wp-json\/wp\/v2\/product_cat?post=55786"},{"taxonomy":"product_tag","embeddable":true,"href":"https:\/\/wizardly-davinci.82-223-8-23.plesk.page\/en\/wp-json\/wp\/v2\/product_tag?post=55786"},{"taxonomy":"edicion","embeddable":true,"href":"https:\/\/wizardly-davinci.82-223-8-23.plesk.page\/en\/wp-json\/wp\/v2\/edicion?post=55786"},{"taxonomy":"editoriales","embeddable":true,"href":"https:\/\/wizardly-davinci.82-223-8-23.plesk.page\/en\/wp-json\/wp\/v2\/editoriales?post=55786"},{"taxonomy":"tienda","embeddable":true,"href":"https:\/\/wizardly-davinci.82-223-8-23.plesk.page\/en\/wp-json\/wp\/v2\/tienda?post=55786"},{"taxonomy":"autor_id","embeddable":true,"href":"https:\/\/wizardly-davinci.82-223-8-23.plesk.page\/en\/wp-json\/wp\/v2\/autor_id?post=55786"},{"taxonomy":"universidades_coeditoras","embeddable":true,"href":"https:\/\/wizardly-davinci.82-223-8-23.plesk.page\/en\/wp-json\/wp\/v2\/universidades_coeditoras?post=55786"},{"taxonomy":"palabras_clave","embeddable":true,"href":"https:\/\/wizardly-davinci.82-223-8-23.plesk.page\/en\/wp-json\/wp\/v2\/palabras_clave?post=55786"},{"taxonomy":"listado_alfabetico","embeddable":true,"href":"https:\/\/wizardly-davinci.82-223-8-23.plesk.page\/en\/wp-json\/wp\/v2\/listado_alfabetico?post=55786"}],"curies":[{"name":"wp","href":"https:\/\/api.w.org\/{rel}","templated":true}]}}