{"id":55788,"date":"2009-02-13T23:51:55","date_gmt":"2009-02-13T22:51:55","guid":{"rendered":"https:\/\/octaedro.com\/libro\/condiciones-para-una-evaluacion-continuada-favorecedora-del-aprendizaje\/"},"modified":"2023-02-22T13:40:42","modified_gmt":"2023-02-22T12:40:42","slug":"condiciones-para-una-evaluacion-continuada-favorecedora-del-aprendizaje-2","status":"publish","type":"product","link":"https:\/\/wizardly-davinci.82-223-8-23.plesk.page\/en\/producto\/condiciones-para-una-evaluacion-continuada-favorecedora-del-aprendizaje-2\/","title":{"rendered":"Condiciones para una evaluaci\u00f3n continuada favorecedora del aprendizaje"},"content":{"rendered":"<p>Gran parte de la evaluaci\u00f3n de la docencia se centra en lo que los docentes hacen en clase. Este art\u00edculo, en cambio, se ocupa de evaluar c\u00f3mo se realiza la evaluaci\u00f3n y c\u00f3mo \u00e9sta influye en la forma de aprender y estudiar fuera de clase. Generalmente se asume que la manera de evaluar determina poderasamente qu\u00e9, c\u00f3mo y cu\u00e1nto estudian los alumnos. Este art\u00edculo propone un conjunto de \u201ccondiciones bajo las cuales la evaluaci\u00f3n favorece el aprendizje\u201d y las argumenta con referencias te\u00f3ricas, evidencias emp\u00edricas y experiencias pr\u00e1cticas. Estas condiciones ofrecen, adem\u00e1s, un marco de referencia a los docentes dispuestos a revisar la efectividad de su propia pr\u00e1ctica evaluativa.<\/p>\n","protected":false},"excerpt":{"rendered":"<p>Gran parte de la evaluaci\u00f3n de la docencia se centra en lo que los docentes hacen en clase. Este art\u00edculo, en cambio, se ocupa de evaluar c\u00f3mo se realiza la evaluaci\u00f3n y c\u00f3mo \u00e9sta influye en la forma de aprender y estudiar fuera de clase. Generalmente se asume que la manera de evaluar determina poderasamente qu\u00e9, c\u00f3mo y cu\u00e1nto estudian los alumnos. Este art\u00edculo propone un conjunto de \u201ccondiciones bajo las cuales la evaluaci\u00f3n favorece el aprendizaje\u201d y las argumenta con referencias te\u00f3ricas, evidencias emp\u00edricas y experiencias pr\u00e1cticas. Estas condiciones ofrecen, adem\u00e1s, un marco de referencia a los docentes dispuestos a revisar la efectividad de su propia pr\u00e1ctica evaluativa.<\/p>\n","protected":false},"featured_media":55789,"comment_status":"open","ping_status":"closed","template":"","meta":{"_et_pb_use_builder":"","_et_pb_old_content":"","_et_gb_content_width":""},"product_cat":[11876,11913,11900],"product_tag":[11887],"edicion":[],"editoriales":[11867],"tienda":[],"autor_id":[14368,20210],"universidades_coeditoras":[],"palabras_clave":[],"listado_alfabetico":[],"acf":[],"_links":{"self":[{"href":"https:\/\/wizardly-davinci.82-223-8-23.plesk.page\/en\/wp-json\/wp\/v2\/product\/55788"}],"collection":[{"href":"https:\/\/wizardly-davinci.82-223-8-23.plesk.page\/en\/wp-json\/wp\/v2\/product"}],"about":[{"href":"https:\/\/wizardly-davinci.82-223-8-23.plesk.page\/en\/wp-json\/wp\/v2\/types\/product"}],"replies":[{"embeddable":true,"href":"https:\/\/wizardly-davinci.82-223-8-23.plesk.page\/en\/wp-json\/wp\/v2\/comments?post=55788"}],"wp:featuredmedia":[{"embeddable":true,"href":"https:\/\/wizardly-davinci.82-223-8-23.plesk.page\/en\/wp-json\/wp\/v2\/media\/55789"}],"wp:attachment":[{"href":"https:\/\/wizardly-davinci.82-223-8-23.plesk.page\/en\/wp-json\/wp\/v2\/media?parent=55788"}],"wp:term":[{"taxonomy":"product_cat","embeddable":true,"href":"https:\/\/wizardly-davinci.82-223-8-23.plesk.page\/en\/wp-json\/wp\/v2\/product_cat?post=55788"},{"taxonomy":"product_tag","embeddable":true,"href":"https:\/\/wizardly-davinci.82-223-8-23.plesk.page\/en\/wp-json\/wp\/v2\/product_tag?post=55788"},{"taxonomy":"edicion","embeddable":true,"href":"https:\/\/wizardly-davinci.82-223-8-23.plesk.page\/en\/wp-json\/wp\/v2\/edicion?post=55788"},{"taxonomy":"editoriales","embeddable":true,"href":"https:\/\/wizardly-davinci.82-223-8-23.plesk.page\/en\/wp-json\/wp\/v2\/editoriales?post=55788"},{"taxonomy":"tienda","embeddable":true,"href":"https:\/\/wizardly-davinci.82-223-8-23.plesk.page\/en\/wp-json\/wp\/v2\/tienda?post=55788"},{"taxonomy":"autor_id","embeddable":true,"href":"https:\/\/wizardly-davinci.82-223-8-23.plesk.page\/en\/wp-json\/wp\/v2\/autor_id?post=55788"},{"taxonomy":"universidades_coeditoras","embeddable":true,"href":"https:\/\/wizardly-davinci.82-223-8-23.plesk.page\/en\/wp-json\/wp\/v2\/universidades_coeditoras?post=55788"},{"taxonomy":"palabras_clave","embeddable":true,"href":"https:\/\/wizardly-davinci.82-223-8-23.plesk.page\/en\/wp-json\/wp\/v2\/palabras_clave?post=55788"},{"taxonomy":"listado_alfabetico","embeddable":true,"href":"https:\/\/wizardly-davinci.82-223-8-23.plesk.page\/en\/wp-json\/wp\/v2\/listado_alfabetico?post=55788"}],"curies":[{"name":"wp","href":"https:\/\/api.w.org\/{rel}","templated":true}]}}