{"id":55830,"date":"2019-01-01T00:00:00","date_gmt":"2018-12-31T23:00:00","guid":{"rendered":"https:\/\/octaedro.com\/libro\/leducacio-fisica-als-centres-educatius-infancia-joventut-i-moviment\/"},"modified":"2023-03-08T12:23:09","modified_gmt":"2023-03-08T11:23:09","slug":"leducacio-fisica-als-centres-educatius-infancia-joventut-i-moviment-2","status":"publish","type":"product","link":"https:\/\/wizardly-davinci.82-223-8-23.plesk.page\/en\/producto\/leducacio-fisica-als-centres-educatius-infancia-joventut-i-moviment-2\/","title":{"rendered":"L&#8217;educaci\u00f3 f\u00edsica als centres educatius: inf\u00e0ncia, joventut i moviment"},"content":{"rendered":"<p>Quina Educaci\u00f3 F\u00edsica volem per als nostres infants i joves? Quin ha de ser l\u2019enfocament que ha de tenir aquesta mat\u00e8ria curricular en les diferents etapes educatives? Qu\u00e8 haur\u00edem de prioritzar: els continguts, les finalitats, el desenvolupament dels nostres fills i filles?\u2026<\/p>\n<p>En un moment de canvi i de moviments del m\u00f3n educatiu, i fins i tot d\u2019un punt de desconcert sobre cap on estem anant, us presentem un llibre que cont\u00e9 idees i exemples pr\u00e0ctics que ens posicionen davant de les preguntes que encap\u00e7alen aquest text. Evidentment, \u00e9s nom\u00e9s un punt de vista d\u2019entre molts possibles, per\u00f2 amb una idea clara: els protagonistes de l\u2019Educaci\u00f3 F\u00edsica en els centres escolars s\u00f3n els i les estudiants i el seu desenvolupament, i no pas els continguts ni les modes que sovint envaeixen el m\u00f3n educatiu sense massa suport te\u00f2ric ni cient\u00edfic.<\/p>\n","protected":false},"excerpt":{"rendered":"<p>Quina Educaci\u00f3 F\u00edsica volem per als nostres infants i joves? Quin ha de ser l\u2019enfocament que ha de tenir aquesta mat\u00e8ria curricular en les diferents etapes educatives? Qu\u00e8 haur\u00edem de prioritzar: els continguts, les finalitats, el desenvolupament dels nostres fills i filles?\u2026<\/p>\n<p>En un moment de canvi i de moviments del m\u00f3n educatiu, i fins i tot d\u2019un punt de desconcert sobre cap on estem anant, us presentem un llibre que cont\u00e9 idees i exemples pr\u00e0ctics que ens posicionen davant de les preguntes que encap\u00e7alen aquest text. Evidentment, \u00e9s nom\u00e9s un punt de vista d\u2019entre molts possibles, per\u00f2 amb una idea clara: els protagonistes de l\u2019Educaci\u00f3 F\u00edsica en els centres escolars s\u00f3n els i les estudiants i el seu desenvolupament, i no pas els continguts ni les modes que sovint envaeixen el m\u00f3n educatiu sense massa suport te\u00f2ric ni cient\u00edfic.<\/p>\n","protected":false},"featured_media":52151,"comment_status":"open","ping_status":"closed","template":"","meta":{"_et_pb_use_builder":"","_et_pb_old_content":"","_et_gb_content_width":""},"product_cat":[11882,11902,11859,11925],"product_tag":[11860],"edicion":[11865],"editoriales":[12203],"tienda":[],"autor_id":[],"universidades_coeditoras":[],"palabras_clave":[],"listado_alfabetico":[],"acf":[],"_links":{"self":[{"href":"https:\/\/wizardly-davinci.82-223-8-23.plesk.page\/en\/wp-json\/wp\/v2\/product\/55830"}],"collection":[{"href":"https:\/\/wizardly-davinci.82-223-8-23.plesk.page\/en\/wp-json\/wp\/v2\/product"}],"about":[{"href":"https:\/\/wizardly-davinci.82-223-8-23.plesk.page\/en\/wp-json\/wp\/v2\/types\/product"}],"replies":[{"embeddable":true,"href":"https:\/\/wizardly-davinci.82-223-8-23.plesk.page\/en\/wp-json\/wp\/v2\/comments?post=55830"}],"wp:featuredmedia":[{"embeddable":true,"href":"https:\/\/wizardly-davinci.82-223-8-23.plesk.page\/en\/wp-json\/wp\/v2\/media\/52151"}],"wp:attachment":[{"href":"https:\/\/wizardly-davinci.82-223-8-23.plesk.page\/en\/wp-json\/wp\/v2\/media?parent=55830"}],"wp:term":[{"taxonomy":"product_cat","embeddable":true,"href":"https:\/\/wizardly-davinci.82-223-8-23.plesk.page\/en\/wp-json\/wp\/v2\/product_cat?post=55830"},{"taxonomy":"product_tag","embeddable":true,"href":"https:\/\/wizardly-davinci.82-223-8-23.plesk.page\/en\/wp-json\/wp\/v2\/product_tag?post=55830"},{"taxonomy":"edicion","embeddable":true,"href":"https:\/\/wizardly-davinci.82-223-8-23.plesk.page\/en\/wp-json\/wp\/v2\/edicion?post=55830"},{"taxonomy":"editoriales","embeddable":true,"href":"https:\/\/wizardly-davinci.82-223-8-23.plesk.page\/en\/wp-json\/wp\/v2\/editoriales?post=55830"},{"taxonomy":"tienda","embeddable":true,"href":"https:\/\/wizardly-davinci.82-223-8-23.plesk.page\/en\/wp-json\/wp\/v2\/tienda?post=55830"},{"taxonomy":"autor_id","embeddable":true,"href":"https:\/\/wizardly-davinci.82-223-8-23.plesk.page\/en\/wp-json\/wp\/v2\/autor_id?post=55830"},{"taxonomy":"universidades_coeditoras","embeddable":true,"href":"https:\/\/wizardly-davinci.82-223-8-23.plesk.page\/en\/wp-json\/wp\/v2\/universidades_coeditoras?post=55830"},{"taxonomy":"palabras_clave","embeddable":true,"href":"https:\/\/wizardly-davinci.82-223-8-23.plesk.page\/en\/wp-json\/wp\/v2\/palabras_clave?post=55830"},{"taxonomy":"listado_alfabetico","embeddable":true,"href":"https:\/\/wizardly-davinci.82-223-8-23.plesk.page\/en\/wp-json\/wp\/v2\/listado_alfabetico?post=55830"}],"curies":[{"name":"wp","href":"https:\/\/api.w.org\/{rel}","templated":true}]}}