{"id":55844,"date":"2019-04-09T23:51:26","date_gmt":"2019-04-09T21:51:26","guid":{"rendered":"https:\/\/octaedro.com\/libro\/el-placer-y-la-norma\/"},"modified":"2023-02-22T13:40:52","modified_gmt":"2023-02-22T12:40:52","slug":"el-placer-y-la-norma-2","status":"publish","type":"product","link":"https:\/\/wizardly-davinci.82-223-8-23.plesk.page\/en\/producto\/el-placer-y-la-norma-2\/","title":{"rendered":"El placer y la norma"},"content":{"rendered":"<p>La sexualidad infantil se ha ido configurando a trav\u00e9s de un largo transcurso hist\u00f3rico y social, incitando ansiedades, curiosidad y deseos en la mirada del mundo adulto. Desde que la sexualidad infantil se convirti\u00f3, a partir del siglo XVIII, en un \u00e1mbito espec\u00edfico y problem\u00e1tico frente a la sexualidad adulta, este distanciamiento o extra\u00f1amiento entre grupos de edad (con sus conexiones con el g\u00e9nero, la raza y la clase social) no ha dejado de producir efectos y plantear interrogantes: \u00bfC\u00f3mo surgi\u00f3 este intenso examen sobre el sexo infantil y sus \u201cpeligros\u201d, que peri\u00f3dicamente contin\u00faan provocando la alarma moral de ciertos sectores sociales? \u00bfCu\u00e1les fueron las causas y efectos del p\u00e1nico moral antimasturbatorio extendido por los saberes expertos y que ha marcado el curso de la sexualidad occidental? \u00bfC\u00f3mo se ha configurado en nuestra cultura la necesidad de una ciencia del sexo y una pedagog\u00eda que han conformado nuestra subjetividad a partir de ciertas \u201cidentidades\u201d sexuales?<br \/>\nEn estas p\u00e1ginas se intenta analizar un periodo inicial y decisivo en la configuraci\u00f3n y problematizaci\u00f3n de la sexualidad infantil en Espa\u00f1a; se busca trazar los or\u00edgenes de esta captura de la sexualidad infantil dentro del desarrollo de nuevas estrategias de poder y saber enfocadas sobre la instituci\u00f3n escolar.<br \/>\nEl an\u00e1lisis de la configuraci\u00f3n de los dispositivos de vigilancia y observaci\u00f3n que se construyeron alrededor de la sexualidad infantil permite trazar la genealog\u00eda de la educaci\u00f3n sexual en Espa\u00f1a: el desarrollo del lento y conflictivo proceso hacia una \u201cinstrucci\u00f3n prudente\u201d, pero atemorizadora, en torno a los peligros de la masturbaci\u00f3n en la infancia, acerca de los funestos resultados de la autoerotismo sobre la constituci\u00f3n f\u00edsica y moral de ni\u00f1os y j\u00f3venes; y la evoluci\u00f3n de estas estrategias hacia una ilustraci\u00f3n sexual de tono cient\u00edfico y \u201cneutral\u201d, en el contexto de corrientes cient\u00edficas como el degeneracionismo y la eugenesia.<\/p>\n","protected":false},"excerpt":{"rendered":"<p>La sexualidad infantil se ha ido configurando a trav\u00e9s de un largo transcurso hist\u00f3rico y social, incitando ansiedades, curiosidad y deseos en la mirada del mundo adulto. Desde que la sexualidad infantil se convirti\u00f3, a partir del siglo XVIII, en un \u00e1mbito espec\u00edfico y problem\u00e1tico frente a la sexualidad adulta, este distanciamiento o extra\u00f1amiento entre grupos de edad (con sus conexiones con el g\u00e9nero, la raza y la clase social) no ha dejado de producir efectos y plantear interrogantes: \u00bfC\u00f3mo surgi\u00f3 este intenso examen sobre el sexo infantil y sus \u201cpeligros\u201d, que peri\u00f3dicamente contin\u00faan provocando la alarma moral de ciertos sectores sociales? \u00bfCu\u00e1les fueron las causas y efectos del p\u00e1nico moral antimasturbatorio extendido por los saberes expertos y que ha marcado el curso de la sexualidad occidental? \u00bfC\u00f3mo se ha configurado en nuestra cultura la necesidad de una ciencia del sexo y una pedagog\u00eda que han conformado nuestra subjetividad a partir de ciertas \u201cidentidades\u201d sexuales?<br \/>\nEn estas p\u00e1ginas se intenta analizar un periodo inicial y decisivo en la configuraci\u00f3n y problematizaci\u00f3n de la sexualidad infantil en Espa\u00f1a; se busca trazar los or\u00edgenes de esta captura de la sexualidad infantil dentro del desarrollo de nuevas estrategias de poder y saber enfocadas sobre la instituci\u00f3n escolar.<br \/>\nEl an\u00e1lisis de la configuraci\u00f3n de los dispositivos de vigilancia y observaci\u00f3n que se construyeron alrededor de la sexualidad infantil permite trazar la genealog\u00eda de la educaci\u00f3n sexual en Espa\u00f1a: el desarrollo del lento y conflictivo proceso hacia una \u201cinstrucci\u00f3n prudente\u201d, pero atemorizadora, en torno a los peligros de la masturbaci\u00f3n en la infancia, acerca de los funestos resultados de la autoerotismo sobre la constituci\u00f3n f\u00edsica y moral de ni\u00f1os y j\u00f3venes; y la evoluci\u00f3n de estas estrategias hacia una ilustraci\u00f3n sexual de tono cient\u00edfico y \u201cneutral\u201d, en el contexto de corrientes cient\u00edficas como el degeneracionismo y la eugenesia.<\/p>\n","protected":false},"featured_media":55845,"comment_status":"open","ping_status":"closed","template":"","meta":{"_et_pb_use_builder":"","_et_pb_old_content":"","_et_gb_content_width":""},"product_cat":[11858],"product_tag":[11860],"edicion":[],"editoriales":[11867],"tienda":[],"autor_id":[20263],"universidades_coeditoras":[],"palabras_clave":[],"listado_alfabetico":[],"acf":[],"_links":{"self":[{"href":"https:\/\/wizardly-davinci.82-223-8-23.plesk.page\/en\/wp-json\/wp\/v2\/product\/55844"}],"collection":[{"href":"https:\/\/wizardly-davinci.82-223-8-23.plesk.page\/en\/wp-json\/wp\/v2\/product"}],"about":[{"href":"https:\/\/wizardly-davinci.82-223-8-23.plesk.page\/en\/wp-json\/wp\/v2\/types\/product"}],"replies":[{"embeddable":true,"href":"https:\/\/wizardly-davinci.82-223-8-23.plesk.page\/en\/wp-json\/wp\/v2\/comments?post=55844"}],"wp:featuredmedia":[{"embeddable":true,"href":"https:\/\/wizardly-davinci.82-223-8-23.plesk.page\/en\/wp-json\/wp\/v2\/media\/55845"}],"wp:attachment":[{"href":"https:\/\/wizardly-davinci.82-223-8-23.plesk.page\/en\/wp-json\/wp\/v2\/media?parent=55844"}],"wp:term":[{"taxonomy":"product_cat","embeddable":true,"href":"https:\/\/wizardly-davinci.82-223-8-23.plesk.page\/en\/wp-json\/wp\/v2\/product_cat?post=55844"},{"taxonomy":"product_tag","embeddable":true,"href":"https:\/\/wizardly-davinci.82-223-8-23.plesk.page\/en\/wp-json\/wp\/v2\/product_tag?post=55844"},{"taxonomy":"edicion","embeddable":true,"href":"https:\/\/wizardly-davinci.82-223-8-23.plesk.page\/en\/wp-json\/wp\/v2\/edicion?post=55844"},{"taxonomy":"editoriales","embeddable":true,"href":"https:\/\/wizardly-davinci.82-223-8-23.plesk.page\/en\/wp-json\/wp\/v2\/editoriales?post=55844"},{"taxonomy":"tienda","embeddable":true,"href":"https:\/\/wizardly-davinci.82-223-8-23.plesk.page\/en\/wp-json\/wp\/v2\/tienda?post=55844"},{"taxonomy":"autor_id","embeddable":true,"href":"https:\/\/wizardly-davinci.82-223-8-23.plesk.page\/en\/wp-json\/wp\/v2\/autor_id?post=55844"},{"taxonomy":"universidades_coeditoras","embeddable":true,"href":"https:\/\/wizardly-davinci.82-223-8-23.plesk.page\/en\/wp-json\/wp\/v2\/universidades_coeditoras?post=55844"},{"taxonomy":"palabras_clave","embeddable":true,"href":"https:\/\/wizardly-davinci.82-223-8-23.plesk.page\/en\/wp-json\/wp\/v2\/palabras_clave?post=55844"},{"taxonomy":"listado_alfabetico","embeddable":true,"href":"https:\/\/wizardly-davinci.82-223-8-23.plesk.page\/en\/wp-json\/wp\/v2\/listado_alfabetico?post=55844"}],"curies":[{"name":"wp","href":"https:\/\/api.w.org\/{rel}","templated":true}]}}