{"id":55846,"date":"2019-04-09T23:51:25","date_gmt":"2019-04-09T21:51:25","guid":{"rendered":"https:\/\/octaedro.com\/libro\/vieja-y-nueva-historia-de-la-educacion\/"},"modified":"2023-02-22T13:40:52","modified_gmt":"2023-02-22T12:40:52","slug":"vieja-y-nueva-historia-de-la-educacion-2","status":"publish","type":"product","link":"https:\/\/wizardly-davinci.82-223-8-23.plesk.page\/en\/producto\/vieja-y-nueva-historia-de-la-educacion-2\/","title":{"rendered":"Vieja y nueva historia de la educaci\u00f3n"},"content":{"rendered":"<p>Este libro re\u00fane una colecci\u00f3n de ensayos de <span class=\"destacat\">Marc Depaepe<\/span>, cinco art\u00edculos que aparecieron originalmente en ingl\u00e9s o en franc\u00e9s entre 1997 y la fecha actual. El objetivo del libro consiste en presentar al p\u00fablico hispanohablante la evoluci\u00f3n experimentada paro la historiograf\u00eda de la educaci\u00f3n, as\u00ed como los debates te\u00f3ricos y metodol\u00f3gicos que tienen lugar en este campo a trav\u00e9s de uno de sus cultivadores actuales m\u00e1s autorizados y comprometidos con el desarrollo de un pensamiento cr\u00edtico.<br \/>\nPartiendo del presupuesto de que los mortales ni pueden escapar a su propio contexto hist\u00f3rico ni disponen de una perspectiva suficiente desde la que leer o desplazarse al pasado, el autor argumenta que \u201csomos nosotros mismos quienes construimos historias y esas historias, aunque no lo queramos, reciben autom\u00e1ticamente la influencia del lugar y la posici\u00f3n que ocupamos en el presente\u201d.<br \/>\nCada sociedad posee sus propias normas generales y su r\u00e9gimen sobre la \u201cverdad\u201d: indica los tipos de discurso que deben considerarse verdaderos y genera mecanismos para distinguirlos de los que no lo son y asignarles valor. En la medida en que el historiador de la educaci\u00f3n logra desenmascarar los poderes ocultos de esos discursos, la historia de la educaci\u00f3n adquiere un valor cr\u00edtico adicional desmitificando las grandes, heroicas y a menudo exageradas historias del discurso educativo, de acuerdo con la fe modernista en el progreso, no para ridiculizar a quienes les precedieron, su educaci\u00f3n o sus ideales, sino para demostrar que tambi\u00e9n ellos fueron simples humanos que vivieron en un contexto sociohist\u00f3rico concreto del que dif\u00edcilmente pod\u00edan abastraerse.<\/p>\n","protected":false},"excerpt":{"rendered":"<p>Este libro re\u00fane una colecci\u00f3n de ensayos de <span class=\"destacat\">Marc Depaepe<\/span>, cinco art\u00edculos que aparecieron originalmente en ingl\u00e9s o en franc\u00e9s entre 1997 y la fecha actual. El objetivo del libro consiste en presentar al p\u00fablico hispanohablante la evoluci\u00f3n experimentada paro la historiograf\u00eda de la educaci\u00f3n, as\u00ed como los debates te\u00f3ricos y metodol\u00f3gicos que tienen lugar en este campo a trav\u00e9s de uno de sus cultivadores actuales m\u00e1s autorizados y comprometidos con el desarrollo de un pensamiento cr\u00edtico.<br \/>\nPartiendo del presupuesto de que los mortales ni pueden escapar a su propio contexto hist\u00f3rico ni disponen de una perspectiva suficiente desde la que leer o desplazarse al pasado, el autor argumenta que \u201csomos nosotros mismos quienes construimos historias y esas historias, aunque no lo queramos, reciben autom\u00e1ticamente la influencia del lugar y la posici\u00f3n que ocupamos en el presente\u201d.<br \/>\nCada sociedad posee sus propias normas generales y su r\u00e9gimen sobre la \u201cverdad\u201d: indica los tipos de discurso que deben considerarse verdaderos y genera mecanismos para distinguirlos de los que no lo son y asignarles valor. En la medida en que el historiador de la educaci\u00f3n logra desenmascarar los poderes ocultos de esos discursos, la historia de la educaci\u00f3n adquiere un valor cr\u00edtico adicional desmitificando las grandes, heroicas y a menudo exageradas historias del discurso educativo, de acuerdo con la fe modernista en el progreso, no para ridiculizar a quienes les precedieron, su educaci\u00f3n o sus ideales, sino para demostrar que tambi\u00e9n ellos fueron simples humanos que vivieron en un contexto sociohist\u00f3rico concreto del que dif\u00edcilmente pod\u00edan abastraerse.<\/p>\n","protected":false},"featured_media":55847,"comment_status":"open","ping_status":"closed","template":"","meta":{"_et_pb_use_builder":"","_et_pb_old_content":"","_et_gb_content_width":""},"product_cat":[11858,11859],"product_tag":[11860],"edicion":[11865],"editoriales":[11867],"tienda":[],"autor_id":[14006],"universidades_coeditoras":[],"palabras_clave":[],"listado_alfabetico":[],"acf":[],"_links":{"self":[{"href":"https:\/\/wizardly-davinci.82-223-8-23.plesk.page\/en\/wp-json\/wp\/v2\/product\/55846"}],"collection":[{"href":"https:\/\/wizardly-davinci.82-223-8-23.plesk.page\/en\/wp-json\/wp\/v2\/product"}],"about":[{"href":"https:\/\/wizardly-davinci.82-223-8-23.plesk.page\/en\/wp-json\/wp\/v2\/types\/product"}],"replies":[{"embeddable":true,"href":"https:\/\/wizardly-davinci.82-223-8-23.plesk.page\/en\/wp-json\/wp\/v2\/comments?post=55846"}],"wp:featuredmedia":[{"embeddable":true,"href":"https:\/\/wizardly-davinci.82-223-8-23.plesk.page\/en\/wp-json\/wp\/v2\/media\/55847"}],"wp:attachment":[{"href":"https:\/\/wizardly-davinci.82-223-8-23.plesk.page\/en\/wp-json\/wp\/v2\/media?parent=55846"}],"wp:term":[{"taxonomy":"product_cat","embeddable":true,"href":"https:\/\/wizardly-davinci.82-223-8-23.plesk.page\/en\/wp-json\/wp\/v2\/product_cat?post=55846"},{"taxonomy":"product_tag","embeddable":true,"href":"https:\/\/wizardly-davinci.82-223-8-23.plesk.page\/en\/wp-json\/wp\/v2\/product_tag?post=55846"},{"taxonomy":"edicion","embeddable":true,"href":"https:\/\/wizardly-davinci.82-223-8-23.plesk.page\/en\/wp-json\/wp\/v2\/edicion?post=55846"},{"taxonomy":"editoriales","embeddable":true,"href":"https:\/\/wizardly-davinci.82-223-8-23.plesk.page\/en\/wp-json\/wp\/v2\/editoriales?post=55846"},{"taxonomy":"tienda","embeddable":true,"href":"https:\/\/wizardly-davinci.82-223-8-23.plesk.page\/en\/wp-json\/wp\/v2\/tienda?post=55846"},{"taxonomy":"autor_id","embeddable":true,"href":"https:\/\/wizardly-davinci.82-223-8-23.plesk.page\/en\/wp-json\/wp\/v2\/autor_id?post=55846"},{"taxonomy":"universidades_coeditoras","embeddable":true,"href":"https:\/\/wizardly-davinci.82-223-8-23.plesk.page\/en\/wp-json\/wp\/v2\/universidades_coeditoras?post=55846"},{"taxonomy":"palabras_clave","embeddable":true,"href":"https:\/\/wizardly-davinci.82-223-8-23.plesk.page\/en\/wp-json\/wp\/v2\/palabras_clave?post=55846"},{"taxonomy":"listado_alfabetico","embeddable":true,"href":"https:\/\/wizardly-davinci.82-223-8-23.plesk.page\/en\/wp-json\/wp\/v2\/listado_alfabetico?post=55846"}],"curies":[{"name":"wp","href":"https:\/\/api.w.org\/{rel}","templated":true}]}}