{"id":55849,"date":"2019-04-09T23:51:25","date_gmt":"2019-04-09T21:51:25","guid":{"rendered":"https:\/\/octaedro.com\/libro\/felices-y-escolarizados\/"},"modified":"2023-02-22T13:40:53","modified_gmt":"2023-02-22T12:40:53","slug":"felices-y-escolarizados-2","status":"publish","type":"product","link":"https:\/\/wizardly-davinci.82-223-8-23.plesk.page\/en\/producto\/felices-y-escolarizados-2\/","title":{"rendered":"Felices y escolarizados"},"content":{"rendered":"<p>El discurso argumentativo de este libro se hilvana en torno a una mirada cr\u00edtica y geneal\u00f3gica de la escuela en la era del capitalismo, tomando como principal objeto de estudio los procesos de escolarizaci\u00f3n universal y obligatoria, y sus implicaciones de todo tipo. Se trata de un ensayo de ensayos (como tales podr\u00edan leerse cada uno de sus cap\u00edtulos) a contrapelo de la versi\u00f3n complaciente y feliz de educadores, pedagogos e historiadores, que, imbuidos de una acendrada concepci\u00f3n \u201cprogresista\u201d del progreso, han venido atribuyendo a la escuela la virtud de ser f\u00e1rmaco milagroso contra todos los males sociales.<\/p>\n","protected":false},"excerpt":{"rendered":"<p>El discurso argumentativo de este libro se hilvana en torno a una mirada cr\u00edtica y geneal\u00f3gica de la escuela en la era del capitalismo, tomando como principal objeto de estudio los procesos de escolarizaci\u00f3n universal y obligatoria, y sus implicaciones de todo tipo. Se trata de un ensayo de ensayos (como tales podr\u00edan leerse cada uno de sus cap\u00edtulos) a contrapelo de la versi\u00f3n complaciente y feliz de educadores, pedagogos e historiadores, que, imbuidos de una acendrada concepci\u00f3n \u201cprogresista\u201d del progreso, han venido atribuyendo a la escuela la virtud de ser f\u00e1rmaco milagroso contra todos los males sociales.<\/p>\n","protected":false},"featured_media":55850,"comment_status":"open","ping_status":"closed","template":"","meta":{"_et_pb_use_builder":"","_et_pb_old_content":"","_et_gb_content_width":""},"product_cat":[11858,11859],"product_tag":[11860],"edicion":[11865],"editoriales":[11867],"tienda":[],"autor_id":[14705],"universidades_coeditoras":[],"palabras_clave":[],"listado_alfabetico":[],"acf":[],"_links":{"self":[{"href":"https:\/\/wizardly-davinci.82-223-8-23.plesk.page\/en\/wp-json\/wp\/v2\/product\/55849"}],"collection":[{"href":"https:\/\/wizardly-davinci.82-223-8-23.plesk.page\/en\/wp-json\/wp\/v2\/product"}],"about":[{"href":"https:\/\/wizardly-davinci.82-223-8-23.plesk.page\/en\/wp-json\/wp\/v2\/types\/product"}],"replies":[{"embeddable":true,"href":"https:\/\/wizardly-davinci.82-223-8-23.plesk.page\/en\/wp-json\/wp\/v2\/comments?post=55849"}],"wp:featuredmedia":[{"embeddable":true,"href":"https:\/\/wizardly-davinci.82-223-8-23.plesk.page\/en\/wp-json\/wp\/v2\/media\/55850"}],"wp:attachment":[{"href":"https:\/\/wizardly-davinci.82-223-8-23.plesk.page\/en\/wp-json\/wp\/v2\/media?parent=55849"}],"wp:term":[{"taxonomy":"product_cat","embeddable":true,"href":"https:\/\/wizardly-davinci.82-223-8-23.plesk.page\/en\/wp-json\/wp\/v2\/product_cat?post=55849"},{"taxonomy":"product_tag","embeddable":true,"href":"https:\/\/wizardly-davinci.82-223-8-23.plesk.page\/en\/wp-json\/wp\/v2\/product_tag?post=55849"},{"taxonomy":"edicion","embeddable":true,"href":"https:\/\/wizardly-davinci.82-223-8-23.plesk.page\/en\/wp-json\/wp\/v2\/edicion?post=55849"},{"taxonomy":"editoriales","embeddable":true,"href":"https:\/\/wizardly-davinci.82-223-8-23.plesk.page\/en\/wp-json\/wp\/v2\/editoriales?post=55849"},{"taxonomy":"tienda","embeddable":true,"href":"https:\/\/wizardly-davinci.82-223-8-23.plesk.page\/en\/wp-json\/wp\/v2\/tienda?post=55849"},{"taxonomy":"autor_id","embeddable":true,"href":"https:\/\/wizardly-davinci.82-223-8-23.plesk.page\/en\/wp-json\/wp\/v2\/autor_id?post=55849"},{"taxonomy":"universidades_coeditoras","embeddable":true,"href":"https:\/\/wizardly-davinci.82-223-8-23.plesk.page\/en\/wp-json\/wp\/v2\/universidades_coeditoras?post=55849"},{"taxonomy":"palabras_clave","embeddable":true,"href":"https:\/\/wizardly-davinci.82-223-8-23.plesk.page\/en\/wp-json\/wp\/v2\/palabras_clave?post=55849"},{"taxonomy":"listado_alfabetico","embeddable":true,"href":"https:\/\/wizardly-davinci.82-223-8-23.plesk.page\/en\/wp-json\/wp\/v2\/listado_alfabetico?post=55849"}],"curies":[{"name":"wp","href":"https:\/\/api.w.org\/{rel}","templated":true}]}}