{"id":55853,"date":"2019-04-09T23:51:24","date_gmt":"2019-04-09T21:51:24","guid":{"rendered":"https:\/\/octaedro.com\/libro\/ensenanza-examen-y-control\/"},"modified":"2023-02-22T13:40:53","modified_gmt":"2023-02-22T12:40:53","slug":"ensenanza-examen-y-control-2","status":"publish","type":"product","link":"https:\/\/wizardly-davinci.82-223-8-23.plesk.page\/en\/producto\/ensenanza-examen-y-control-2\/","title":{"rendered":"Ense\u00f1anza, examen y control"},"content":{"rendered":"<p>A lo largo de las p\u00e1ginas de este libro se mira dentro de las clases de Historia y se analiza lo que en ellas ocurre. Lo que vemos no es nada complaciente con los discursos oficiales acerca del papel de la escuela en la formaci\u00f3n de ni\u00f1os y j\u00f3venes, pues m\u00e1s que enriquecer su pensamiento, se les transmite un conocimiento burocratizado y se les sumerge en la realizaci\u00f3n de pr\u00e1cticas rutinarias. Lejos de interpretar esta contradicci\u00f3n como un problema psicopedag\u00f3gico, se indaga en la l\u00f3gica que gobierna el desarrollo de las clases, pregunt\u00e1ndonos si es la transmisi\u00f3n de la cultura la pauta que rige la vida en las aulas o son otras las razones que acaban imponi\u00e9ndose.<\/p>\n","protected":false},"excerpt":{"rendered":"<p>A lo largo de las p\u00e1ginas de este libro se mira dentro de las clases de Historia y se analiza lo que en ellas ocurre. Lo que vemos no es nada complaciente con los discursos oficiales acerca del papel de la escuela en la formaci\u00f3n de ni\u00f1os y j\u00f3venes, pues m\u00e1s que enriquecer su pensamiento, se les transmite un conocimiento burocratizado y se les sumerge en la realizaci\u00f3n de pr\u00e1cticas rutinarias. Lejos de interpretar esta contradicci\u00f3n como un problema psicopedag\u00f3gico, se indaga en la l\u00f3gica que gobierna el desarrollo de las clases, pregunt\u00e1ndonos si es la transmisi\u00f3n de la cultura la pauta que rige la vida en las aulas o son otras las razones que acaban imponi\u00e9ndose.<\/p>\n","protected":false},"featured_media":55854,"comment_status":"open","ping_status":"closed","template":"","meta":{"_et_pb_use_builder":"","_et_pb_old_content":"","_et_gb_content_width":""},"product_cat":[11858,11859],"product_tag":[11860],"edicion":[11865],"editoriales":[11867],"tienda":[],"autor_id":[14692],"universidades_coeditoras":[],"palabras_clave":[],"listado_alfabetico":[],"acf":[],"_links":{"self":[{"href":"https:\/\/wizardly-davinci.82-223-8-23.plesk.page\/en\/wp-json\/wp\/v2\/product\/55853"}],"collection":[{"href":"https:\/\/wizardly-davinci.82-223-8-23.plesk.page\/en\/wp-json\/wp\/v2\/product"}],"about":[{"href":"https:\/\/wizardly-davinci.82-223-8-23.plesk.page\/en\/wp-json\/wp\/v2\/types\/product"}],"replies":[{"embeddable":true,"href":"https:\/\/wizardly-davinci.82-223-8-23.plesk.page\/en\/wp-json\/wp\/v2\/comments?post=55853"}],"wp:featuredmedia":[{"embeddable":true,"href":"https:\/\/wizardly-davinci.82-223-8-23.plesk.page\/en\/wp-json\/wp\/v2\/media\/55854"}],"wp:attachment":[{"href":"https:\/\/wizardly-davinci.82-223-8-23.plesk.page\/en\/wp-json\/wp\/v2\/media?parent=55853"}],"wp:term":[{"taxonomy":"product_cat","embeddable":true,"href":"https:\/\/wizardly-davinci.82-223-8-23.plesk.page\/en\/wp-json\/wp\/v2\/product_cat?post=55853"},{"taxonomy":"product_tag","embeddable":true,"href":"https:\/\/wizardly-davinci.82-223-8-23.plesk.page\/en\/wp-json\/wp\/v2\/product_tag?post=55853"},{"taxonomy":"edicion","embeddable":true,"href":"https:\/\/wizardly-davinci.82-223-8-23.plesk.page\/en\/wp-json\/wp\/v2\/edicion?post=55853"},{"taxonomy":"editoriales","embeddable":true,"href":"https:\/\/wizardly-davinci.82-223-8-23.plesk.page\/en\/wp-json\/wp\/v2\/editoriales?post=55853"},{"taxonomy":"tienda","embeddable":true,"href":"https:\/\/wizardly-davinci.82-223-8-23.plesk.page\/en\/wp-json\/wp\/v2\/tienda?post=55853"},{"taxonomy":"autor_id","embeddable":true,"href":"https:\/\/wizardly-davinci.82-223-8-23.plesk.page\/en\/wp-json\/wp\/v2\/autor_id?post=55853"},{"taxonomy":"universidades_coeditoras","embeddable":true,"href":"https:\/\/wizardly-davinci.82-223-8-23.plesk.page\/en\/wp-json\/wp\/v2\/universidades_coeditoras?post=55853"},{"taxonomy":"palabras_clave","embeddable":true,"href":"https:\/\/wizardly-davinci.82-223-8-23.plesk.page\/en\/wp-json\/wp\/v2\/palabras_clave?post=55853"},{"taxonomy":"listado_alfabetico","embeddable":true,"href":"https:\/\/wizardly-davinci.82-223-8-23.plesk.page\/en\/wp-json\/wp\/v2\/listado_alfabetico?post=55853"}],"curies":[{"name":"wp","href":"https:\/\/api.w.org\/{rel}","templated":true}]}}