{"id":55867,"date":"2019-04-09T23:46:41","date_gmt":"2019-04-09T21:46:41","guid":{"rendered":"https:\/\/octaedro.com\/libro\/innovacion-docente-nuevos-planteamientos\/"},"modified":"2023-02-22T13:40:57","modified_gmt":"2023-02-22T12:40:57","slug":"innovacion-docente-nuevos-planteamientos","status":"publish","type":"product","link":"https:\/\/wizardly-davinci.82-223-8-23.plesk.page\/en\/producto\/innovacion-docente-nuevos-planteamientos\/","title":{"rendered":"Innovaci\u00f3n docente: nuevos planteamientos"},"content":{"rendered":"<p>Este libro parte del convencimiento de los beneficios y ventajas de conocer y compartir diferentes l\u00edneas de trabajo e investigaci\u00f3n en materia de innovaci\u00f3n docente, ya que las buenas pr\u00e1cticas en el aula sirven de inspiraci\u00f3n y de referencia para otros docentes que deseen mejorar en alg\u00fan sentido su actividad profesional.<\/p>\n<p>El objetivo fundamental de esta publicaci\u00f3n es potenciar los procesos de innovaci\u00f3n que el profesorado en educaci\u00f3n superior pone en marcha en sus diversos campos, en torno a pr\u00e1cticas metodol\u00f3gicas concretas. En este sentido, se muestran diferentes experiencias de innovaci\u00f3n docente universitarias, con el prop\u00f3sito de dar a conocer a toda la comunidad educativa, y a la sociedad en general, nuevos planteamientos metodol\u00f3gicos.<\/p>\n<p>La obra ser\u00e1 especialmente \u00fatil al profesorado universitario, as\u00ed como a t\u00e9cnicos e investigadores de la educaci\u00f3n, con el deseo de que dichas innovaciones motiven y orienten a otras pr\u00e1cticas educativas, y aporten calidad y grandeza a la instituci\u00f3n universitaria.<\/p>\n","protected":false},"excerpt":{"rendered":"<p>Este libro parte del convencimiento de los beneficios y ventajas de conocer y compartir diferentes l\u00edneas de trabajo e investigaci\u00f3n en materia de innovaci\u00f3n docente, ya que las buenas pr\u00e1cticas en el aula sirven de inspiraci\u00f3n y de referencia para otros docentes que deseen mejorar en alg\u00fan sentido su actividad profesional.<\/p>\n<p>El objetivo fundamental de esta publicaci\u00f3n es potenciar los procesos de innovaci\u00f3n que el profesorado en educaci\u00f3n superior pone en marcha en sus diversos campos, en torno a pr\u00e1cticas metodol\u00f3gicas concretas. En este sentido, se muestran diferentes experiencias de innovaci\u00f3n docente universitarias, con el prop\u00f3sito de dar a conocer a toda la comunidad educativa, y a la sociedad en general, nuevos planteamientos metodol\u00f3gicos.<\/p>\n<p>La obra ser\u00e1 especialmente \u00fatil al profesorado universitario, as\u00ed como a t\u00e9cnicos e investigadores de la educaci\u00f3n, con el deseo de que dichas innovaciones motiven y orienten a otras pr\u00e1cticas educativas, y aporten calidad y grandeza a la instituci\u00f3n universitaria.<\/p>\n","protected":false},"featured_media":55876,"comment_status":"open","ping_status":"closed","template":"","meta":{"_et_pb_use_builder":"","_et_pb_old_content":"","_et_gb_content_width":""},"product_cat":[11899,11910,11913,11907],"product_tag":[11890],"edicion":[12178],"editoriales":[11867],"tienda":[],"autor_id":[12342],"universidades_coeditoras":[12312],"palabras_clave":[],"listado_alfabetico":[],"acf":[],"_links":{"self":[{"href":"https:\/\/wizardly-davinci.82-223-8-23.plesk.page\/en\/wp-json\/wp\/v2\/product\/55867"}],"collection":[{"href":"https:\/\/wizardly-davinci.82-223-8-23.plesk.page\/en\/wp-json\/wp\/v2\/product"}],"about":[{"href":"https:\/\/wizardly-davinci.82-223-8-23.plesk.page\/en\/wp-json\/wp\/v2\/types\/product"}],"replies":[{"embeddable":true,"href":"https:\/\/wizardly-davinci.82-223-8-23.plesk.page\/en\/wp-json\/wp\/v2\/comments?post=55867"}],"wp:featuredmedia":[{"embeddable":true,"href":"https:\/\/wizardly-davinci.82-223-8-23.plesk.page\/en\/wp-json\/wp\/v2\/media\/55876"}],"wp:attachment":[{"href":"https:\/\/wizardly-davinci.82-223-8-23.plesk.page\/en\/wp-json\/wp\/v2\/media?parent=55867"}],"wp:term":[{"taxonomy":"product_cat","embeddable":true,"href":"https:\/\/wizardly-davinci.82-223-8-23.plesk.page\/en\/wp-json\/wp\/v2\/product_cat?post=55867"},{"taxonomy":"product_tag","embeddable":true,"href":"https:\/\/wizardly-davinci.82-223-8-23.plesk.page\/en\/wp-json\/wp\/v2\/product_tag?post=55867"},{"taxonomy":"edicion","embeddable":true,"href":"https:\/\/wizardly-davinci.82-223-8-23.plesk.page\/en\/wp-json\/wp\/v2\/edicion?post=55867"},{"taxonomy":"editoriales","embeddable":true,"href":"https:\/\/wizardly-davinci.82-223-8-23.plesk.page\/en\/wp-json\/wp\/v2\/editoriales?post=55867"},{"taxonomy":"tienda","embeddable":true,"href":"https:\/\/wizardly-davinci.82-223-8-23.plesk.page\/en\/wp-json\/wp\/v2\/tienda?post=55867"},{"taxonomy":"autor_id","embeddable":true,"href":"https:\/\/wizardly-davinci.82-223-8-23.plesk.page\/en\/wp-json\/wp\/v2\/autor_id?post=55867"},{"taxonomy":"universidades_coeditoras","embeddable":true,"href":"https:\/\/wizardly-davinci.82-223-8-23.plesk.page\/en\/wp-json\/wp\/v2\/universidades_coeditoras?post=55867"},{"taxonomy":"palabras_clave","embeddable":true,"href":"https:\/\/wizardly-davinci.82-223-8-23.plesk.page\/en\/wp-json\/wp\/v2\/palabras_clave?post=55867"},{"taxonomy":"listado_alfabetico","embeddable":true,"href":"https:\/\/wizardly-davinci.82-223-8-23.plesk.page\/en\/wp-json\/wp\/v2\/listado_alfabetico?post=55867"}],"curies":[{"name":"wp","href":"https:\/\/api.w.org\/{rel}","templated":true}]}}