{"id":55880,"date":"2019-04-09T23:46:40","date_gmt":"2019-04-09T23:46:40","guid":{"rendered":"https:\/\/octaedro.com\/libro\/investigacion-en-metodologias-virtuales-redes-sociales-y-comunicacion\/"},"modified":"2023-02-22T13:40:58","modified_gmt":"2023-02-22T12:40:58","slug":"investigacion-en-metodologias-virtuales-redes-sociales-y-comunicacion","status":"publish","type":"product","link":"https:\/\/wizardly-davinci.82-223-8-23.plesk.page\/en\/producto\/investigacion-en-metodologias-virtuales-redes-sociales-y-comunicacion\/","title":{"rendered":"Investigaci\u00f3n en metodolog\u00edas virtuales, redes sociales y comunicaci\u00f3n"},"content":{"rendered":"<p>El libro se desarrolla dentro del marco del proyecto \u00abAn\u00e1lisis de pedagog\u00edas digitales: comunicaci\u00f3n, redes sociales y nuevas narrativas\u00bb (CoReN). Presenta los resultados obtenidos de la fase de investigaci\u00f3n del proyecto con relaci\u00f3n al estudio de metodolog\u00edas virtuales innovadoras potenciales que cabe desarrollar en el \u00e1mbito universitario, redes sociales y procesos de comunicaci\u00f3n.<\/p>\n<p>Se analizan investigaciones y experiencias realizadas basadas en pedagog\u00edas virtuales innovadoras, con una experiencia en el campo del trabajo colaborativo que aborda la tem\u00e1tica desde el punto de vista de los estudiantes y permite a los lectores aproximarse a las principales dificultades encontradas a la hora de llevar a cabo un trabajo colaborativo real.<\/p>\n<p>Partiendo de los resultados obtenidos en el \u00e1rea de redes sociales, tambi\u00e9n se abarca la investigaci\u00f3n realizada en tres asignaturas de estudios universitarios donde se ha implementado una actividad innovadora basada en el debate acad\u00e9mico a trav\u00e9s de Twitter.<\/p>\n<p>El libro est\u00e1 dirigido a estudiantes y profesionales de la educaci\u00f3n (profesorado, educadores, gestores&#8230;), interesados en conocer nuevas formas de aprender y ense\u00f1ar en el campo de las pedagog\u00edas virtuales.<\/p>\n","protected":false},"excerpt":{"rendered":"<p>El libro se desarrolla dentro del marco del proyecto \u00abAn\u00e1lisis de pedagog\u00edas digitales: comunicaci\u00f3n, redes sociales y nuevas narrativas\u00bb (CoReN). Presenta los resultados obtenidos de la fase de investigaci\u00f3n del proyecto con relaci\u00f3n al estudio de metodolog\u00edas virtuales innovadoras potenciales que cabe desarrollar en el \u00e1mbito universitario, redes sociales y procesos de comunicaci\u00f3n.<\/p>\n<p>Se analizan investigaciones y experiencias realizadas basadas en pedagog\u00edas virtuales innovadoras, con una experiencia en el campo del trabajo colaborativo que aborda la tem\u00e1tica desde el punto de vista de los estudiantes y permite a los lectores aproximarse a las principales dificultades encontradas a la hora de llevar a cabo un trabajo colaborativo real.<\/p>\n<p>Partiendo de los resultados obtenidos en el \u00e1rea de redes sociales, tambi\u00e9n se abarca la investigaci\u00f3n realizada en tres asignaturas de estudios universitarios donde se ha implementado una actividad innovadora basada en el debate acad\u00e9mico a trav\u00e9s de Twitter.<\/p>\n<p>El libro est\u00e1 dirigido a estudiantes y profesionales de la educaci\u00f3n (profesorado, educadores, gestores&#8230;), interesados en conocer nuevas formas de aprender y ense\u00f1ar en el campo de las pedagog\u00edas virtuales.<\/p>\n","protected":false},"featured_media":55891,"comment_status":"open","ping_status":"closed","template":"","meta":{"_et_pb_use_builder":"","_et_pb_old_content":"","_et_gb_content_width":""},"product_cat":[11899,11912,11907],"product_tag":[11888],"edicion":[12199],"editoriales":[11867],"tienda":[],"autor_id":[14073,20271,20269],"universidades_coeditoras":[20272],"palabras_clave":[],"listado_alfabetico":[],"acf":[],"_links":{"self":[{"href":"https:\/\/wizardly-davinci.82-223-8-23.plesk.page\/en\/wp-json\/wp\/v2\/product\/55880"}],"collection":[{"href":"https:\/\/wizardly-davinci.82-223-8-23.plesk.page\/en\/wp-json\/wp\/v2\/product"}],"about":[{"href":"https:\/\/wizardly-davinci.82-223-8-23.plesk.page\/en\/wp-json\/wp\/v2\/types\/product"}],"replies":[{"embeddable":true,"href":"https:\/\/wizardly-davinci.82-223-8-23.plesk.page\/en\/wp-json\/wp\/v2\/comments?post=55880"}],"wp:featuredmedia":[{"embeddable":true,"href":"https:\/\/wizardly-davinci.82-223-8-23.plesk.page\/en\/wp-json\/wp\/v2\/media\/55891"}],"wp:attachment":[{"href":"https:\/\/wizardly-davinci.82-223-8-23.plesk.page\/en\/wp-json\/wp\/v2\/media?parent=55880"}],"wp:term":[{"taxonomy":"product_cat","embeddable":true,"href":"https:\/\/wizardly-davinci.82-223-8-23.plesk.page\/en\/wp-json\/wp\/v2\/product_cat?post=55880"},{"taxonomy":"product_tag","embeddable":true,"href":"https:\/\/wizardly-davinci.82-223-8-23.plesk.page\/en\/wp-json\/wp\/v2\/product_tag?post=55880"},{"taxonomy":"edicion","embeddable":true,"href":"https:\/\/wizardly-davinci.82-223-8-23.plesk.page\/en\/wp-json\/wp\/v2\/edicion?post=55880"},{"taxonomy":"editoriales","embeddable":true,"href":"https:\/\/wizardly-davinci.82-223-8-23.plesk.page\/en\/wp-json\/wp\/v2\/editoriales?post=55880"},{"taxonomy":"tienda","embeddable":true,"href":"https:\/\/wizardly-davinci.82-223-8-23.plesk.page\/en\/wp-json\/wp\/v2\/tienda?post=55880"},{"taxonomy":"autor_id","embeddable":true,"href":"https:\/\/wizardly-davinci.82-223-8-23.plesk.page\/en\/wp-json\/wp\/v2\/autor_id?post=55880"},{"taxonomy":"universidades_coeditoras","embeddable":true,"href":"https:\/\/wizardly-davinci.82-223-8-23.plesk.page\/en\/wp-json\/wp\/v2\/universidades_coeditoras?post=55880"},{"taxonomy":"palabras_clave","embeddable":true,"href":"https:\/\/wizardly-davinci.82-223-8-23.plesk.page\/en\/wp-json\/wp\/v2\/palabras_clave?post=55880"},{"taxonomy":"listado_alfabetico","embeddable":true,"href":"https:\/\/wizardly-davinci.82-223-8-23.plesk.page\/en\/wp-json\/wp\/v2\/listado_alfabetico?post=55880"}],"curies":[{"name":"wp","href":"https:\/\/api.w.org\/{rel}","templated":true}]}}