{"id":55904,"date":"2019-04-09T23:46:39","date_gmt":"2019-04-09T21:46:39","guid":{"rendered":"https:\/\/octaedro.com\/libro\/educacion-derechos-humanos-y-responsabilidad-social\/"},"modified":"2023-02-22T13:41:03","modified_gmt":"2023-02-22T12:41:03","slug":"educacion-derechos-humanos-y-responsabilidad-social","status":"publish","type":"product","link":"https:\/\/wizardly-davinci.82-223-8-23.plesk.page\/en\/producto\/educacion-derechos-humanos-y-responsabilidad-social\/","title":{"rendered":"Educaci\u00f3n, derechos humanos y responsabilidad social"},"content":{"rendered":"<p>El presente texto aborda, desde diversas miradas, la fenomenolog\u00eda social y la diversidad como ejes transversales para la construcci\u00f3n de una ciudadan\u00eda participativa, diversa, democr\u00e1tica y cr\u00edtica. En la actualidad la complejidad est\u00e1 impl\u00edcita en la sociedad. Se generan espacios sociales, educativos, pol\u00edticos y laborales en los que urge detenerse para reflexionar, analizar evidencias y formular propuestas en torno a los tres bloques de contenido que quedan recogidos en el t\u00edtulo de esta publicaci\u00f3n: educaci\u00f3n, derechos humanos y responsabilidad social. Tres constructos que, disponiendo de entidad por s\u00ed mismos, requieren planteamientos conjuntos y coordinados en aras de optimizar la sensibilizaci\u00f3n, la concienciaci\u00f3n, el compromiso y la actuaci\u00f3n responsable.<\/p>\n<p>Contribuir a ese an\u00e1lisis es el objetivo que se pretende con la lectura de estos catorce cap\u00edtulos escritos por profesionales de la educaci\u00f3n, la comunicaci\u00f3n, el derecho y la sociolog\u00eda, en los que se abordan tem\u00e1ticas referentes a la gesti\u00f3n de conflictos, la equidad, los necesarios procesos de transformaci\u00f3n social, la sostenibilidad, los procesos de inclusi\u00f3n, la participaci\u00f3n ciudadana, la interculturalidad, la comunicaci\u00f3n, la pobreza energ\u00e9tica, el reconocimiento de la diversidad, los derechos de las minor\u00edas, las pol\u00edticas sociales en la urdimbre capitalista y las posibles acciones socioeducativas para el desarrollo de las personas.<\/p>\n","protected":false},"excerpt":{"rendered":"<p>El presente texto aborda, desde diversas miradas, la fenomenolog\u00eda social y la diversidad como ejes transversales para la construcci\u00f3n de una ciudadan\u00eda participativa, diversa, democr\u00e1tica y cr\u00edtica. En la actualidad la complejidad est\u00e1 impl\u00edcita en la sociedad. Se generan espacios sociales, educativos, pol\u00edticos y laborales en los que urge detenerse para reflexionar, analizar evidencias y formular propuestas en torno a los tres bloques de contenido que quedan recogidos en el t\u00edtulo de esta publicaci\u00f3n: educaci\u00f3n, derechos humanos y responsabilidad social. Tres constructos que, disponiendo de entidad por s\u00ed mismos, requieren planteamientos conjuntos y coordinados en aras de optimizar la sensibilizaci\u00f3n, la concienciaci\u00f3n, el compromiso y la actuaci\u00f3n responsable.<\/p>\n<p>Contribuir a ese an\u00e1lisis es el objetivo que se pretende con la lectura de estos catorce cap\u00edtulos escritos por profesionales de la educaci\u00f3n, la comunicaci\u00f3n, el derecho y la sociolog\u00eda, en los que se abordan tem\u00e1ticas referentes a la gesti\u00f3n de conflictos, la equidad, los necesarios procesos de transformaci\u00f3n social, la sostenibilidad, los procesos de inclusi\u00f3n, la participaci\u00f3n ciudadana, la interculturalidad, la comunicaci\u00f3n, la pobreza energ\u00e9tica, el reconocimiento de la diversidad, los derechos de las minor\u00edas, las pol\u00edticas sociales en la urdimbre capitalista y las posibles acciones socioeducativas para el desarrollo de las personas.<\/p>\n","protected":false},"featured_media":55912,"comment_status":"open","ping_status":"closed","template":"","meta":{"_et_pb_use_builder":"","_et_pb_old_content":"","_et_gb_content_width":""},"product_cat":[11899,11858,11859,11912],"product_tag":[11892],"edicion":[11865],"editoriales":[11867],"tienda":[],"autor_id":[13903,12234],"universidades_coeditoras":[12338],"palabras_clave":[],"listado_alfabetico":[],"acf":[],"_links":{"self":[{"href":"https:\/\/wizardly-davinci.82-223-8-23.plesk.page\/en\/wp-json\/wp\/v2\/product\/55904"}],"collection":[{"href":"https:\/\/wizardly-davinci.82-223-8-23.plesk.page\/en\/wp-json\/wp\/v2\/product"}],"about":[{"href":"https:\/\/wizardly-davinci.82-223-8-23.plesk.page\/en\/wp-json\/wp\/v2\/types\/product"}],"replies":[{"embeddable":true,"href":"https:\/\/wizardly-davinci.82-223-8-23.plesk.page\/en\/wp-json\/wp\/v2\/comments?post=55904"}],"wp:featuredmedia":[{"embeddable":true,"href":"https:\/\/wizardly-davinci.82-223-8-23.plesk.page\/en\/wp-json\/wp\/v2\/media\/55912"}],"wp:attachment":[{"href":"https:\/\/wizardly-davinci.82-223-8-23.plesk.page\/en\/wp-json\/wp\/v2\/media?parent=55904"}],"wp:term":[{"taxonomy":"product_cat","embeddable":true,"href":"https:\/\/wizardly-davinci.82-223-8-23.plesk.page\/en\/wp-json\/wp\/v2\/product_cat?post=55904"},{"taxonomy":"product_tag","embeddable":true,"href":"https:\/\/wizardly-davinci.82-223-8-23.plesk.page\/en\/wp-json\/wp\/v2\/product_tag?post=55904"},{"taxonomy":"edicion","embeddable":true,"href":"https:\/\/wizardly-davinci.82-223-8-23.plesk.page\/en\/wp-json\/wp\/v2\/edicion?post=55904"},{"taxonomy":"editoriales","embeddable":true,"href":"https:\/\/wizardly-davinci.82-223-8-23.plesk.page\/en\/wp-json\/wp\/v2\/editoriales?post=55904"},{"taxonomy":"tienda","embeddable":true,"href":"https:\/\/wizardly-davinci.82-223-8-23.plesk.page\/en\/wp-json\/wp\/v2\/tienda?post=55904"},{"taxonomy":"autor_id","embeddable":true,"href":"https:\/\/wizardly-davinci.82-223-8-23.plesk.page\/en\/wp-json\/wp\/v2\/autor_id?post=55904"},{"taxonomy":"universidades_coeditoras","embeddable":true,"href":"https:\/\/wizardly-davinci.82-223-8-23.plesk.page\/en\/wp-json\/wp\/v2\/universidades_coeditoras?post=55904"},{"taxonomy":"palabras_clave","embeddable":true,"href":"https:\/\/wizardly-davinci.82-223-8-23.plesk.page\/en\/wp-json\/wp\/v2\/palabras_clave?post=55904"},{"taxonomy":"listado_alfabetico","embeddable":true,"href":"https:\/\/wizardly-davinci.82-223-8-23.plesk.page\/en\/wp-json\/wp\/v2\/listado_alfabetico?post=55904"}],"curies":[{"name":"wp","href":"https:\/\/api.w.org\/{rel}","templated":true}]}}