{"id":55921,"date":"2019-04-09T23:46:39","date_gmt":"2019-04-09T21:46:39","guid":{"rendered":"https:\/\/octaedro.com\/libro\/el-analisis-politico-del-discurso\/"},"modified":"2023-02-22T13:41:08","modified_gmt":"2023-02-22T12:41:08","slug":"el-analisis-politico-del-discurso-2","status":"publish","type":"product","link":"https:\/\/wizardly-davinci.82-223-8-23.plesk.page\/en\/producto\/el-analisis-politico-del-discurso-2\/","title":{"rendered":"El an\u00e1lisis pol\u00edtico del discurso"},"content":{"rendered":"<p>Las condiciones existenciales de los inicios del siglo XXI han marcado diversas dislocaciones a escala global y en diversos \u00e1mbitos de la vida social. Los intelectuales que desde distintas trincheras se pronuncian por visibilizar formas de opresi\u00f3n a todas luces ileg\u00edtimas, incansablemente seguir\u00e1n proponiendo formas de refinar las armas de la lucha. El horizonte te\u00f3rico propuesto por Ernesto Laclau y Chantal Mouffe (1985), contextualizado en las investigaciones sociales, ha supuesto una aportaci\u00f3n en este campo.<\/p>\n<p>El libro que nos ofrece Juan Ram\u00f3n Rodr\u00edguez Fern\u00e1ndez es una muestra de la potencialidad de la anal\u00edtica pol\u00edtico-discursiva complementada con la creatividad del autor al desplegar su fuerza a la hora de interpretar los cursos de formaci\u00f3n para personas beneficiarias de rentas m\u00ednimas de inserci\u00f3n. El esfuerzo requerido para tal empresa ha comportado no solamente realizar una genealog\u00eda intelectual de este horizonte te\u00f3rico, su procedencia y sus fuentes, sino tambi\u00e9n la aspiraci\u00f3n de articularlo en una estrategia anal\u00edtica cualitativa de investigaci\u00f3n del caso.<\/p>\n<p>Se\u00f1ala el autor que la renta b\u00e1sica se adentra en concepciones amplias de justicia social en las cuales las nociones de bien com\u00fan, comunidad pol\u00edtica inclusiva y ciudadan\u00eda social pasan a ser centrales (Mouffe, 1998), en detrimento de las posiciones discursivas neoliberales y liberales, que entienden la justicia social como una forma limitada de lucha contra la pobreza y sustentada en los principios de libertad individual, creaci\u00f3n de riqueza y libre funcionamiento del mercado.<\/p>\n<p><strong> Rosa Nidia Buenfil Burgos<\/strong><br \/>\nUniversidad Nacional Aut\u00f3noma de M\u00e9xico<\/p>\n","protected":false},"excerpt":{"rendered":"<p>Las condiciones existenciales de los inicios del siglo XXI han marcado diversas dislocaciones a escala global y en diversos \u00e1mbitos de la vida social. Los intelectuales que desde distintas trincheras se pronuncian por visibilizar formas de opresi\u00f3n a todas luces ileg\u00edtimas, incansablemente seguir\u00e1n proponiendo formas de refinar las armas de la lucha. El horizonte te\u00f3rico propuesto por Ernesto Laclau y Chantal Mouffe (1985), contextualizado en las investigaciones sociales, ha supuesto una aportaci\u00f3n en este campo.<\/p>\n<p>El libro que nos ofrece Juan Ram\u00f3n Rodr\u00edguez Fern\u00e1ndez es una muestra de la potencialidad de la anal\u00edtica pol\u00edtico-discursiva complementada con la creatividad del autor al desplegar su fuerza a la hora de interpretar los cursos de formaci\u00f3n para personas beneficiarias de rentas m\u00ednimas de inserci\u00f3n. El esfuerzo requerido para tal empresa ha comportado no solamente realizar una genealog\u00eda intelectual de este horizonte te\u00f3rico, su procedencia y sus fuentes, sino tambi\u00e9n la aspiraci\u00f3n de articularlo en una estrategia anal\u00edtica cualitativa de investigaci\u00f3n del caso.<\/p>\n<p>Se\u00f1ala el autor que la renta b\u00e1sica se adentra en concepciones amplias de justicia social en las cuales las nociones de bien com\u00fan, comunidad pol\u00edtica inclusiva y ciudadan\u00eda social pasan a ser centrales (Mouffe, 1998), en detrimento de las posiciones discursivas neoliberales y liberales, que entienden la justicia social como una forma limitada de lucha contra la pobreza y sustentada en los principios de libertad individual, creaci\u00f3n de riqueza y libre funcionamiento del mercado.<\/p>\n<p><strong> Rosa Nidia Buenfil Burgos<\/strong><br \/>\nUniversidad Nacional Aut\u00f3noma de M\u00e9xico<\/p>\n","protected":false},"featured_media":55925,"comment_status":"open","ping_status":"closed","template":"","meta":{"_et_pb_use_builder":"","_et_pb_old_content":"","_et_gb_content_width":""},"product_cat":[11899,11858,11859,11912,11907],"product_tag":[11892],"edicion":[12199,11865],"editoriales":[11867],"tienda":[],"autor_id":[12416],"universidades_coeditoras":[19730],"palabras_clave":[],"listado_alfabetico":[],"acf":[],"_links":{"self":[{"href":"https:\/\/wizardly-davinci.82-223-8-23.plesk.page\/en\/wp-json\/wp\/v2\/product\/55921"}],"collection":[{"href":"https:\/\/wizardly-davinci.82-223-8-23.plesk.page\/en\/wp-json\/wp\/v2\/product"}],"about":[{"href":"https:\/\/wizardly-davinci.82-223-8-23.plesk.page\/en\/wp-json\/wp\/v2\/types\/product"}],"replies":[{"embeddable":true,"href":"https:\/\/wizardly-davinci.82-223-8-23.plesk.page\/en\/wp-json\/wp\/v2\/comments?post=55921"}],"wp:featuredmedia":[{"embeddable":true,"href":"https:\/\/wizardly-davinci.82-223-8-23.plesk.page\/en\/wp-json\/wp\/v2\/media\/55925"}],"wp:attachment":[{"href":"https:\/\/wizardly-davinci.82-223-8-23.plesk.page\/en\/wp-json\/wp\/v2\/media?parent=55921"}],"wp:term":[{"taxonomy":"product_cat","embeddable":true,"href":"https:\/\/wizardly-davinci.82-223-8-23.plesk.page\/en\/wp-json\/wp\/v2\/product_cat?post=55921"},{"taxonomy":"product_tag","embeddable":true,"href":"https:\/\/wizardly-davinci.82-223-8-23.plesk.page\/en\/wp-json\/wp\/v2\/product_tag?post=55921"},{"taxonomy":"edicion","embeddable":true,"href":"https:\/\/wizardly-davinci.82-223-8-23.plesk.page\/en\/wp-json\/wp\/v2\/edicion?post=55921"},{"taxonomy":"editoriales","embeddable":true,"href":"https:\/\/wizardly-davinci.82-223-8-23.plesk.page\/en\/wp-json\/wp\/v2\/editoriales?post=55921"},{"taxonomy":"tienda","embeddable":true,"href":"https:\/\/wizardly-davinci.82-223-8-23.plesk.page\/en\/wp-json\/wp\/v2\/tienda?post=55921"},{"taxonomy":"autor_id","embeddable":true,"href":"https:\/\/wizardly-davinci.82-223-8-23.plesk.page\/en\/wp-json\/wp\/v2\/autor_id?post=55921"},{"taxonomy":"universidades_coeditoras","embeddable":true,"href":"https:\/\/wizardly-davinci.82-223-8-23.plesk.page\/en\/wp-json\/wp\/v2\/universidades_coeditoras?post=55921"},{"taxonomy":"palabras_clave","embeddable":true,"href":"https:\/\/wizardly-davinci.82-223-8-23.plesk.page\/en\/wp-json\/wp\/v2\/palabras_clave?post=55921"},{"taxonomy":"listado_alfabetico","embeddable":true,"href":"https:\/\/wizardly-davinci.82-223-8-23.plesk.page\/en\/wp-json\/wp\/v2\/listado_alfabetico?post=55921"}],"curies":[{"name":"wp","href":"https:\/\/api.w.org\/{rel}","templated":true}]}}