{"id":55962,"date":"2019-04-09T23:46:41","date_gmt":"2019-04-09T21:46:41","guid":{"rendered":"https:\/\/octaedro.com\/libro\/intervenciones-efectivas-en-prevencion-familiar-de-drogas\/"},"modified":"2023-02-22T13:41:18","modified_gmt":"2023-02-22T12:41:18","slug":"intervenciones-efectivas-en-prevencion-familiar-de-drogas-2","status":"publish","type":"product","link":"https:\/\/wizardly-davinci.82-223-8-23.plesk.page\/en\/producto\/intervenciones-efectivas-en-prevencion-familiar-de-drogas-2\/","title":{"rendered":"Intervenciones efectivas en prevenci\u00f3n familiar de drogas"},"content":{"rendered":"<p>Esta obra es un estado de la cuesti\u00f3n internacional sobre la prevenci\u00f3n familiar de drogas, entrando en el detalle de las \u00faltimas aportaciones en los programas basados en la evidencia cient\u00edfica. Se adopta el enfoque del trabajo con la familia como contexto prioritario de prevenci\u00f3n del consumo desde una perspectiva socioeducativa. Entendemos que la problem\u00e1tica de las drogas es un problema familiar y, por tanto, el objetivo debe de ser el empoderamiento familiar. Desde la perspectiva del modelo ecol\u00f3gico social, la familia es un factor de riesgo y a la vez de protecci\u00f3n para el consumo de drogas. Las pr\u00e1cticas parentales y familiares son directamente se\u00f1aladas como responsables del consumo de sustancias y otros problemas de conducta durante la adolescencia.<\/p>\n","protected":false},"excerpt":{"rendered":"<p>Esta obra es un estado de la cuesti\u00f3n internacional sobre la prevenci\u00f3n familiar de drogas, entrando en el detalle de las \u00faltimas aportaciones en los programas basados en la evidencia cient\u00edfica. Se adopta el enfoque del trabajo con la familia como contexto prioritario de prevenci\u00f3n del consumo desde una perspectiva socioeducativa. Entendemos que la problem\u00e1tica de las drogas es un problema familiar y, por tanto, el objetivo debe de ser el empoderamiento familiar. Desde la perspectiva del modelo ecol\u00f3gico social, la familia es un factor de riesgo y a la vez de protecci\u00f3n para el consumo de drogas. Las pr\u00e1cticas parentales y familiares son directamente se\u00f1aladas como responsables del consumo de sustancias y otros problemas de conducta durante la adolescencia.<\/p>\n","protected":false},"featured_media":55963,"comment_status":"open","ping_status":"closed","template":"","meta":{"_et_pb_use_builder":"","_et_pb_old_content":"","_et_gb_content_width":""},"product_cat":[11858,11859,11907,11924],"product_tag":[11860],"edicion":[11865],"editoriales":[11867],"tienda":[],"autor_id":[14083,19541],"universidades_coeditoras":[14902],"palabras_clave":[],"listado_alfabetico":[],"acf":[],"_links":{"self":[{"href":"https:\/\/wizardly-davinci.82-223-8-23.plesk.page\/en\/wp-json\/wp\/v2\/product\/55962"}],"collection":[{"href":"https:\/\/wizardly-davinci.82-223-8-23.plesk.page\/en\/wp-json\/wp\/v2\/product"}],"about":[{"href":"https:\/\/wizardly-davinci.82-223-8-23.plesk.page\/en\/wp-json\/wp\/v2\/types\/product"}],"replies":[{"embeddable":true,"href":"https:\/\/wizardly-davinci.82-223-8-23.plesk.page\/en\/wp-json\/wp\/v2\/comments?post=55962"}],"wp:featuredmedia":[{"embeddable":true,"href":"https:\/\/wizardly-davinci.82-223-8-23.plesk.page\/en\/wp-json\/wp\/v2\/media\/55963"}],"wp:attachment":[{"href":"https:\/\/wizardly-davinci.82-223-8-23.plesk.page\/en\/wp-json\/wp\/v2\/media?parent=55962"}],"wp:term":[{"taxonomy":"product_cat","embeddable":true,"href":"https:\/\/wizardly-davinci.82-223-8-23.plesk.page\/en\/wp-json\/wp\/v2\/product_cat?post=55962"},{"taxonomy":"product_tag","embeddable":true,"href":"https:\/\/wizardly-davinci.82-223-8-23.plesk.page\/en\/wp-json\/wp\/v2\/product_tag?post=55962"},{"taxonomy":"edicion","embeddable":true,"href":"https:\/\/wizardly-davinci.82-223-8-23.plesk.page\/en\/wp-json\/wp\/v2\/edicion?post=55962"},{"taxonomy":"editoriales","embeddable":true,"href":"https:\/\/wizardly-davinci.82-223-8-23.plesk.page\/en\/wp-json\/wp\/v2\/editoriales?post=55962"},{"taxonomy":"tienda","embeddable":true,"href":"https:\/\/wizardly-davinci.82-223-8-23.plesk.page\/en\/wp-json\/wp\/v2\/tienda?post=55962"},{"taxonomy":"autor_id","embeddable":true,"href":"https:\/\/wizardly-davinci.82-223-8-23.plesk.page\/en\/wp-json\/wp\/v2\/autor_id?post=55962"},{"taxonomy":"universidades_coeditoras","embeddable":true,"href":"https:\/\/wizardly-davinci.82-223-8-23.plesk.page\/en\/wp-json\/wp\/v2\/universidades_coeditoras?post=55962"},{"taxonomy":"palabras_clave","embeddable":true,"href":"https:\/\/wizardly-davinci.82-223-8-23.plesk.page\/en\/wp-json\/wp\/v2\/palabras_clave?post=55962"},{"taxonomy":"listado_alfabetico","embeddable":true,"href":"https:\/\/wizardly-davinci.82-223-8-23.plesk.page\/en\/wp-json\/wp\/v2\/listado_alfabetico?post=55962"}],"curies":[{"name":"wp","href":"https:\/\/api.w.org\/{rel}","templated":true}]}}