{"id":56231,"date":"2019-04-09T23:46:38","date_gmt":"2019-04-09T21:46:38","guid":{"rendered":"https:\/\/octaedro.com\/libro\/atencion-socioeducativa-a-personas-con-discapacidad-y-o-dependencia\/"},"modified":"2023-02-22T13:41:18","modified_gmt":"2023-02-22T12:41:18","slug":"atencion-socioeducativa-a-personas-con-discapacidad-y-o-dependencia-2","status":"publish","type":"product","link":"https:\/\/wizardly-davinci.82-223-8-23.plesk.page\/en\/producto\/atencion-socioeducativa-a-personas-con-discapacidad-y-o-dependencia-2\/","title":{"rendered":"Atenci\u00f3n socioeducativa a personas con discapacidad y\/o dependencia"},"content":{"rendered":"<p>Este libro, fruto del proyecto de investigaci\u00f3n I+D+i titulado <em>Evaluaci\u00f3n de la respuesta educativa al alumnado con NEAE asociadas a Discapacidad<\/em>, re\u00fane material de car\u00e1cter te\u00f3rico-pr\u00e1ctico con una clara orientaci\u00f3n socioeducativa y, por tanto, de respuesta ante las distintas situaciones que emergen de las caracter\u00edsticas sociales contempor\u00e1neas y que afectan a estos grupos en riesgo de exclusi\u00f3n. Se pone el \u00e9nfasis en la propuesta de v\u00edas de intervenci\u00f3n que permitan desenvolverse del mejor modo posible en una sociedad marcada por una gran pluralidad, complejidad, competitividad, ritmos y din\u00e1micas. Ello propicia una sociedad desigual, en la cual las personas que presentan alg\u00fan tipo de peculiaridad por raz\u00f3n de sus caracter\u00edsticas personales, su origen, sus creencias, su orientaci\u00f3n sexual, su edad, su sexo, etc., se hallan en una situaci\u00f3n que definimos de vulnerabilidad.<\/p>\n<p>Sobre un eje focalizado en la Educaci\u00f3n para Todas las Personas, recorreremos aspectos referidos a esta vulnerabilidad, as\u00ed como a los procesos de diagn\u00f3stico de estas situaciones, las respuestas m\u00e1s acordes y el perfil y las competencias de los profesionales que desarrollan las acciones. Finalizaremos con un acercamiento al mundo digital, en donde otorgaremos un nuevo significado a las denominadas TIC (tecnolog\u00edas de la informaci\u00f3n y la comunicaci\u00f3n) y justificaremos su evoluci\u00f3n hacia las TAC (tecnolog\u00edas para aprender y conocer).<\/p>\n","protected":false},"excerpt":{"rendered":"<p>Este libro, fruto del proyecto de investigaci\u00f3n I+D+i titulado <em>Evaluaci\u00f3n de la respuesta educativa al alumnado con NEAE asociadas a Discapacidad<\/em>, re\u00fane material de car\u00e1cter te\u00f3rico-pr\u00e1ctico con una clara orientaci\u00f3n socioeducativa y, por tanto, de respuesta ante las distintas situaciones que emergen de las caracter\u00edsticas sociales contempor\u00e1neas y que afectan a estos grupos en riesgo de exclusi\u00f3n. Se pone el \u00e9nfasis en la propuesta de v\u00edas de intervenci\u00f3n que permitan desenvolverse del mejor modo posible en una sociedad marcada por una gran pluralidad, complejidad, competitividad, ritmos y din\u00e1micas. Ello propicia una sociedad desigual, en la cual las personas que presentan alg\u00fan tipo de peculiaridad por raz\u00f3n de sus caracter\u00edsticas personales, su origen, sus creencias, su orientaci\u00f3n sexual, su edad, su sexo, etc., se hallan en una situaci\u00f3n que definimos de vulnerabilidad.<\/p>\n<p>Sobre un eje focalizado en la Educaci\u00f3n para Todas las Personas, recorreremos aspectos referidos a esta vulnerabilidad, as\u00ed como a los procesos de diagn\u00f3stico de estas situaciones, las respuestas m\u00e1s acordes y el perfil y las competencias de los profesionales que desarrollan las acciones. Finalizaremos con un acercamiento al mundo digital, en donde otorgaremos un nuevo significado a las denominadas TIC (tecnolog\u00edas de la informaci\u00f3n y la comunicaci\u00f3n) y justificaremos su evoluci\u00f3n hacia las TAC (tecnolog\u00edas para aprender y conocer).<\/p>\n","protected":false},"featured_media":56232,"comment_status":"open","ping_status":"closed","template":"","meta":{"_et_pb_use_builder":"","_et_pb_old_content":"","_et_gb_content_width":""},"product_cat":[11899,11912,11907],"product_tag":[11888],"edicion":[12199],"editoriales":[11867],"tienda":[],"autor_id":[20352],"universidades_coeditoras":[12404],"palabras_clave":[],"listado_alfabetico":[],"acf":[],"_links":{"self":[{"href":"https:\/\/wizardly-davinci.82-223-8-23.plesk.page\/en\/wp-json\/wp\/v2\/product\/56231"}],"collection":[{"href":"https:\/\/wizardly-davinci.82-223-8-23.plesk.page\/en\/wp-json\/wp\/v2\/product"}],"about":[{"href":"https:\/\/wizardly-davinci.82-223-8-23.plesk.page\/en\/wp-json\/wp\/v2\/types\/product"}],"replies":[{"embeddable":true,"href":"https:\/\/wizardly-davinci.82-223-8-23.plesk.page\/en\/wp-json\/wp\/v2\/comments?post=56231"}],"wp:featuredmedia":[{"embeddable":true,"href":"https:\/\/wizardly-davinci.82-223-8-23.plesk.page\/en\/wp-json\/wp\/v2\/media\/56232"}],"wp:attachment":[{"href":"https:\/\/wizardly-davinci.82-223-8-23.plesk.page\/en\/wp-json\/wp\/v2\/media?parent=56231"}],"wp:term":[{"taxonomy":"product_cat","embeddable":true,"href":"https:\/\/wizardly-davinci.82-223-8-23.plesk.page\/en\/wp-json\/wp\/v2\/product_cat?post=56231"},{"taxonomy":"product_tag","embeddable":true,"href":"https:\/\/wizardly-davinci.82-223-8-23.plesk.page\/en\/wp-json\/wp\/v2\/product_tag?post=56231"},{"taxonomy":"edicion","embeddable":true,"href":"https:\/\/wizardly-davinci.82-223-8-23.plesk.page\/en\/wp-json\/wp\/v2\/edicion?post=56231"},{"taxonomy":"editoriales","embeddable":true,"href":"https:\/\/wizardly-davinci.82-223-8-23.plesk.page\/en\/wp-json\/wp\/v2\/editoriales?post=56231"},{"taxonomy":"tienda","embeddable":true,"href":"https:\/\/wizardly-davinci.82-223-8-23.plesk.page\/en\/wp-json\/wp\/v2\/tienda?post=56231"},{"taxonomy":"autor_id","embeddable":true,"href":"https:\/\/wizardly-davinci.82-223-8-23.plesk.page\/en\/wp-json\/wp\/v2\/autor_id?post=56231"},{"taxonomy":"universidades_coeditoras","embeddable":true,"href":"https:\/\/wizardly-davinci.82-223-8-23.plesk.page\/en\/wp-json\/wp\/v2\/universidades_coeditoras?post=56231"},{"taxonomy":"palabras_clave","embeddable":true,"href":"https:\/\/wizardly-davinci.82-223-8-23.plesk.page\/en\/wp-json\/wp\/v2\/palabras_clave?post=56231"},{"taxonomy":"listado_alfabetico","embeddable":true,"href":"https:\/\/wizardly-davinci.82-223-8-23.plesk.page\/en\/wp-json\/wp\/v2\/listado_alfabetico?post=56231"}],"curies":[{"name":"wp","href":"https:\/\/api.w.org\/{rel}","templated":true}]}}