{"id":56233,"date":"2019-04-09T23:46:38","date_gmt":"2019-04-09T21:46:38","guid":{"rendered":"https:\/\/octaedro.com\/libro\/la-escuela-no-es-para-ti\/"},"modified":"2023-02-22T13:41:18","modified_gmt":"2023-02-22T12:41:18","slug":"la-escuela-no-es-para-ti","status":"publish","type":"product","link":"https:\/\/wizardly-davinci.82-223-8-23.plesk.page\/en\/producto\/la-escuela-no-es-para-ti\/","title":{"rendered":"La escuela no es para ti"},"content":{"rendered":"<p>\u00bfQu\u00e9 rol desempe\u00f1an los centros educativos en la explicaci\u00f3n de los niveles de abandono escolar que caracterizan al sistema educativo espa\u00f1ol? \u00bfCu\u00e1l es el margen de maniobra desde la acci\u00f3n y la pol\u00edtica educativa para combatir las todav\u00eda alarmantes tasas de fracaso y abandono que hay en nuestro pa\u00eds? \u00bfC\u00f3mo explican los docentes esta situaci\u00f3n que viven en sus aulas? \u00bfC\u00f3mo entienden su rol ante la misma? \u00bfC\u00f3mo viven los j\u00f3venes su escolaridad y c\u00f3mo se enfrentan a la vivencia del \u00e9xito, el fracaso o el abandono escolar? Estas son las preguntas clave de este libro, que se adentra en la comprensi\u00f3n de los procesos de \u00e9xito, fracaso y abandono escolar desde el interior de los centros educativos, poniendo a sus protagonistas \u2013equipos directivos, profesorado y alumnado\u2013 en el centro del debate.<\/p>\n<p>El libro, dirigido a profesionales del sector de la educaci\u00f3n (docentes, t\u00e9cnicos, responsables de pol\u00edticas educativas), a investigadores del \u00e1mbito educativo y a estudiantes de diferentes niveles educativos, permite analizar los procesos contempor\u00e1neos de \u00e9xito, fracaso y abandono escolar desde la perspectiva de la exclusi\u00f3n educativa y la justicia escolar, y atribuye un papel clave a las voces, experiencias y vivencias de docentes y j\u00f3venes en la comprensi\u00f3n de estos procesos.<\/p>\n","protected":false},"excerpt":{"rendered":"<p>\u00bfQu\u00e9 rol desempe\u00f1an los centros educativos en la explicaci\u00f3n de los niveles de abandono escolar que caracterizan al sistema educativo espa\u00f1ol? \u00bfCu\u00e1l es el margen de maniobra desde la acci\u00f3n y la pol\u00edtica educativa para combatir las todav\u00eda alarmantes tasas de fracaso y abandono que hay en nuestro pa\u00eds? \u00bfC\u00f3mo explican los docentes esta situaci\u00f3n que viven en sus aulas? \u00bfC\u00f3mo entienden su rol ante la misma? \u00bfC\u00f3mo viven los j\u00f3venes su escolaridad y c\u00f3mo se enfrentan a la vivencia del \u00e9xito, el fracaso o el abandono escolar? Estas son las preguntas clave de este libro, que se adentra en la comprensi\u00f3n de los procesos de \u00e9xito, fracaso y abandono escolar desde el interior de los centros educativos, poniendo a sus protagonistas \u2013equipos directivos, profesorado y alumnado\u2013 en el centro del debate.<\/p>\n<p>El libro, dirigido a profesionales del sector de la educaci\u00f3n (docentes, t\u00e9cnicos, responsables de pol\u00edticas educativas), a investigadores del \u00e1mbito educativo y a estudiantes de diferentes niveles educativos, permite analizar los procesos contempor\u00e1neos de \u00e9xito, fracaso y abandono escolar desde la perspectiva de la exclusi\u00f3n educativa y la justicia escolar, y atribuye un papel clave a las voces, experiencias y vivencias de docentes y j\u00f3venes en la comprensi\u00f3n de estos procesos.<\/p>\n","protected":false},"featured_media":56234,"comment_status":"open","ping_status":"closed","template":"","meta":{"_et_pb_use_builder":"","_et_pb_old_content":"","_et_gb_content_width":""},"product_cat":[11858,11859,11907],"product_tag":[11860],"edicion":[11865],"editoriales":[11867],"tienda":[],"autor_id":[20354],"universidades_coeditoras":[14893],"palabras_clave":[],"listado_alfabetico":[],"acf":[],"_links":{"self":[{"href":"https:\/\/wizardly-davinci.82-223-8-23.plesk.page\/en\/wp-json\/wp\/v2\/product\/56233"}],"collection":[{"href":"https:\/\/wizardly-davinci.82-223-8-23.plesk.page\/en\/wp-json\/wp\/v2\/product"}],"about":[{"href":"https:\/\/wizardly-davinci.82-223-8-23.plesk.page\/en\/wp-json\/wp\/v2\/types\/product"}],"replies":[{"embeddable":true,"href":"https:\/\/wizardly-davinci.82-223-8-23.plesk.page\/en\/wp-json\/wp\/v2\/comments?post=56233"}],"wp:featuredmedia":[{"embeddable":true,"href":"https:\/\/wizardly-davinci.82-223-8-23.plesk.page\/en\/wp-json\/wp\/v2\/media\/56234"}],"wp:attachment":[{"href":"https:\/\/wizardly-davinci.82-223-8-23.plesk.page\/en\/wp-json\/wp\/v2\/media?parent=56233"}],"wp:term":[{"taxonomy":"product_cat","embeddable":true,"href":"https:\/\/wizardly-davinci.82-223-8-23.plesk.page\/en\/wp-json\/wp\/v2\/product_cat?post=56233"},{"taxonomy":"product_tag","embeddable":true,"href":"https:\/\/wizardly-davinci.82-223-8-23.plesk.page\/en\/wp-json\/wp\/v2\/product_tag?post=56233"},{"taxonomy":"edicion","embeddable":true,"href":"https:\/\/wizardly-davinci.82-223-8-23.plesk.page\/en\/wp-json\/wp\/v2\/edicion?post=56233"},{"taxonomy":"editoriales","embeddable":true,"href":"https:\/\/wizardly-davinci.82-223-8-23.plesk.page\/en\/wp-json\/wp\/v2\/editoriales?post=56233"},{"taxonomy":"tienda","embeddable":true,"href":"https:\/\/wizardly-davinci.82-223-8-23.plesk.page\/en\/wp-json\/wp\/v2\/tienda?post=56233"},{"taxonomy":"autor_id","embeddable":true,"href":"https:\/\/wizardly-davinci.82-223-8-23.plesk.page\/en\/wp-json\/wp\/v2\/autor_id?post=56233"},{"taxonomy":"universidades_coeditoras","embeddable":true,"href":"https:\/\/wizardly-davinci.82-223-8-23.plesk.page\/en\/wp-json\/wp\/v2\/universidades_coeditoras?post=56233"},{"taxonomy":"palabras_clave","embeddable":true,"href":"https:\/\/wizardly-davinci.82-223-8-23.plesk.page\/en\/wp-json\/wp\/v2\/palabras_clave?post=56233"},{"taxonomy":"listado_alfabetico","embeddable":true,"href":"https:\/\/wizardly-davinci.82-223-8-23.plesk.page\/en\/wp-json\/wp\/v2\/listado_alfabetico?post=56233"}],"curies":[{"name":"wp","href":"https:\/\/api.w.org\/{rel}","templated":true}]}}