{"id":56235,"date":"2019-04-09T23:46:37","date_gmt":"2019-04-09T21:46:37","guid":{"rendered":"https:\/\/octaedro.com\/libro\/envejecimiento-activo\/"},"modified":"2023-02-22T13:41:18","modified_gmt":"2023-02-22T12:41:18","slug":"envejecimiento-activo-2","status":"publish","type":"product","link":"https:\/\/wizardly-davinci.82-223-8-23.plesk.page\/en\/producto\/envejecimiento-activo-2\/","title":{"rendered":"Envejecimiento activo"},"content":{"rendered":"<p>Actualmente los vertiginosos cambios sociodemogr\u00e1ficos ponen el acento en la necesidad de centrarnos en la poblaci\u00f3n adulta y adulta mayor desde la intervenci\u00f3n socioeducativa, reconociendo que \u00e9sta necesita de distintos tipos de miradas o enfoques. Este manual pretende presentar algunos de los campos de intervenci\u00f3n socioeducativa que podemos desarrollar orientados en la poblaci\u00f3n de personas adultas y adultas mayores. Algunos de los aspectos que abordamos son la profundizaci\u00f3n en el conocimiento sobre el proceso de envejecimiento, el envejecimiento activo, la animaci\u00f3n sociocultural, la Educaci\u00f3n para el Desarrollo como herramienta de convivencia, los recursos tecnol\u00f3gicos, el enfrentamiento desde una perspectiva social y educativa a la cuesti\u00f3n vital de la muerte, educaci\u00f3n socioambiental y ciudadana, entre otras cuestiones. En definitiva, las autoras consideramos que se presenta una obra muy completa, en la que se trata con claridad y rigor algunos de los temes m\u00e1s destacados en relaci\u00f3n a los entornos socioeducativos y los procesos del envejecimiento activo.<\/p>\n<p>El presente manual se dirige a aquellas personas que desde una perspectiva socioeducativa se encuentran vinculadas al colectivo de personas adultas y adultas mayores, as\u00ed como a quienes se encuentran en un proceso de formaci\u00f3n inicial o especializaci\u00f3n.<\/p>\n","protected":false},"excerpt":{"rendered":"<p>Actualmente los vertiginosos cambios sociodemogr\u00e1ficos ponen el acento en la necesidad de centrarnos en la poblaci\u00f3n adulta y adulta mayor desde la intervenci\u00f3n socioeducativa, reconociendo que \u00e9sta necesita de distintos tipos de miradas o enfoques. Este manual pretende presentar algunos de los campos de intervenci\u00f3n socioeducativa que podemos desarrollar orientados en la poblaci\u00f3n de personas adultas y adultas mayores. Algunos de los aspectos que abordamos son la profundizaci\u00f3n en el conocimiento sobre el proceso de envejecimiento, el envejecimiento activo, la animaci\u00f3n sociocultural, la Educaci\u00f3n para el Desarrollo como herramienta de convivencia, los recursos tecnol\u00f3gicos, el enfrentamiento desde una perspectiva social y educativa a la cuesti\u00f3n vital de la muerte, educaci\u00f3n socioambiental y ciudadana, entre otras cuestiones. En definitiva, las autoras consideramos que se presenta una obra muy completa, en la que se trata con claridad y rigor algunos de los temes m\u00e1s destacados en relaci\u00f3n a los entornos socioeducativos y los procesos del envejecimiento activo.<\/p>\n<p>El presente manual se dirige a aquellas personas que desde una perspectiva socioeducativa se encuentran vinculadas al colectivo de personas adultas y adultas mayores, as\u00ed como a quienes se encuentran en un proceso de formaci\u00f3n inicial o especializaci\u00f3n.<\/p>\n","protected":false},"featured_media":56236,"comment_status":"open","ping_status":"closed","template":"","meta":{"_et_pb_use_builder":"","_et_pb_old_content":"","_et_gb_content_width":""},"product_cat":[11899,11912,11907],"product_tag":[11888],"edicion":[12199,11865],"editoriales":[11867],"tienda":[],"autor_id":[14174,20356,19395],"universidades_coeditoras":[12270],"palabras_clave":[],"listado_alfabetico":[],"acf":[],"_links":{"self":[{"href":"https:\/\/wizardly-davinci.82-223-8-23.plesk.page\/en\/wp-json\/wp\/v2\/product\/56235"}],"collection":[{"href":"https:\/\/wizardly-davinci.82-223-8-23.plesk.page\/en\/wp-json\/wp\/v2\/product"}],"about":[{"href":"https:\/\/wizardly-davinci.82-223-8-23.plesk.page\/en\/wp-json\/wp\/v2\/types\/product"}],"replies":[{"embeddable":true,"href":"https:\/\/wizardly-davinci.82-223-8-23.plesk.page\/en\/wp-json\/wp\/v2\/comments?post=56235"}],"wp:featuredmedia":[{"embeddable":true,"href":"https:\/\/wizardly-davinci.82-223-8-23.plesk.page\/en\/wp-json\/wp\/v2\/media\/56236"}],"wp:attachment":[{"href":"https:\/\/wizardly-davinci.82-223-8-23.plesk.page\/en\/wp-json\/wp\/v2\/media?parent=56235"}],"wp:term":[{"taxonomy":"product_cat","embeddable":true,"href":"https:\/\/wizardly-davinci.82-223-8-23.plesk.page\/en\/wp-json\/wp\/v2\/product_cat?post=56235"},{"taxonomy":"product_tag","embeddable":true,"href":"https:\/\/wizardly-davinci.82-223-8-23.plesk.page\/en\/wp-json\/wp\/v2\/product_tag?post=56235"},{"taxonomy":"edicion","embeddable":true,"href":"https:\/\/wizardly-davinci.82-223-8-23.plesk.page\/en\/wp-json\/wp\/v2\/edicion?post=56235"},{"taxonomy":"editoriales","embeddable":true,"href":"https:\/\/wizardly-davinci.82-223-8-23.plesk.page\/en\/wp-json\/wp\/v2\/editoriales?post=56235"},{"taxonomy":"tienda","embeddable":true,"href":"https:\/\/wizardly-davinci.82-223-8-23.plesk.page\/en\/wp-json\/wp\/v2\/tienda?post=56235"},{"taxonomy":"autor_id","embeddable":true,"href":"https:\/\/wizardly-davinci.82-223-8-23.plesk.page\/en\/wp-json\/wp\/v2\/autor_id?post=56235"},{"taxonomy":"universidades_coeditoras","embeddable":true,"href":"https:\/\/wizardly-davinci.82-223-8-23.plesk.page\/en\/wp-json\/wp\/v2\/universidades_coeditoras?post=56235"},{"taxonomy":"palabras_clave","embeddable":true,"href":"https:\/\/wizardly-davinci.82-223-8-23.plesk.page\/en\/wp-json\/wp\/v2\/palabras_clave?post=56235"},{"taxonomy":"listado_alfabetico","embeddable":true,"href":"https:\/\/wizardly-davinci.82-223-8-23.plesk.page\/en\/wp-json\/wp\/v2\/listado_alfabetico?post=56235"}],"curies":[{"name":"wp","href":"https:\/\/api.w.org\/{rel}","templated":true}]}}