{"id":56237,"date":"2019-04-09T23:46:37","date_gmt":"2019-04-09T21:46:37","guid":{"rendered":"https:\/\/octaedro.com\/libro\/violencias-de-genero-en-entornos-virtuales\/"},"modified":"2023-02-22T13:41:18","modified_gmt":"2023-02-22T12:41:18","slug":"violencias-de-genero-en-entornos-virtuales-2","status":"publish","type":"product","link":"https:\/\/wizardly-davinci.82-223-8-23.plesk.page\/en\/producto\/violencias-de-genero-en-entornos-virtuales-2\/","title":{"rendered":"Violencias de g\u00e9nero en entornos virtuales"},"content":{"rendered":"<p>Informes internacionales recientes alertan de que el progresivo alcance de Internet y el uso generalizado de las redes sociales han convertido la ciberviolencia contra mujeres y ni\u00f1as en un problema mundial, hasta el punto de que se estima que una de cada diez mujeres a partir de los 15 a\u00f1os de edad ya ha sufrido alguna forma de ciberviolencia y que una de cada tres la sufrir\u00e1 a lo largo de su vida.<\/p>\n<p>Estamos ante un fen\u00f3meno que va m\u00e1s all\u00e1 del ciberespacio, pues estas manifestaciones de la violencia en entornos virtuales forman parte de la propia estrategia de violencia que se ejerce contra adolescentes y j\u00f3venes, que se vale de procedimientos diversos muy eficaces no solo por su capacidad de control, sino tambi\u00e9n por lo sencillo que resulta camuflar las acciones en un ambiente de \u00abnormalidad\u00bb.<\/p>\n<p>Este libro pretende ayudar a identificar las manifestaciones de la violencia de g\u00e9nero que se producen en estos entornos, as\u00ed como dar a conocer propuestas e iniciativas que se est\u00e1n desarrollando para responder a las necesidades que plantea esta realidad.<\/p>\n<p>La obra, en la que participan un grupo de docentes que han trabajado en este campo, busca compartir el conocimiento que han obtenido gracias a sus investigaciones, las cuales aportan algunas claves de cara a la intervenci\u00f3n educativa. El libro incluye cifras y datos sobre la situaci\u00f3n actual, a la vez que ofrece a centros educativos, familias y agentes socializadores propuestas de actuaci\u00f3n creativas y novedosas sobre c\u00f3mo prevenir e intervenir en lo que concierne a las violencias en los espacios virtuales.<\/p>\n<p>El libro nos introduce en esos entornos virtuales y nos revela todo el significado y la estrategia de la violencia contra la mujer que se canalizan a trav\u00e9s de las nuevas tecnolog\u00edas. Y lo hace centr\u00e1ndose en todos los elementos involucrados: las caracter\u00edsticas de los agresores, la forma en que se ejerce esa violencia, el contexto que la disimula y, muy importante, las circunstancias de las mujeres que la sufren, especialmente las m\u00e1s j\u00f3venes.<\/p>\n","protected":false},"excerpt":{"rendered":"<p>Informes internacionales recientes alertan de que el progresivo alcance de Internet y el uso generalizado de las redes sociales han convertido la ciberviolencia contra mujeres y ni\u00f1as en un problema mundial, hasta el punto de que se estima que una de cada diez mujeres a partir de los 15 a\u00f1os de edad ya ha sufrido alguna forma de ciberviolencia y que una de cada tres la sufrir\u00e1 a lo largo de su vida.<\/p>\n<p>Estamos ante un fen\u00f3meno que va m\u00e1s all\u00e1 del ciberespacio, pues estas manifestaciones de la violencia en entornos virtuales forman parte de la propia estrategia de violencia que se ejerce contra adolescentes y j\u00f3venes, que se vale de procedimientos diversos muy eficaces no solo por su capacidad de control, sino tambi\u00e9n por lo sencillo que resulta camuflar las acciones en un ambiente de \u00abnormalidad\u00bb.<\/p>\n<p>Este libro pretende ayudar a identificar las manifestaciones de la violencia de g\u00e9nero que se producen en estos entornos, as\u00ed como dar a conocer propuestas e iniciativas que se est\u00e1n desarrollando para responder a las necesidades que plantea esta realidad.<\/p>\n<p>La obra, en la que participan un grupo de docentes que han trabajado en este campo, busca compartir el conocimiento que han obtenido gracias a sus investigaciones, las cuales aportan algunas claves de cara a la intervenci\u00f3n educativa. El libro incluye cifras y datos sobre la situaci\u00f3n actual, a la vez que ofrece a centros educativos, familias y agentes socializadores propuestas de actuaci\u00f3n creativas y novedosas sobre c\u00f3mo prevenir e intervenir en lo que concierne a las violencias en los espacios virtuales.<\/p>\n<p>El libro nos introduce en esos entornos virtuales y nos revela todo el significado y la estrategia de la violencia contra la mujer que se canalizan a trav\u00e9s de las nuevas tecnolog\u00edas. Y lo hace centr\u00e1ndose en todos los elementos involucrados: las caracter\u00edsticas de los agresores, la forma en que se ejerce esa violencia, el contexto que la disimula y, muy importante, las circunstancias de las mujeres que la sufren, especialmente las m\u00e1s j\u00f3venes.<\/p>\n","protected":false},"featured_media":56238,"comment_status":"open","ping_status":"closed","template":"","meta":{"_et_pb_use_builder":"","_et_pb_old_content":"","_et_gb_content_width":""},"product_cat":[11899,11858,11859,11912,11907],"product_tag":[11892],"edicion":[12199,11865],"editoriales":[11867],"tienda":[],"autor_id":[13956,20358],"universidades_coeditoras":[],"palabras_clave":[],"listado_alfabetico":[],"acf":[],"_links":{"self":[{"href":"https:\/\/wizardly-davinci.82-223-8-23.plesk.page\/en\/wp-json\/wp\/v2\/product\/56237"}],"collection":[{"href":"https:\/\/wizardly-davinci.82-223-8-23.plesk.page\/en\/wp-json\/wp\/v2\/product"}],"about":[{"href":"https:\/\/wizardly-davinci.82-223-8-23.plesk.page\/en\/wp-json\/wp\/v2\/types\/product"}],"replies":[{"embeddable":true,"href":"https:\/\/wizardly-davinci.82-223-8-23.plesk.page\/en\/wp-json\/wp\/v2\/comments?post=56237"}],"wp:featuredmedia":[{"embeddable":true,"href":"https:\/\/wizardly-davinci.82-223-8-23.plesk.page\/en\/wp-json\/wp\/v2\/media\/56238"}],"wp:attachment":[{"href":"https:\/\/wizardly-davinci.82-223-8-23.plesk.page\/en\/wp-json\/wp\/v2\/media?parent=56237"}],"wp:term":[{"taxonomy":"product_cat","embeddable":true,"href":"https:\/\/wizardly-davinci.82-223-8-23.plesk.page\/en\/wp-json\/wp\/v2\/product_cat?post=56237"},{"taxonomy":"product_tag","embeddable":true,"href":"https:\/\/wizardly-davinci.82-223-8-23.plesk.page\/en\/wp-json\/wp\/v2\/product_tag?post=56237"},{"taxonomy":"edicion","embeddable":true,"href":"https:\/\/wizardly-davinci.82-223-8-23.plesk.page\/en\/wp-json\/wp\/v2\/edicion?post=56237"},{"taxonomy":"editoriales","embeddable":true,"href":"https:\/\/wizardly-davinci.82-223-8-23.plesk.page\/en\/wp-json\/wp\/v2\/editoriales?post=56237"},{"taxonomy":"tienda","embeddable":true,"href":"https:\/\/wizardly-davinci.82-223-8-23.plesk.page\/en\/wp-json\/wp\/v2\/tienda?post=56237"},{"taxonomy":"autor_id","embeddable":true,"href":"https:\/\/wizardly-davinci.82-223-8-23.plesk.page\/en\/wp-json\/wp\/v2\/autor_id?post=56237"},{"taxonomy":"universidades_coeditoras","embeddable":true,"href":"https:\/\/wizardly-davinci.82-223-8-23.plesk.page\/en\/wp-json\/wp\/v2\/universidades_coeditoras?post=56237"},{"taxonomy":"palabras_clave","embeddable":true,"href":"https:\/\/wizardly-davinci.82-223-8-23.plesk.page\/en\/wp-json\/wp\/v2\/palabras_clave?post=56237"},{"taxonomy":"listado_alfabetico","embeddable":true,"href":"https:\/\/wizardly-davinci.82-223-8-23.plesk.page\/en\/wp-json\/wp\/v2\/listado_alfabetico?post=56237"}],"curies":[{"name":"wp","href":"https:\/\/api.w.org\/{rel}","templated":true}]}}